{"id":46682,"date":"2024-07-30T19:46:24","date_gmt":"2024-09-11T16:04:41","guid":{"rendered":"https:\/\/staging.nbg.eu\/product\/iosso-rifle-brush\/"},"modified":"2024-09-11T16:06:36","modified_gmt":"2024-09-11T16:06:36","slug":"perie-pentru-pusca-iosso","status":"publish","type":"product","link":"https:\/\/staging.nbg.eu\/ro\/produs\/perie-pentru-pusca-iosso\/","title":{"rendered":"Perie pentru Pusca Iosso"},"content":{"rendered":"<p>\nPerie pentru pu\u0219c\u0103 de culoare albastru cobalt de la Iosso Products. Caracteristici:<\/p>\n<ul>\n<li>Fire mai groase \u0219i mai rigide pentru cur\u0103\u021bare \u00een ambele direc\u021bii<\/li>\n<li>\u00cenf\u0103\u0219urare str\u00e2ns\u0103 cu mai multe fire pe centimetru<\/li>\n<li>Reutilizabil\u0103 de mai multe ori<\/li>\n<li>Potrivit\u0103 pentru utilizare cu solu\u021bia de cur\u0103\u021bare Iosso Bore Cleaner<\/li>\n<li>\u00cendep\u0103rteaz\u0103 toate tipurile de reziduuri<\/li>\n<li>Reduce semnificativ timpul de cur\u0103\u021bare<\/li>\n<\/ul>\n<p>Ofer\u0103 o cur\u0103\u021bare eficient\u0103 a \u021bevii.<\/p>\n","protected":false},"excerpt":{"rendered":"<p>Perie de pu\u0219c\u0103 durabil\u0103, de culoare albastru cobalt, pentru o cur\u0103\u021bare eficient\u0103 \u0219i de lung\u0103 durat\u0103 a \u021bevii.<\/p>\n","protected":false},"featured_media":107431,"template":"","meta":{"_acf_changed":false},"product_brand":[11474],"product_cat":[12776,12803],"product_tag":[],"class_list":{"0":"post-46682","1":"product","2":"type-product","3":"status-publish","4":"has-post-thumbnail","6":"product_brand-iosso","7":"product_cat-curatare-arme","8":"product_cat-perii","10":"first","11":"instock","12":"taxable","13":"shipping-taxable","14":"purchasable","15":"product-type-variable","16":"wvs-archive-product-wrapper"},"acf":[],"_links":{"self":[{"href":"https:\/\/staging.nbg.eu\/ro\/wp-json\/wp\/v2\/product\/46682","targetHints":{"allow":["GET"]}}],"collection":[{"href":"https:\/\/staging.nbg.eu\/ro\/wp-json\/wp\/v2\/product"}],"about":[{"href":"https:\/\/staging.nbg.eu\/ro\/wp-json\/wp\/v2\/types\/product"}],"wp:featuredmedia":[{"embeddable":true,"href":"https:\/\/staging.nbg.eu\/ro\/wp-json\/wp\/v2\/media\/107431"}],"wp:attachment":[{"href":"https:\/\/staging.nbg.eu\/ro\/wp-json\/wp\/v2\/media?parent=46682"}],"wp:term":[{"taxonomy":"product_brand","embeddable":true,"href":"https:\/\/staging.nbg.eu\/ro\/wp-json\/wp\/v2\/product_brand?post=46682"},{"taxonomy":"product_cat","embeddable":true,"href":"https:\/\/staging.nbg.eu\/ro\/wp-json\/wp\/v2\/product_cat?post=46682"},{"taxonomy":"product_tag","embeddable":true,"href":"https:\/\/staging.nbg.eu\/ro\/wp-json\/wp\/v2\/product_tag?post=46682"}],"curies":[{"name":"wp","href":"https:\/\/api.w.org\/{rel}","templated":true}]}}