{"id":46487,"date":"2024-07-31T20:54:52","date_gmt":"2024-09-11T15:53:15","guid":{"rendered":"https:\/\/staging.nbg.eu\/product\/shotgun-brush\/"},"modified":"2024-09-11T15:54:08","modified_gmt":"2024-09-11T15:54:08","slug":"perie-pentru-pusca-de-vanatoare","status":"publish","type":"product","link":"https:\/\/staging.nbg.eu\/ro\/produs\/perie-pentru-pusca-de-vanatoare\/","title":{"rendered":"Perie pentru Pusca de Vanatoare"},"content":{"rendered":"<p>\nPerie pentru pu\u0219c\u0103 de la Iosso Products. Caracteristici:<\/p>\n<ul>\n<li>Fibre mai groase \u0219i mai rigide pentru cur\u0103\u021bare \u00een ambele direc\u021bii<\/li>\n<li>Str\u00e2ns \u00eenf\u0103\u0219urat\u0103 cu mai multe fibre pe centimetru<\/li>\n<li>Reutilizabil\u0103 de mai multe ori<\/li>\n<li>Potrivit\u0103 pentru utilizare cu solu\u021bia de cur\u0103\u021bare Iosso Bore Cleaner<\/li>\n<li>\u00cendep\u0103rteaz\u0103 toate tipurile de reziduuri<\/li>\n<li>Reduce semnificativ timpul de cur\u0103\u021bare<\/li>\n<\/ul>\n<p>Cur\u0103\u021bare eficient\u0103 a \u021bevii.<\/p>\n","protected":false},"excerpt":{"rendered":"<p>Perie de cur\u0103\u021bare premium, de culoare albastru cobalt, pentru o cur\u0103\u021bare eficient\u0103 \u0219i minu\u021bioas\u0103 a pu\u0219tii.<\/p>\n","protected":false},"featured_media":46488,"template":"","meta":{"_acf_changed":false},"product_brand":[],"product_cat":[12776,12803],"product_tag":[],"class_list":{"0":"post-46487","1":"product","2":"type-product","3":"status-publish","4":"has-post-thumbnail","6":"product_cat-curatare-arme","7":"product_cat-perii","9":"first","10":"instock","11":"taxable","12":"shipping-taxable","13":"purchasable","14":"product-type-variable","15":"wvs-archive-product-wrapper"},"acf":[],"_links":{"self":[{"href":"https:\/\/staging.nbg.eu\/ro\/wp-json\/wp\/v2\/product\/46487","targetHints":{"allow":["GET"]}}],"collection":[{"href":"https:\/\/staging.nbg.eu\/ro\/wp-json\/wp\/v2\/product"}],"about":[{"href":"https:\/\/staging.nbg.eu\/ro\/wp-json\/wp\/v2\/types\/product"}],"wp:featuredmedia":[{"embeddable":true,"href":"https:\/\/staging.nbg.eu\/ro\/wp-json\/wp\/v2\/media\/46488"}],"wp:attachment":[{"href":"https:\/\/staging.nbg.eu\/ro\/wp-json\/wp\/v2\/media?parent=46487"}],"wp:term":[{"taxonomy":"product_brand","embeddable":true,"href":"https:\/\/staging.nbg.eu\/ro\/wp-json\/wp\/v2\/product_brand?post=46487"},{"taxonomy":"product_cat","embeddable":true,"href":"https:\/\/staging.nbg.eu\/ro\/wp-json\/wp\/v2\/product_cat?post=46487"},{"taxonomy":"product_tag","embeddable":true,"href":"https:\/\/staging.nbg.eu\/ro\/wp-json\/wp\/v2\/product_tag?post=46487"}],"curies":[{"name":"wp","href":"https:\/\/api.w.org\/{rel}","templated":true}]}}