{"id":46342,"date":"2024-07-31T20:30:37","date_gmt":"2024-09-11T15:46:04","guid":{"rendered":"https:\/\/staging.nbg.eu\/product\/fox-ammunition-65-creed-123-gr\/"},"modified":"2024-09-11T15:46:57","modified_gmt":"2024-09-11T15:46:57","slug":"munitie-fox-65-creed-123-gr","status":"publish","type":"product","link":"https:\/\/staging.nbg.eu\/ro\/produs\/munitie-fox-65-creed-123-gr\/","title":{"rendered":"Munitie Fox 6,5 Creed. &#8211; 123 gr"},"content":{"rendered":"<h2>Fox Ammunition 6.5 Creed &#8211; 123 gr<\/h2>\n<p>Fox Ammunition 6.5 Creed 123 gr folose\u0219te glon\u021bul Fox Classic. Aceste proiectile f\u0103r\u0103 plumb sunt fabricate dintr-un aliaj de cupru \u0219i zinc.<\/p>\n<ul>\n<li>Compozi\u021bie f\u0103r\u0103 plumb<\/li>\n<li>Design cu caneluri pentru presiune redus\u0103 \u00een \u021beav\u0103 \u0219i vitez\u0103 crescut\u0103<\/li>\n<li>V\u00e2rf de plastic termostabil pentru balistic\u0103 \u0219i efect terminal \u00eembun\u0103t\u0103\u021bit<\/li>\n<li>Expansiune controlat\u0103 pentru transfer optim de energie<\/li>\n<li>Eficace de la distan\u021b\u0103 mic\u0103 p\u00e2n\u0103 la distan\u021b\u0103 mare<\/li>\n<li>Putere de oprire cu deteriorare minim\u0103 a c\u0103rnii<\/li>\n<\/ul>\n<p>Fox Ammunition ofer\u0103 precizie \u0219i fiabilitate.<\/p>\n","protected":false},"excerpt":{"rendered":"<p>Muni\u021bie f\u0103r\u0103 plumb, precis\u0103, de calibru 6.5 Creedmoor<\/p>\n","protected":false},"featured_media":46343,"template":"","meta":{"_acf_changed":false},"product_brand":[],"product_cat":[12770,12807],"product_tag":[],"class_list":{"0":"post-46342","1":"product","2":"type-product","3":"status-publish","4":"has-post-thumbnail","6":"product_cat-munitie","7":"product_cat-munitie-pusca","9":"first","10":"instock","11":"taxable","12":"shipping-taxable","13":"purchasable","14":"product-type-simple"},"acf":[],"_links":{"self":[{"href":"https:\/\/staging.nbg.eu\/ro\/wp-json\/wp\/v2\/product\/46342","targetHints":{"allow":["GET"]}}],"collection":[{"href":"https:\/\/staging.nbg.eu\/ro\/wp-json\/wp\/v2\/product"}],"about":[{"href":"https:\/\/staging.nbg.eu\/ro\/wp-json\/wp\/v2\/types\/product"}],"wp:featuredmedia":[{"embeddable":true,"href":"https:\/\/staging.nbg.eu\/ro\/wp-json\/wp\/v2\/media\/46343"}],"wp:attachment":[{"href":"https:\/\/staging.nbg.eu\/ro\/wp-json\/wp\/v2\/media?parent=46342"}],"wp:term":[{"taxonomy":"product_brand","embeddable":true,"href":"https:\/\/staging.nbg.eu\/ro\/wp-json\/wp\/v2\/product_brand?post=46342"},{"taxonomy":"product_cat","embeddable":true,"href":"https:\/\/staging.nbg.eu\/ro\/wp-json\/wp\/v2\/product_cat?post=46342"},{"taxonomy":"product_tag","embeddable":true,"href":"https:\/\/staging.nbg.eu\/ro\/wp-json\/wp\/v2\/product_tag?post=46342"}],"curies":[{"name":"wp","href":"https:\/\/api.w.org\/{rel}","templated":true}]}}