{"id":46190,"date":"2024-08-03T08:31:54","date_gmt":"2024-09-11T15:11:20","guid":{"rendered":"https:\/\/staging.nbg.eu\/product\/rh-owb-tac-duty-holster\/"},"modified":"2024-09-11T15:12:37","modified_gmt":"2024-09-11T15:12:37","slug":"toc-owb-tacduty-rh","status":"publish","type":"product","link":"https:\/\/staging.nbg.eu\/ro\/produs\/toc-owb-tacduty-rh\/","title":{"rendered":"Toc OWB Tac\/Duty RH"},"content":{"rendered":"<p>Tocul RH OWB Tac\/Duty este un toc din kydex conceput pentru uz tactic \u0219i de serviciu. Caracteristici includ:<\/p>\n<ul>\n<li>Compatibil cu lanterne montate pe arm\u0103<\/li>\n<li>Se potrive\u0219te cu platformele Safariland, Blackhawk sau Blade-Tech<\/li>\n<li>Potrivit pentru purtare cobor\u00e2t\u0103 pe coaps\u0103<\/li>\n<li>\u00centre\u021binere \u0219i cur\u0103\u021bare u\u0219oar\u0103<\/li>\n<li>Utilizat de For\u021bele Armate \u0219i Poli\u021bia Ceh\u0103<\/li>\n<\/ul>\n<p>Potrivit pentru arme de serviciu, antrenament \u0219i opera\u021biuni tactice.<\/p>\n","protected":false},"excerpt":{"rendered":"<p>Toc Kydex durabil pentru uz \u00een serviciu. Se potrive\u0219te armelor de serviciu \u0219i lanternelor.<\/p>\n","protected":false},"featured_media":46191,"template":"","meta":{"_acf_changed":false},"product_brand":[11646],"product_cat":[12749,12787,12736],"product_tag":[],"class_list":{"0":"post-46190","1":"product","2":"type-product","3":"status-publish","4":"has-post-thumbnail","6":"product_brand-rh-holsters","7":"product_cat-toc","8":"product_cat-toc-sport","9":"product_cat-toc-tactic","10":"pa_light-surefire-x300-ultra-a-ro","11":"pa_model-glock-17-ro","12":"pa_safety-automatic-ro","13":"pa_strong-hand-right-ro","15":"first","16":"instock","17":"taxable","18":"shipping-taxable","19":"purchasable","20":"product-type-variable","21":"wvs-archive-product-wrapper"},"acf":[],"_links":{"self":[{"href":"https:\/\/staging.nbg.eu\/ro\/wp-json\/wp\/v2\/product\/46190","targetHints":{"allow":["GET"]}}],"collection":[{"href":"https:\/\/staging.nbg.eu\/ro\/wp-json\/wp\/v2\/product"}],"about":[{"href":"https:\/\/staging.nbg.eu\/ro\/wp-json\/wp\/v2\/types\/product"}],"wp:featuredmedia":[{"embeddable":true,"href":"https:\/\/staging.nbg.eu\/ro\/wp-json\/wp\/v2\/media\/46191"}],"wp:attachment":[{"href":"https:\/\/staging.nbg.eu\/ro\/wp-json\/wp\/v2\/media?parent=46190"}],"wp:term":[{"taxonomy":"product_brand","embeddable":true,"href":"https:\/\/staging.nbg.eu\/ro\/wp-json\/wp\/v2\/product_brand?post=46190"},{"taxonomy":"product_cat","embeddable":true,"href":"https:\/\/staging.nbg.eu\/ro\/wp-json\/wp\/v2\/product_cat?post=46190"},{"taxonomy":"product_tag","embeddable":true,"href":"https:\/\/staging.nbg.eu\/ro\/wp-json\/wp\/v2\/product_tag?post=46190"}],"curies":[{"name":"wp","href":"https:\/\/api.w.org\/{rel}","templated":true}]}}