{"id":46116,"date":"2024-08-03T09:01:48","date_gmt":"2024-09-11T09:29:49","guid":{"rendered":"https:\/\/staging.nbg.eu\/product\/rh-sharky-iwb-holster\/"},"modified":"2024-09-11T09:30:57","modified_gmt":"2024-09-11T09:30:57","slug":"toc-iwb-rh-sharky","status":"publish","type":"product","link":"https:\/\/staging.nbg.eu\/ro\/produs\/toc-iwb-rh-sharky\/","title":{"rendered":"Toc IWB RH Sharky"},"content":{"rendered":"<p>Tocul RH Sharky IWB ofer\u0103 confort pentru portul ascuns. Caracteristicile includ:<\/p>\n<ul>\n<li>Construc\u021bie presat\u0103 \u00een vid<\/li>\n<li>Clem\u0103 dubl\u0103 pentru fixare sigur\u0103<\/li>\n<li>\u00cenclina\u021bie \u0219i \u00een\u0103l\u021bime reglabile<\/li>\n<li>Compatibil cu dispozitive de ochire cu punct ro\u0219u \u0219i \u021bevi prelungite<\/li>\n<li>C\u00e2rlig integrat pentru ascundere mai bun\u0103<\/li>\n<li>Ajustare a prinderii pentru potrivire personalizat\u0103<\/li>\n<\/ul>\n<p>Acest toc pentru purtare \u00een interiorul centurii ofer\u0103 confort \u0219i versatilitate.<\/p>\n","protected":false},"excerpt":{"rendered":"<p>Toc IWB sigur \u0219i ajustabil pentru portul ascuns cu dispozitiv de ochire cu punct ro\u0219u.<\/p>\n","protected":false},"featured_media":46119,"template":"","meta":{"_acf_changed":false},"product_brand":[11646],"product_cat":[12749,12736],"product_tag":[],"class_list":{"0":"post-46116","1":"product","2":"type-product","3":"status-publish","4":"has-post-thumbnail","6":"product_brand-rh-holsters","7":"product_cat-toc","8":"product_cat-toc-tactic","9":"pa_clips-monoblock-ro","10":"pa_light-surefire-x300-ultra-a-ro","11":"pa_light-without-light-ro","12":"pa_model-glock-17-ro","13":"pa_model-glock-43x-ro-2","14":"pa_strong-hand-left-ro","15":"pa_strong-hand-right-ro","17":"first","18":"instock","19":"taxable","20":"shipping-taxable","21":"purchasable","22":"product-type-variable","23":"wvs-archive-product-wrapper"},"acf":[],"_links":{"self":[{"href":"https:\/\/staging.nbg.eu\/ro\/wp-json\/wp\/v2\/product\/46116","targetHints":{"allow":["GET"]}}],"collection":[{"href":"https:\/\/staging.nbg.eu\/ro\/wp-json\/wp\/v2\/product"}],"about":[{"href":"https:\/\/staging.nbg.eu\/ro\/wp-json\/wp\/v2\/types\/product"}],"wp:featuredmedia":[{"embeddable":true,"href":"https:\/\/staging.nbg.eu\/ro\/wp-json\/wp\/v2\/media\/46119"}],"wp:attachment":[{"href":"https:\/\/staging.nbg.eu\/ro\/wp-json\/wp\/v2\/media?parent=46116"}],"wp:term":[{"taxonomy":"product_brand","embeddable":true,"href":"https:\/\/staging.nbg.eu\/ro\/wp-json\/wp\/v2\/product_brand?post=46116"},{"taxonomy":"product_cat","embeddable":true,"href":"https:\/\/staging.nbg.eu\/ro\/wp-json\/wp\/v2\/product_cat?post=46116"},{"taxonomy":"product_tag","embeddable":true,"href":"https:\/\/staging.nbg.eu\/ro\/wp-json\/wp\/v2\/product_tag?post=46116"}],"curies":[{"name":"wp","href":"https:\/\/api.w.org\/{rel}","templated":true}]}}