{"id":45660,"date":"2024-08-04T20:46:31","date_gmt":"2024-09-10T14:52:28","guid":{"rendered":"https:\/\/staging.nbg.eu\/product\/rh-ar15-m4-owb-mag-holder\/"},"modified":"2024-09-10T14:53:35","modified_gmt":"2024-09-10T14:53:35","slug":"rh-suport-incarcator-ar15m4-owb","status":"publish","type":"product","link":"https:\/\/staging.nbg.eu\/ro\/produs\/rh-suport-incarcator-ar15m4-owb\/","title":{"rendered":"RH Suport Incarcator AR15\/M4 OWB"},"content":{"rendered":"<p>Suportul pentru \u00eenc\u0103rc\u0103toare RH AR15\/M4 OWB este perfect pentru utilizare \u00een IPSC \u0219i serviciu. Caracteristicile includ:<\/p>\n<ul>\n<li>Prindere ajustabil\u0103 pentru rezisten\u021b\u0103 optim\u0103<\/li>\n<li>Accesibilitate u\u0219oar\u0103<\/li>\n<li>Compatibil cu centuri sportive \u0219i tactice<\/li>\n<li>Mulat cu precizie pentru potrivire perfect\u0103<\/li>\n<li>Indenta\u021bii pronun\u021bate cu margini netede<\/li>\n<\/ul>\n<p>Ideal pentru \u00eenc\u0103rc\u0103toarele PCC, acest toc ofer\u0103 performan\u021b\u0103 \u0219i confort superioare.<\/p>\n","protected":false},"excerpt":{"rendered":"<p>Suport reglabil pentru \u00eenc\u0103rc\u0103toare IPSC\/service pentru acces facil pe centurile tactice<\/p>\n","protected":false},"featured_media":45662,"template":"","meta":{"_acf_changed":false},"product_brand":[11646],"product_cat":[12738,12749],"product_tag":[],"class_list":{"0":"post-45660","1":"product","2":"type-product","3":"status-publish","4":"has-post-thumbnail","6":"product_brand-rh-holsters","7":"product_cat-suporturi-pentru-incarcatoare","8":"product_cat-toc","9":"pa_model-ar-15-ro","10":"pa_strong-hand-right-ro","12":"first","13":"instock","14":"taxable","15":"shipping-taxable","16":"purchasable","17":"product-type-variable","18":"wvs-archive-product-wrapper"},"acf":[],"_links":{"self":[{"href":"https:\/\/staging.nbg.eu\/ro\/wp-json\/wp\/v2\/product\/45660","targetHints":{"allow":["GET"]}}],"collection":[{"href":"https:\/\/staging.nbg.eu\/ro\/wp-json\/wp\/v2\/product"}],"about":[{"href":"https:\/\/staging.nbg.eu\/ro\/wp-json\/wp\/v2\/types\/product"}],"wp:featuredmedia":[{"embeddable":true,"href":"https:\/\/staging.nbg.eu\/ro\/wp-json\/wp\/v2\/media\/45662"}],"wp:attachment":[{"href":"https:\/\/staging.nbg.eu\/ro\/wp-json\/wp\/v2\/media?parent=45660"}],"wp:term":[{"taxonomy":"product_brand","embeddable":true,"href":"https:\/\/staging.nbg.eu\/ro\/wp-json\/wp\/v2\/product_brand?post=45660"},{"taxonomy":"product_cat","embeddable":true,"href":"https:\/\/staging.nbg.eu\/ro\/wp-json\/wp\/v2\/product_cat?post=45660"},{"taxonomy":"product_tag","embeddable":true,"href":"https:\/\/staging.nbg.eu\/ro\/wp-json\/wp\/v2\/product_tag?post=45660"}],"curies":[{"name":"wp","href":"https:\/\/api.w.org\/{rel}","templated":true}]}}