{"id":45481,"date":"2024-08-16T17:57:18","date_gmt":"2024-09-10T14:26:24","guid":{"rendered":"https:\/\/staging.nbg.eu\/product\/clips-ulticlip-3\/"},"modified":"2024-09-10T14:27:15","modified_gmt":"2024-09-10T14:27:15","slug":"clipsuri-ulticlip-3","status":"publish","type":"product","link":"https:\/\/staging.nbg.eu\/ro\/produs\/clipsuri-ulticlip-3\/","title":{"rendered":"Clipsuri Ulticlip 3+"},"content":{"rendered":"<div class=\"product-description\">\n<h2>Clips Ulticlip 3+: Ascundere \u0219i reten\u021bie maxim\u0103<\/h2>\n<p>Experimenta\u021bi o ascundere \u0219i o reten\u021bie f\u0103r\u0103 egal cu Ulticlip3+. Acest clip fabricat 100% \u00een America ofer\u0103:<\/p>\n<ul>\n<li>Op\u021biune superioar\u0103 de purtare f\u0103r\u0103 curea<\/li>\n<li>Finisaj de oxid negru de calitate militar\u0103<\/li>\n<li>O\u021bel arcuit C-1075 tratat termic (RC 42-49)<\/li>\n<li>Tratat cu cear\u0103\/ulei pentru o func\u021bionare lin\u0103 \u0219i prevenirea ruginii<\/li>\n<li>De peste 10 ori mai mult\u0103 reten\u021bie comparativ cu clipurile standard pentru tocuri<\/li>\n<\/ul>\n<p>Ulticlip3+ prezint\u0103 o zon\u0103 de montare plat\u0103 cu 2 fante \u0219i 1 gaur\u0103, permi\u021b\u00e2nd op\u021biuni versatile de ata\u0219are cu o distan\u021b\u0103 \u00eentre g\u0103uri de p\u00e2n\u0103 la 1,70&#8243;. Cu doar 8,89 cm x 2,22 cm \u0219i o greutate de doar 22,11 grame, ofer\u0103 un profil minimal cu ascundere maxim\u0103.<\/p>\n<p>\u00cembun\u0103t\u0103\u021bi\u021bi-v\u0103 sistemul de purtare cu Ulticlip3+ ast\u0103zi!<\/p>\n<\/div>\n","protected":false},"excerpt":{"rendered":"<p>Clip sub\u021bire \u0219i sigur pentru purtare f\u0103r\u0103 centur\u0103. Mai multe op\u021biuni de montare.<\/p>\n","protected":false},"featured_media":22727,"template":"","meta":{"_acf_changed":false},"product_brand":[],"product_cat":[12782,12762],"product_tag":[],"class_list":{"0":"post-45481","1":"product","2":"type-product","3":"status-publish","4":"has-post-thumbnail","6":"product_cat-accesorii-toc","7":"product_cat-echipament","9":"first","10":"instock","11":"taxable","12":"shipping-taxable","13":"purchasable","14":"product-type-simple"},"acf":[],"_links":{"self":[{"href":"https:\/\/staging.nbg.eu\/ro\/wp-json\/wp\/v2\/product\/45481","targetHints":{"allow":["GET"]}}],"collection":[{"href":"https:\/\/staging.nbg.eu\/ro\/wp-json\/wp\/v2\/product"}],"about":[{"href":"https:\/\/staging.nbg.eu\/ro\/wp-json\/wp\/v2\/types\/product"}],"wp:featuredmedia":[{"embeddable":true,"href":"https:\/\/staging.nbg.eu\/ro\/wp-json\/wp\/v2\/media\/22727"}],"wp:attachment":[{"href":"https:\/\/staging.nbg.eu\/ro\/wp-json\/wp\/v2\/media?parent=45481"}],"wp:term":[{"taxonomy":"product_brand","embeddable":true,"href":"https:\/\/staging.nbg.eu\/ro\/wp-json\/wp\/v2\/product_brand?post=45481"},{"taxonomy":"product_cat","embeddable":true,"href":"https:\/\/staging.nbg.eu\/ro\/wp-json\/wp\/v2\/product_cat?post=45481"},{"taxonomy":"product_tag","embeddable":true,"href":"https:\/\/staging.nbg.eu\/ro\/wp-json\/wp\/v2\/product_tag?post=45481"}],"curies":[{"name":"wp","href":"https:\/\/api.w.org\/{rel}","templated":true}]}}