{"id":45459,"date":"2024-08-16T17:59:54","date_gmt":"2024-09-10T14:24:20","guid":{"rendered":"https:\/\/staging.nbg.eu\/product\/clips-ulticlip-xl\/"},"modified":"2024-09-10T14:25:10","modified_gmt":"2024-09-10T14:25:10","slug":"clipsuri-ulticlip-xl","status":"publish","type":"product","link":"https:\/\/staging.nbg.eu\/ro\/produs\/clipsuri-ulticlip-xl\/","title":{"rendered":"Clipsuri Ulticlip XL"},"content":{"rendered":"<div class=\"product-description\">\n<h2>Clips Ulticlip XL: Clema Multifunc\u021bional\u0103 Ultimativ\u0103 pentru Toc<\/h2>\n<p>V\u0103 prezent\u0103m Ulticlip XL, prima clem\u0103 multifunc\u021bional\u0103 pentru toc \u0219i bucl\u0103 de centur\u0103 blocabil\u0103 din o\u021bel combinat\u0103 din lume. Acest dispozitiv inovator ofer\u0103 o versatilitate f\u0103r\u0103 precedent pentru purtarea tocurilor, tecilor pentru cu\u021bite \u0219i a accesoriilor.<\/p>\n<ul>\n<li>Func\u021bionalitate dual\u0103: Folosi\u021bi ca \u0219i clem\u0103 pentru toc sau bucl\u0103 pentru centur\u0103<\/li>\n<li>Compatibil cu purtarea IWB \u0219i OWB<\/li>\n<li>Cheie multifunc\u021bional\u0103 \u00eencorporat\u0103 (1\/4&#8243;, 5\/16&#8243;, 3\/8&#8243;) \u0219i \u0219urubelni\u021b\u0103 cu cap plat<\/li>\n<li>Puncte multiple de ata\u0219are pentru diverse produse<\/li>\n<li>Bucl\u0103 de centur\u0103 blocabil\u0103 din o\u021bel pentru centuri de 1,5&#8243; l\u0103\u021bime (p\u00e2n\u0103 la 3\/8&#8243; grosime)<\/li>\n<li>Finisaj negru de oxid de calitate militar\u0103<\/li>\n<li>Construc\u021bie din o\u021bel elastic 1075 \u0219i 1050 tratat termic<\/li>\n<li>Dimensiuni: 3,5&#8243; x 7\/8&#8243;, Greutate: 1,37 oz.<\/li>\n<\/ul>\n<p>Experimenta\u021bi solu\u021bia ultimativ\u0103 de purtare cu Ulticlip XL!<\/p>\n<\/div>\n","protected":false},"excerpt":{"rendered":"<p>Ulticlip XL: Clem\u0103 multifunc\u021bional\u0103 pentru toc \u0219i bucl\u0103 de centur\u0103 cu blocare pentru transport versatil.<\/p>\n","protected":false},"featured_media":23003,"template":"","meta":{"_acf_changed":false},"product_brand":[],"product_cat":[12782,12762],"product_tag":[],"class_list":{"0":"post-45459","1":"product","2":"type-product","3":"status-publish","4":"has-post-thumbnail","6":"product_cat-accesorii-toc","7":"product_cat-echipament","9":"first","10":"instock","11":"taxable","12":"shipping-taxable","13":"purchasable","14":"product-type-simple"},"acf":[],"_links":{"self":[{"href":"https:\/\/staging.nbg.eu\/ro\/wp-json\/wp\/v2\/product\/45459","targetHints":{"allow":["GET"]}}],"collection":[{"href":"https:\/\/staging.nbg.eu\/ro\/wp-json\/wp\/v2\/product"}],"about":[{"href":"https:\/\/staging.nbg.eu\/ro\/wp-json\/wp\/v2\/types\/product"}],"wp:featuredmedia":[{"embeddable":true,"href":"https:\/\/staging.nbg.eu\/ro\/wp-json\/wp\/v2\/media\/23003"}],"wp:attachment":[{"href":"https:\/\/staging.nbg.eu\/ro\/wp-json\/wp\/v2\/media?parent=45459"}],"wp:term":[{"taxonomy":"product_brand","embeddable":true,"href":"https:\/\/staging.nbg.eu\/ro\/wp-json\/wp\/v2\/product_brand?post=45459"},{"taxonomy":"product_cat","embeddable":true,"href":"https:\/\/staging.nbg.eu\/ro\/wp-json\/wp\/v2\/product_cat?post=45459"},{"taxonomy":"product_tag","embeddable":true,"href":"https:\/\/staging.nbg.eu\/ro\/wp-json\/wp\/v2\/product_tag?post=45459"}],"curies":[{"name":"wp","href":"https:\/\/api.w.org\/{rel}","templated":true}]}}