{"id":45184,"date":"2024-08-18T09:26:06","date_gmt":"2024-09-10T13:11:53","guid":{"rendered":"https:\/\/staging.nbg.eu\/product\/premium-belt-security-loop\/"},"modified":"2024-09-10T13:12:42","modified_gmt":"2024-09-10T13:12:42","slug":"chinga-siguranta-curea-premium","status":"publish","type":"product","link":"https:\/\/staging.nbg.eu\/ro\/produs\/chinga-siguranta-curea-premium\/","title":{"rendered":"Chinga Siguranta Curea Premium"},"content":{"rendered":"<p>Asigur\u0103-\u021bi centura cu bucla de securitate DAA Premium Belt. Cauciucat\u0103 pentru confort \u0219i aderen\u021b\u0103, aceasta men\u021bine centura \u00een pozi\u021bie \u00een timpul sesiunilor intense de tragere. Se potrive\u0219te majorit\u0103\u021bii centurilor standard.<\/p>\n","protected":false},"excerpt":{"rendered":"<p>Bucl\u0103 sigur\u0103 pentru centur\u0103: Aderen\u021b\u0103 cauciucat\u0103, previne alunecarea, se potrive\u0219te centurilor standard.<\/p>\n","protected":false},"featured_media":26106,"template":"","meta":{"_acf_changed":false},"product_brand":[11281],"product_cat":[12765,12762],"product_tag":[],"class_list":{"0":"post-45184","1":"product","2":"type-product","3":"status-publish","4":"has-post-thumbnail","6":"product_brand-doublealpha","7":"product_cat-centuri-sport","8":"product_cat-echipament","10":"first","11":"instock","12":"taxable","13":"shipping-taxable","14":"purchasable","15":"product-type-simple"},"acf":[],"_links":{"self":[{"href":"https:\/\/staging.nbg.eu\/ro\/wp-json\/wp\/v2\/product\/45184","targetHints":{"allow":["GET"]}}],"collection":[{"href":"https:\/\/staging.nbg.eu\/ro\/wp-json\/wp\/v2\/product"}],"about":[{"href":"https:\/\/staging.nbg.eu\/ro\/wp-json\/wp\/v2\/types\/product"}],"wp:featuredmedia":[{"embeddable":true,"href":"https:\/\/staging.nbg.eu\/ro\/wp-json\/wp\/v2\/media\/26106"}],"wp:attachment":[{"href":"https:\/\/staging.nbg.eu\/ro\/wp-json\/wp\/v2\/media?parent=45184"}],"wp:term":[{"taxonomy":"product_brand","embeddable":true,"href":"https:\/\/staging.nbg.eu\/ro\/wp-json\/wp\/v2\/product_brand?post=45184"},{"taxonomy":"product_cat","embeddable":true,"href":"https:\/\/staging.nbg.eu\/ro\/wp-json\/wp\/v2\/product_cat?post=45184"},{"taxonomy":"product_tag","embeddable":true,"href":"https:\/\/staging.nbg.eu\/ro\/wp-json\/wp\/v2\/product_tag?post=45184"}],"curies":[{"name":"wp","href":"https:\/\/api.w.org\/{rel}","templated":true}]}}