{"id":45162,"date":"2024-08-18T09:26:36","date_gmt":"2024-08-18T09:26:36","guid":{"rendered":"https:\/\/staging.nbg.eu\/product\/daa-magnet-cover\/"},"modified":"2024-09-10T12:58:12","modified_gmt":"2024-09-10T12:58:12","slug":"daa-capac-magnet","status":"publish","type":"product","link":"https:\/\/staging.nbg.eu\/ro\/produs\/daa-capac-magnet\/","title":{"rendered":"DAA Capac Magnet"},"content":{"rendered":"<p>\nHusa Magnetic\u0103 DAA: O hus\u0103 elegant\u0103 \u0219i durabil\u0103 din nylon pentru magne\u021bi de 48mm. Dispune de un logo DAA din o\u021bel magnetic. Reduce atrac\u021bia magnetic\u0103 nedorit\u0103, p\u0103str\u00e2nd \u00een acela\u0219i timp func\u021bionalitatea.<\/p>\n","protected":false},"excerpt":{"rendered":"<p>Hus\u0103 stilat\u0103 \u0219i protectoare pentru magne\u021bi DAA de 48 mm. Reduce for\u021ba magnetic\u0103.<\/p>\n","protected":false},"featured_media":26129,"template":"","meta":{"_acf_changed":false},"product_brand":[11281],"product_cat":[12782,12749],"product_tag":[],"class_list":{"0":"post-45162","1":"product","2":"type-product","3":"status-publish","4":"has-post-thumbnail","6":"product_brand-doublealpha","7":"product_cat-accesorii-toc","8":"product_cat-toc","10":"first","11":"instock","12":"taxable","13":"shipping-taxable","14":"purchasable","15":"product-type-simple"},"acf":[],"_links":{"self":[{"href":"https:\/\/staging.nbg.eu\/ro\/wp-json\/wp\/v2\/product\/45162","targetHints":{"allow":["GET"]}}],"collection":[{"href":"https:\/\/staging.nbg.eu\/ro\/wp-json\/wp\/v2\/product"}],"about":[{"href":"https:\/\/staging.nbg.eu\/ro\/wp-json\/wp\/v2\/types\/product"}],"wp:featuredmedia":[{"embeddable":true,"href":"https:\/\/staging.nbg.eu\/ro\/wp-json\/wp\/v2\/media\/26129"}],"wp:attachment":[{"href":"https:\/\/staging.nbg.eu\/ro\/wp-json\/wp\/v2\/media?parent=45162"}],"wp:term":[{"taxonomy":"product_brand","embeddable":true,"href":"https:\/\/staging.nbg.eu\/ro\/wp-json\/wp\/v2\/product_brand?post=45162"},{"taxonomy":"product_cat","embeddable":true,"href":"https:\/\/staging.nbg.eu\/ro\/wp-json\/wp\/v2\/product_cat?post=45162"},{"taxonomy":"product_tag","embeddable":true,"href":"https:\/\/staging.nbg.eu\/ro\/wp-json\/wp\/v2\/product_tag?post=45162"}],"curies":[{"name":"wp","href":"https:\/\/api.w.org\/{rel}","templated":true}]}}