{"id":45140,"date":"2024-08-18T09:27:28","date_gmt":"2024-09-10T12:42:34","guid":{"rendered":"https:\/\/staging.nbg.eu\/product\/dillon-precision-daa-223-fast-flow-powder-funnel\/"},"modified":"2024-09-10T12:43:23","modified_gmt":"2024-09-10T12:43:23","slug":"dillon-precision-daa-palnita-pulbere-flux-rapid-223","status":"publish","type":"product","link":"https:\/\/staging.nbg.eu\/ro\/produs\/dillon-precision-daa-palnita-pulbere-flux-rapid-223\/","title":{"rendered":"Dillon Precision &#8211; Daa Palnita Pulbere Flux Rapid .223"},"content":{"rendered":"<div class=\"product-description\">\n<h2>Dillon Precision &#8211; P\u00e2lnie cu Debit Rapid DAA pentru .223<\/h2>\n<p>\u00cembun\u0103t\u0103\u021bi\u021bi experien\u021ba de re\u00eenc\u0103rcare a cartu\u0219elor .223 cu P\u00e2lnia cu Debit Rapid DAA pentru .223. Proiectat\u0103 \u00een colaborare cu Inginerul de Sisteme Aerospa\u021biale Andrew Murrell, CSEP, aceast\u0103 p\u00e2lnie \u00eembun\u0103t\u0103\u021be\u0219te consisten\u021ba fluxului de pulbere \u0219i reduce formarea de pun\u021bi \u00een cazul pulberilor sub form\u0103 de be\u021bi\u0219oare sau fulgi.<\/p>\n<ul>\n<li>Fabricat\u0103 din o\u021bel inoxidabil SUS303<\/li>\n<li>Finisaj lucios ob\u021binut prin electrolustruire<\/li>\n<li>Rezisten\u021b\u0103 excelent\u0103 la rugin\u0103 \u0219i durabilitate la uzur\u0103<\/li>\n<li>Form\u0103 intern\u0103 unic\u0103 a p\u00e2lniei pentru un flux de pulbere mai bun<\/li>\n<li>Compatibil\u0103 cu Dispozitivele de M\u0103surare a Pulberii Dillon<\/li>\n<\/ul>\n<p>Experimenta\u021bi diferen\u021ba cu p\u00e2lnia noastr\u0103 proiectat\u0103 cu precizie, care prezint\u0103 toleran\u021be str\u00e2nse \u0219i un finisaj neted ca sticla pentru performan\u021b\u0103 \u0219i flux de pulbere optime.<\/p>\n<\/div>\n","protected":false},"excerpt":{"rendered":"<p>P\u00e2lnie aerodinamic\u0103 pentru pulbere de calibru .223, pentru re\u00eenc\u0103rcare consecvent\u0103, f\u0103r\u0103 blocaje.<\/p>\n","protected":false},"featured_media":26244,"template":"","meta":{"_acf_changed":false},"product_brand":[11281],"product_cat":[12745,12791],"product_tag":[],"class_list":{"0":"post-45140","1":"product","2":"type-product","3":"status-publish","4":"has-post-thumbnail","6":"product_brand-doublealpha","7":"product_cat-accesorii-reincarcare","8":"product_cat-reincarcare","10":"first","11":"instock","12":"taxable","13":"shipping-taxable","14":"purchasable","15":"product-type-simple"},"acf":[],"_links":{"self":[{"href":"https:\/\/staging.nbg.eu\/ro\/wp-json\/wp\/v2\/product\/45140","targetHints":{"allow":["GET"]}}],"collection":[{"href":"https:\/\/staging.nbg.eu\/ro\/wp-json\/wp\/v2\/product"}],"about":[{"href":"https:\/\/staging.nbg.eu\/ro\/wp-json\/wp\/v2\/types\/product"}],"wp:featuredmedia":[{"embeddable":true,"href":"https:\/\/staging.nbg.eu\/ro\/wp-json\/wp\/v2\/media\/26244"}],"wp:attachment":[{"href":"https:\/\/staging.nbg.eu\/ro\/wp-json\/wp\/v2\/media?parent=45140"}],"wp:term":[{"taxonomy":"product_brand","embeddable":true,"href":"https:\/\/staging.nbg.eu\/ro\/wp-json\/wp\/v2\/product_brand?post=45140"},{"taxonomy":"product_cat","embeddable":true,"href":"https:\/\/staging.nbg.eu\/ro\/wp-json\/wp\/v2\/product_cat?post=45140"},{"taxonomy":"product_tag","embeddable":true,"href":"https:\/\/staging.nbg.eu\/ro\/wp-json\/wp\/v2\/product_tag?post=45140"}],"curies":[{"name":"wp","href":"https:\/\/api.w.org\/{rel}","templated":true}]}}