{"id":45118,"date":"2024-08-18T09:27:48","date_gmt":"2024-09-10T12:34:41","guid":{"rendered":"https:\/\/staging.nbg.eu\/product\/thigh-pad-for-flex-alpha-x-racer-x-holsters\/"},"modified":"2024-09-10T12:35:30","modified_gmt":"2024-09-10T12:35:30","slug":"protectie-coapsa-pentru-toc-flex-alpha-x-racer-x","status":"publish","type":"product","link":"https:\/\/staging.nbg.eu\/ro\/produs\/protectie-coapsa-pentru-toc-flex-alpha-x-racer-x\/","title":{"rendered":"Protectie Coapsa Pentru Toc Flex \/ Alpha-X \/ Racer-X"},"content":{"rendered":"<div class=\"product-description\">\n<h2>Suport pentru coaps\u0103 DAA pentru tocurile Flex \/ Alpha-X \/ Racer-X<\/h2>\n<p>\u00cembun\u0103t\u0103\u021bi\u021bi-v\u0103 experien\u021ba de tragere cu suportul pentru coaps\u0103 DAA, compatibil cu tocurile Alpha-X, Racer-X \u0219i FLEX. Acest suport versatil ofer\u0103:<\/p>\n<ul>\n<li>Instalare u\u0219oar\u0103 &#8211; f\u0103r\u0103 \u0219uruburi sau lipici<\/li>\n<li>Potrivire sigur\u0103 cu clapete cu clic<\/li>\n<li>Design compact, dar eficient<\/li>\n<li>Potrivit at\u00e2t pentru tocurile pentru m\u00e2na dreapt\u0103, c\u00e2t \u0219i pentru cele pentru m\u00e2na st\u00e2ng\u0103<\/li>\n<\/ul>\n<p>Pur \u0219i simplu glisa\u021bi suportul pentru coaps\u0103 peste ata\u0219amentul pentru curea al tocului p\u00e2n\u0103 c\u00e2nd clapetele se fixeaz\u0103 \u00een pozi\u021bie. \u00cendep\u0103rta\u021bi-l tr\u0103g\u00e2nd clapetele \u00een sus \u0219i glis\u00e2ndu-l. Acest suport este ad\u0103ugarea perfect\u0103 la tocul dumneavoastr\u0103 Double-Alpha, oferind confort \u0219i stabilitate suplimentar\u0103 pentru tr\u0103g\u0103torii de top din \u00eentreaga lume.<\/p>\n<\/div>\n","protected":false},"excerpt":{"rendered":"<p>Protec\u021bie pentru coaps\u0103 pentru Alpha-X\/Racer-X: Sigur\u0103, confortabil\u0103, f\u0103r\u0103 unelte necesare.<\/p>\n","protected":false},"featured_media":26290,"template":"","meta":{"_acf_changed":false},"product_brand":[11281],"product_cat":[12782,12787],"product_tag":[],"class_list":{"0":"post-45118","1":"product","2":"type-product","3":"status-publish","4":"has-post-thumbnail","6":"product_brand-doublealpha","7":"product_cat-accesorii-toc","8":"product_cat-toc-sport","10":"first","11":"instock","12":"taxable","13":"shipping-taxable","14":"purchasable","15":"product-type-simple"},"acf":[],"_links":{"self":[{"href":"https:\/\/staging.nbg.eu\/ro\/wp-json\/wp\/v2\/product\/45118","targetHints":{"allow":["GET"]}}],"collection":[{"href":"https:\/\/staging.nbg.eu\/ro\/wp-json\/wp\/v2\/product"}],"about":[{"href":"https:\/\/staging.nbg.eu\/ro\/wp-json\/wp\/v2\/types\/product"}],"wp:featuredmedia":[{"embeddable":true,"href":"https:\/\/staging.nbg.eu\/ro\/wp-json\/wp\/v2\/media\/26290"}],"wp:attachment":[{"href":"https:\/\/staging.nbg.eu\/ro\/wp-json\/wp\/v2\/media?parent=45118"}],"wp:term":[{"taxonomy":"product_brand","embeddable":true,"href":"https:\/\/staging.nbg.eu\/ro\/wp-json\/wp\/v2\/product_brand?post=45118"},{"taxonomy":"product_cat","embeddable":true,"href":"https:\/\/staging.nbg.eu\/ro\/wp-json\/wp\/v2\/product_cat?post=45118"},{"taxonomy":"product_tag","embeddable":true,"href":"https:\/\/staging.nbg.eu\/ro\/wp-json\/wp\/v2\/product_tag?post=45118"}],"curies":[{"name":"wp","href":"https:\/\/api.w.org\/{rel}","templated":true}]}}