{"id":45096,"date":"2024-08-18T09:28:23","date_gmt":"2024-08-18T09:28:23","guid":{"rendered":"https:\/\/staging.nbg.eu\/product\/daa-reloading-press-tool-holder\/"},"modified":"2024-09-10T12:29:50","modified_gmt":"2024-09-10T12:29:50","slug":"daa-suport-unelte-presa-reincarcari","status":"publish","type":"product","link":"https:\/\/staging.nbg.eu\/ro\/produs\/daa-suport-unelte-presa-reincarcari\/","title":{"rendered":"Daa Suport Unelte Presa Reincarcari"},"content":{"rendered":"<div class=\"product-description\">\n<h2>Suport pentru unelte de re\u00eenc\u0103rcare DAA<\/h2>\n<p>Organiza\u021bi-v\u0103 uneltele de re\u00eenc\u0103rcare cu acest suport convenabil! Conceput pentru prese Dillon RL1100\/1050\/750\/650, se monteaz\u0103 u\u0219or pe \u021bevi p\u0103trate sau rotunde de 1 inch.<\/p>\n<ul>\n<li>Construc\u021bie durabil\u0103 din nylon ranforsat cu fibr\u0103 de sticl\u0103<\/li>\n<li>Acoperire cu vopsea de cauciuc pentru un finisaj atractiv<\/li>\n<li>Poate \u021bine 7 chei hexagonale, o cheie pentru matri\u021b\u0103 \u0219i 3 unelte suplimentare<\/li>\n<li>Cavitate mare pentru depozitarea pieselor mici<\/li>\n<li>Magnet \u00eencorporat pentru a \u021bine obiecte metalice<\/li>\n<\/ul>\n<p>\u00cembun\u0103t\u0103\u021bi\u021bi-v\u0103 configura\u021bia de re\u00eenc\u0103rcare cu acest suport versatil pentru unelte! (Uneltele nu sunt incluse)<\/p>\n<\/div>\n","protected":false},"excerpt":{"rendered":"<p>Suport versatil montat pe pres\u0103 pentru unelte \u0219i piese de re\u00eenc\u0103rcare.<\/p>\n","protected":false},"featured_media":26579,"template":"","meta":{"_acf_changed":false},"product_brand":[11281],"product_cat":[12745,12791],"product_tag":[],"class_list":{"0":"post-45096","1":"product","2":"type-product","3":"status-publish","4":"has-post-thumbnail","6":"product_brand-doublealpha","7":"product_cat-accesorii-reincarcare","8":"product_cat-reincarcare","10":"first","11":"outofstock","12":"taxable","13":"shipping-taxable","14":"purchasable","15":"product-type-simple"},"acf":[],"_links":{"self":[{"href":"https:\/\/staging.nbg.eu\/ro\/wp-json\/wp\/v2\/product\/45096","targetHints":{"allow":["GET"]}}],"collection":[{"href":"https:\/\/staging.nbg.eu\/ro\/wp-json\/wp\/v2\/product"}],"about":[{"href":"https:\/\/staging.nbg.eu\/ro\/wp-json\/wp\/v2\/types\/product"}],"wp:featuredmedia":[{"embeddable":true,"href":"https:\/\/staging.nbg.eu\/ro\/wp-json\/wp\/v2\/media\/26579"}],"wp:attachment":[{"href":"https:\/\/staging.nbg.eu\/ro\/wp-json\/wp\/v2\/media?parent=45096"}],"wp:term":[{"taxonomy":"product_brand","embeddable":true,"href":"https:\/\/staging.nbg.eu\/ro\/wp-json\/wp\/v2\/product_brand?post=45096"},{"taxonomy":"product_cat","embeddable":true,"href":"https:\/\/staging.nbg.eu\/ro\/wp-json\/wp\/v2\/product_cat?post=45096"},{"taxonomy":"product_tag","embeddable":true,"href":"https:\/\/staging.nbg.eu\/ro\/wp-json\/wp\/v2\/product_tag?post=45096"}],"curies":[{"name":"wp","href":"https:\/\/api.w.org\/{rel}","templated":true}]}}