{"id":45030,"date":"2024-08-18T09:29:56","date_gmt":"2024-09-10T12:18:21","guid":{"rendered":"https:\/\/staging.nbg.eu\/product\/buckle-kit-lynx\/"},"modified":"2024-09-10T12:19:07","modified_gmt":"2024-09-10T12:19:07","slug":"kit-catarama-lynx","status":"publish","type":"product","link":"https:\/\/staging.nbg.eu\/ro\/produs\/kit-catarama-lynx\/","title":{"rendered":"Kit Catarama &#8211; Lynx"},"content":{"rendered":"<div class=\"product-description\">\n<h2>Kit de Cataram\u0103 &#8211; Lynx<\/h2>\n<p>\u00cembun\u0103t\u0103\u021bi\u021bi-v\u0103 centura Lynx cu Kitul nostru de Cataram\u0103 gata de utilizare! Acest pachet cuprinz\u0103tor include:<\/p>\n<ul>\n<li>Cataram\u0103 Lynx complet asamblat\u0103<\/li>\n<li>Cap\u0103t de centur\u0103 Lynx<\/li>\n<li>50 de \u0219tifturi pentru asamblarea centurii<\/li>\n<li>Garnitur\u0103 inelar\u0103 de silicon de rezerv\u0103<\/li>\n<li>Unealt\u0103 mini de perforare din o\u021bel, design personalizat<\/li>\n<\/ul>\n<p>Ata\u0219a\u021bi pur \u0219i simplu catarama pre-asamblat\u0103 la centura dvs. Lynx pentru utilizare imediat\u0103. Kitul nostru v\u0103 ofer\u0103 tot ce ave\u021bi nevoie pentru o \u00eembun\u0103t\u0103\u021bire rapid\u0103 \u0219i f\u0103r\u0103 b\u0103t\u0103i de cap a centurii.<\/p>\n<\/div>\n","protected":false},"excerpt":{"rendered":"<p>Kit de cataram\u0103 Lynx gata de utilizare, cu unelte pentru asamblarea u\u0219oar\u0103 a centurii.<\/p>\n","protected":false},"featured_media":26786,"template":"","meta":{"_acf_changed":false},"product_brand":[11281],"product_cat":[12765,12762],"product_tag":[],"class_list":{"0":"post-45030","1":"product","2":"type-product","3":"status-publish","4":"has-post-thumbnail","6":"product_brand-doublealpha","7":"product_cat-centuri-sport","8":"product_cat-echipament","10":"first","11":"instock","12":"taxable","13":"shipping-taxable","14":"purchasable","15":"product-type-simple"},"acf":[],"_links":{"self":[{"href":"https:\/\/staging.nbg.eu\/ro\/wp-json\/wp\/v2\/product\/45030","targetHints":{"allow":["GET"]}}],"collection":[{"href":"https:\/\/staging.nbg.eu\/ro\/wp-json\/wp\/v2\/product"}],"about":[{"href":"https:\/\/staging.nbg.eu\/ro\/wp-json\/wp\/v2\/types\/product"}],"wp:featuredmedia":[{"embeddable":true,"href":"https:\/\/staging.nbg.eu\/ro\/wp-json\/wp\/v2\/media\/26786"}],"wp:attachment":[{"href":"https:\/\/staging.nbg.eu\/ro\/wp-json\/wp\/v2\/media?parent=45030"}],"wp:term":[{"taxonomy":"product_brand","embeddable":true,"href":"https:\/\/staging.nbg.eu\/ro\/wp-json\/wp\/v2\/product_brand?post=45030"},{"taxonomy":"product_cat","embeddable":true,"href":"https:\/\/staging.nbg.eu\/ro\/wp-json\/wp\/v2\/product_cat?post=45030"},{"taxonomy":"product_tag","embeddable":true,"href":"https:\/\/staging.nbg.eu\/ro\/wp-json\/wp\/v2\/product_tag?post=45030"}],"curies":[{"name":"wp","href":"https:\/\/api.w.org\/{rel}","templated":true}]}}