{"id":45008,"date":"2024-08-18T09:30:21","date_gmt":"2024-08-18T09:30:21","guid":{"rendered":"https:\/\/staging.nbg.eu\/product\/lynx-belt-ratchet-buckle\/"},"modified":"2024-09-10T12:03:21","modified_gmt":"2024-09-10T12:03:21","slug":"catarama-curea-lynx-cu-crichet","status":"publish","type":"product","link":"https:\/\/staging.nbg.eu\/ro\/produs\/catarama-curea-lynx-cu-crichet\/","title":{"rendered":"Catarama Curea Lynx cu Crichet"},"content":{"rendered":"<div class=\"product-description\">\n<h2>Cataram\u0103 cu Mecanism de Str\u00e2ngere DAA Lynx pentru Centur\u0103<\/h2>\n<p>\u00cembun\u0103t\u0103\u021bi\u021bi-v\u0103 echipamentul de tragere cu sistemul de cataram\u0103 cu mecanism de str\u00e2ngere DAA Lynx pentru centur\u0103. Aceast\u0103 cataram\u0103 inovatoare ofer\u0103:<\/p>\n<ul>\n<li>Ajustabilitate mai mare a lungimii pentru compensarea u\u0219oar\u0103 a \u00eembr\u0103c\u0103mintei<\/li>\n<li>Sl\u0103bire \u0219i str\u00e2ngere rapid\u0103 \u00eentre etape<\/li>\n<li>Construc\u021bie durabil\u0103 din o\u021bel \u0219i aluminiu<\/li>\n<li>Curea din cauciuc de 23mm l\u0103\u021bime cu interval de ajustare de 16cm<\/li>\n<li>Dou\u0103 leg\u0103turi negre pre-g\u0103urite cu inser\u021bii filetate din o\u021bel<\/li>\n<\/ul>\n<p>Plasare recomandat\u0103: \u00een fa\u021b\u0103, \u00eentre toc \u0219i primul buzunar. Cureaua poate fi scurtat\u0103 \u0219i direc\u021bia cataramei poate fi inversat\u0103 dac\u0103 se dore\u0219te. \u00cembun\u0103t\u0103\u021bi\u021bi-v\u0103 experien\u021ba de tragere cu un confort \u0219i o comoditate sporite!<\/p>\n<\/div>\n","protected":false},"excerpt":{"rendered":"<p>Cataram\u0103 cu clichet pentru ajustarea u\u0219oar\u0103 a centurii \u0219i str\u00e2ngere rapid\u0103.<\/p>\n","protected":false},"featured_media":26878,"template":"","meta":{"_acf_changed":false},"product_brand":[11281],"product_cat":[12765,12762],"product_tag":[],"class_list":{"0":"post-45008","1":"product","2":"type-product","3":"status-publish","4":"has-post-thumbnail","6":"product_brand-doublealpha","7":"product_cat-centuri-sport","8":"product_cat-echipament","10":"first","11":"instock","12":"taxable","13":"shipping-taxable","14":"purchasable","15":"product-type-simple"},"acf":[],"_links":{"self":[{"href":"https:\/\/staging.nbg.eu\/ro\/wp-json\/wp\/v2\/product\/45008","targetHints":{"allow":["GET"]}}],"collection":[{"href":"https:\/\/staging.nbg.eu\/ro\/wp-json\/wp\/v2\/product"}],"about":[{"href":"https:\/\/staging.nbg.eu\/ro\/wp-json\/wp\/v2\/types\/product"}],"wp:featuredmedia":[{"embeddable":true,"href":"https:\/\/staging.nbg.eu\/ro\/wp-json\/wp\/v2\/media\/26878"}],"wp:attachment":[{"href":"https:\/\/staging.nbg.eu\/ro\/wp-json\/wp\/v2\/media?parent=45008"}],"wp:term":[{"taxonomy":"product_brand","embeddable":true,"href":"https:\/\/staging.nbg.eu\/ro\/wp-json\/wp\/v2\/product_brand?post=45008"},{"taxonomy":"product_cat","embeddable":true,"href":"https:\/\/staging.nbg.eu\/ro\/wp-json\/wp\/v2\/product_cat?post=45008"},{"taxonomy":"product_tag","embeddable":true,"href":"https:\/\/staging.nbg.eu\/ro\/wp-json\/wp\/v2\/product_tag?post=45008"}],"curies":[{"name":"wp","href":"https:\/\/api.w.org\/{rel}","templated":true}]}}