{"id":44986,"date":"2024-08-18T09:31:04","date_gmt":"2024-08-18T09:31:04","guid":{"rendered":"https:\/\/staging.nbg.eu\/product\/daa-1-die-box-end-wrench\/"},"modified":"2024-09-10T11:56:50","modified_gmt":"2024-09-10T11:56:50","slug":"daa-cheie-tubulara-matrita-1","status":"publish","type":"product","link":"https:\/\/staging.nbg.eu\/ro\/produs\/daa-cheie-tubulara-matrita-1\/","title":{"rendered":"Daa Cheie Tubulara Matrita 1&#8243;"},"content":{"rendered":"<div class=\"product-description\">\n<h2>Cheie inelar\u0103 DAA de 1&#8243; pentru matri\u0163e<\/h2>\n<p>Solu\u021bia ultim\u0103 pentru re\u00eenc\u0103rc\u0103torii care se lupt\u0103 cu ajust\u0103rile matri\u0163elor pe capetele de scule aglomerate. Aceast\u0103 cheie din o\u021bel inoxidabil, personalizat\u0103 \u0219i t\u0103iat\u0103 cu laser, are urm\u0103toarele caracteristici:<\/p>\n<ul>\n<li>Design cu pere\u021bi sub\u021biri pentru acces u\u0219or \u00eentre matri\u0163e<\/li>\n<li>F\u0103lci multiple pentru pozi\u021bionare optim\u0103<\/li>\n<li>Construc\u021bie durabil\u0103 pentru utilizare pe via\u021b\u0103<\/li>\n<li>Proiectat\u0103 cu precizie pentru piuli\u021be de 1&#8243;<\/li>\n<\/ul>\n<p>\u00cembun\u0103t\u0103\u021bi\u021bi-v\u0103 echipamentul de re\u00eenc\u0103rcare cu acest instrument esen\u021bial, conceput pentru a face ajust\u0103rile matri\u0163elor rapide \u0219i f\u0103r\u0103 efort. Compatibil\u0103 cu piuli\u021bele standard de 1&#8243; ale matri\u0163elor, asigur\u00e2nd versatilitate \u0219i comoditate maxime.<\/p>\n<\/div>\n","protected":false},"excerpt":{"rendered":"<p>Cheie pentru matri\u0163e DAA de 1&#8243;: Sub\u0163ire, rezistent\u0103, versatil\u0103. Acces u\u015for pentru cei care re\u00eencarc\u0103.<\/p>\n","protected":false},"featured_media":27016,"template":"","meta":{"_acf_changed":false},"product_brand":[11281],"product_cat":[12745,12791],"product_tag":[],"class_list":{"0":"post-44986","1":"product","2":"type-product","3":"status-publish","4":"has-post-thumbnail","6":"product_brand-doublealpha","7":"product_cat-accesorii-reincarcare","8":"product_cat-reincarcare","10":"first","11":"outofstock","12":"taxable","13":"shipping-taxable","14":"purchasable","15":"product-type-simple"},"acf":[],"_links":{"self":[{"href":"https:\/\/staging.nbg.eu\/ro\/wp-json\/wp\/v2\/product\/44986","targetHints":{"allow":["GET"]}}],"collection":[{"href":"https:\/\/staging.nbg.eu\/ro\/wp-json\/wp\/v2\/product"}],"about":[{"href":"https:\/\/staging.nbg.eu\/ro\/wp-json\/wp\/v2\/types\/product"}],"wp:featuredmedia":[{"embeddable":true,"href":"https:\/\/staging.nbg.eu\/ro\/wp-json\/wp\/v2\/media\/27016"}],"wp:attachment":[{"href":"https:\/\/staging.nbg.eu\/ro\/wp-json\/wp\/v2\/media?parent=44986"}],"wp:term":[{"taxonomy":"product_brand","embeddable":true,"href":"https:\/\/staging.nbg.eu\/ro\/wp-json\/wp\/v2\/product_brand?post=44986"},{"taxonomy":"product_cat","embeddable":true,"href":"https:\/\/staging.nbg.eu\/ro\/wp-json\/wp\/v2\/product_cat?post=44986"},{"taxonomy":"product_tag","embeddable":true,"href":"https:\/\/staging.nbg.eu\/ro\/wp-json\/wp\/v2\/product_tag?post=44986"}],"curies":[{"name":"wp","href":"https:\/\/api.w.org\/{rel}","templated":true}]}}