{"id":44964,"date":"2024-08-18T09:31:20","date_gmt":"2024-08-18T09:31:20","guid":{"rendered":"https:\/\/staging.nbg.eu\/product\/dillon-daa-click-adjustable-powder-knob-v2\/"},"modified":"2024-09-10T11:51:17","modified_gmt":"2024-09-10T11:51:17","slug":"dillon-daa-buton-pulbere-reglabil-click-v2","status":"publish","type":"product","link":"https:\/\/staging.nbg.eu\/ro\/produs\/dillon-daa-buton-pulbere-reglabil-click-v2\/","title":{"rendered":"Dillon &#8211; Daa Buton Pulbere Reglabil Click V2"},"content":{"rendered":"<div class=\"product-description\">\n<h2>Dillon &#8211; Buton de reglare a pulberii DAA cu clic V2<\/h2>\n<p>\u00cembun\u0103t\u0103\u021bi\u021bi-v\u0103 experien\u021ba de re\u00eenc\u0103rcare cu butonul de reglare a pulberii DAA cu clic V2, oferta \u00eembun\u0103t\u0103\u021bit\u0103 de a doua genera\u021bie de la DAA. Acest buton proiectat cu precizie prezint\u0103:<\/p>\n<ul>\n<li>Construc\u021bie din aluminiu \u00een dou\u0103 piese pentru asamblare u\u0219oar\u0103<\/li>\n<li>Buton rotund de 32mm din aluminiu prelucrat cu gravare laser<\/li>\n<li>Margine exterioar\u0103 striat\u0103 pentru o prindere \u0219i control \u00eembun\u0103t\u0103\u021bite<\/li>\n<li>Clicuri audibile pentru reglaje precise de 18 grade<\/li>\n<li>20 de clicuri pe rota\u021bie pentru controlul precis al \u00eenc\u0103rc\u0103turii de pulbere<\/li>\n<li>Cadran gravat cu laser indic\u00e2nd cre\u0219terea\/sc\u0103derea \u00eenc\u0103rc\u0103turii<\/li>\n<li>Compatibil cu barele de \u00eenc\u0103rcare mici Dillon (nu pentru barele de \u00eenc\u0103rcare pentru pu\u0219c\u0103 mare)<\/li>\n<\/ul>\n<p>Instala\u021bi \u0219i regla\u021bi f\u0103r\u0103 efort \u00eenc\u0103rc\u0103turile de pulbere cu acest buton elegant, func\u021bional \u0219i u\u0219or de utilizat. \u00cembun\u0103t\u0103\u021bi\u021bi-v\u0103 configura\u021bia de re\u00eenc\u0103rcare ast\u0103zi!<\/p>\n<\/div>\n","protected":false},"excerpt":{"rendered":"<p>Ajustare precis\u0103 \u0219i u\u0219or de utilizat a \u00eenc\u0103rc\u0103turii de pulbere pentru presele Dillon.<\/p>\n","protected":false},"featured_media":27062,"template":"","meta":{"_acf_changed":false},"product_brand":[11281],"product_cat":[12745,12791],"product_tag":[],"class_list":{"0":"post-44964","1":"product","2":"type-product","3":"status-publish","4":"has-post-thumbnail","6":"product_brand-doublealpha","7":"product_cat-accesorii-reincarcare","8":"product_cat-reincarcare","10":"first","11":"outofstock","12":"taxable","13":"shipping-taxable","14":"purchasable","15":"product-type-simple"},"acf":[],"_links":{"self":[{"href":"https:\/\/staging.nbg.eu\/ro\/wp-json\/wp\/v2\/product\/44964","targetHints":{"allow":["GET"]}}],"collection":[{"href":"https:\/\/staging.nbg.eu\/ro\/wp-json\/wp\/v2\/product"}],"about":[{"href":"https:\/\/staging.nbg.eu\/ro\/wp-json\/wp\/v2\/types\/product"}],"wp:featuredmedia":[{"embeddable":true,"href":"https:\/\/staging.nbg.eu\/ro\/wp-json\/wp\/v2\/media\/27062"}],"wp:attachment":[{"href":"https:\/\/staging.nbg.eu\/ro\/wp-json\/wp\/v2\/media?parent=44964"}],"wp:term":[{"taxonomy":"product_brand","embeddable":true,"href":"https:\/\/staging.nbg.eu\/ro\/wp-json\/wp\/v2\/product_brand?post=44964"},{"taxonomy":"product_cat","embeddable":true,"href":"https:\/\/staging.nbg.eu\/ro\/wp-json\/wp\/v2\/product_cat?post=44964"},{"taxonomy":"product_tag","embeddable":true,"href":"https:\/\/staging.nbg.eu\/ro\/wp-json\/wp\/v2\/product_tag?post=44964"}],"curies":[{"name":"wp","href":"https:\/\/api.w.org\/{rel}","templated":true}]}}