{"id":44942,"date":"2024-08-18T09:31:43","date_gmt":"2024-08-18T09:31:43","guid":{"rendered":"https:\/\/staging.nbg.eu\/product\/daa-reloading-hex-key-set\/"},"modified":"2024-09-10T11:36:02","modified_gmt":"2024-09-10T11:36:02","slug":"set-chei-hexagonale-daa-reloading","status":"publish","type":"product","link":"https:\/\/staging.nbg.eu\/ro\/produs\/set-chei-hexagonale-daa-reloading\/","title":{"rendered":"Set Chei Hexagonale Daa Reloading"},"content":{"rendered":"<p>\u00cembun\u0103t\u0103\u021bi\u021bi experien\u021ba de re\u00eenc\u0103rcare cu setul de chei hexagonale DAA pentru re\u00eenc\u0103rcare. Acest set de 7 piese de chei Allen lungi, cu cap sferic, prezint\u0103:<\/p>\n<ul>\n<li>Construc\u021bie de \u00eenalt\u0103 calitate<\/li>\n<li>Umeri acoperi\u021bi cu vinil ro\u0219u str\u0103lucitor pentru vizibilitate<\/li>\n<li>Perfect pentru presele Dillon \u0219i alte prese fabricate \u00een SUA<\/li>\n<li>Dimensiuni: 5\/64&#8243;, 3\/32&#8243;, 1\/8&#8243;, 9\/64&#8243;, 5\/32&#8243;, 3\/16&#8243;, 1\/4&#8243;<\/li>\n<\/ul>\n<p>Companionul ideal pentru suportul de unelte DAA pentru presa de re\u00eenc\u0103rcare.<\/p>\n","protected":false},"excerpt":{"rendered":"<p>Set de 7 chei Allen cu cap sferic pentru prese de re\u00eenc\u0103rcare din SUA. Vinil ro\u0219u.<\/p>\n","protected":false},"featured_media":27154,"template":"","meta":{"_acf_changed":false},"product_brand":[11281],"product_cat":[12745,12791],"product_tag":[],"class_list":{"0":"post-44942","1":"product","2":"type-product","3":"status-publish","4":"has-post-thumbnail","6":"product_brand-doublealpha","7":"product_cat-accesorii-reincarcare","8":"product_cat-reincarcare","10":"first","11":"outofstock","12":"taxable","13":"shipping-taxable","14":"purchasable","15":"product-type-simple"},"acf":[],"_links":{"self":[{"href":"https:\/\/staging.nbg.eu\/ro\/wp-json\/wp\/v2\/product\/44942","targetHints":{"allow":["GET"]}}],"collection":[{"href":"https:\/\/staging.nbg.eu\/ro\/wp-json\/wp\/v2\/product"}],"about":[{"href":"https:\/\/staging.nbg.eu\/ro\/wp-json\/wp\/v2\/types\/product"}],"wp:featuredmedia":[{"embeddable":true,"href":"https:\/\/staging.nbg.eu\/ro\/wp-json\/wp\/v2\/media\/27154"}],"wp:attachment":[{"href":"https:\/\/staging.nbg.eu\/ro\/wp-json\/wp\/v2\/media?parent=44942"}],"wp:term":[{"taxonomy":"product_brand","embeddable":true,"href":"https:\/\/staging.nbg.eu\/ro\/wp-json\/wp\/v2\/product_brand?post=44942"},{"taxonomy":"product_cat","embeddable":true,"href":"https:\/\/staging.nbg.eu\/ro\/wp-json\/wp\/v2\/product_cat?post=44942"},{"taxonomy":"product_tag","embeddable":true,"href":"https:\/\/staging.nbg.eu\/ro\/wp-json\/wp\/v2\/product_tag?post=44942"}],"curies":[{"name":"wp","href":"https:\/\/api.w.org\/{rel}","templated":true}]}}