{"id":44920,"date":"2024-08-18T09:32:43","date_gmt":"2024-08-18T09:32:43","guid":{"rendered":"https:\/\/staging.nbg.eu\/product\/daa-toolhead-led-lighting-controller-unit\/"},"modified":"2024-09-10T11:31:04","modified_gmt":"2024-09-10T11:31:04","slug":"daa-carcasa-rigida-medie-300","status":"publish","type":"product","link":"https:\/\/staging.nbg.eu\/ro\/produs\/daa-carcasa-rigida-medie-300\/","title":{"rendered":"Daa Carcas\u0103 Rigid\u0103 Medie &#8211; 300"},"content":{"rendered":"<h2>Unitate de control pentru iluminarea cu LED a capului de scule DAA<\/h2>\n<p>Ilumina\u021bi-v\u0103 spa\u021biul de lucru cu precizie! Acest controler versatil alimenteaz\u0103 toate luminile LED pentru capul de scule DAA, de la pl\u0103cile cu 4 LED-uri p\u00e2n\u0103 la pl\u0103cile Mark7 cu 10 LED-uri. Caracteristicile includ:<\/p>\n<ul>\n<li>Electronic\u0103 inteligent\u0103 pentru identificarea automat\u0103 a pl\u0103cii<\/li>\n<li>Design compact cu comutator ON\/OFF cu rol\u0103 \u0219i poten\u021biometru pentru reglarea intensit\u0103\u021bii<\/li>\n<li>Cablu de conectare de 30 cm<\/li>\n<li>Band\u0103 Velcro pentru montare u\u0219oar\u0103<\/li>\n<li>Surs\u0103 de alimentare 110\/220V cu cablu de 2M \u0219i \u0219techere pentru SUA\/UE<\/li>\n<\/ul>\n<p>Optimiza\u021bi-v\u0103 configura\u021bia de iluminat cu acest accesoriu esen\u021bial!<\/p>\n","protected":false},"excerpt":{"rendered":"<p>Controler LED versatil cu dimmer pentru iluminarea presei de re\u00eenc\u0103rcare.<\/p>\n","protected":false},"featured_media":27200,"template":"","meta":{"_acf_changed":false},"product_brand":[11281],"product_cat":[12745,12791],"product_tag":[],"class_list":{"0":"post-44920","1":"product","2":"type-product","3":"status-publish","4":"has-post-thumbnail","6":"product_brand-doublealpha","7":"product_cat-accesorii-reincarcare","8":"product_cat-reincarcare","10":"first","11":"outofstock","12":"taxable","13":"shipping-taxable","14":"purchasable","15":"product-type-simple"},"acf":[],"_links":{"self":[{"href":"https:\/\/staging.nbg.eu\/ro\/wp-json\/wp\/v2\/product\/44920","targetHints":{"allow":["GET"]}}],"collection":[{"href":"https:\/\/staging.nbg.eu\/ro\/wp-json\/wp\/v2\/product"}],"about":[{"href":"https:\/\/staging.nbg.eu\/ro\/wp-json\/wp\/v2\/types\/product"}],"wp:featuredmedia":[{"embeddable":true,"href":"https:\/\/staging.nbg.eu\/ro\/wp-json\/wp\/v2\/media\/27200"}],"wp:attachment":[{"href":"https:\/\/staging.nbg.eu\/ro\/wp-json\/wp\/v2\/media?parent=44920"}],"wp:term":[{"taxonomy":"product_brand","embeddable":true,"href":"https:\/\/staging.nbg.eu\/ro\/wp-json\/wp\/v2\/product_brand?post=44920"},{"taxonomy":"product_cat","embeddable":true,"href":"https:\/\/staging.nbg.eu\/ro\/wp-json\/wp\/v2\/product_cat?post=44920"},{"taxonomy":"product_tag","embeddable":true,"href":"https:\/\/staging.nbg.eu\/ro\/wp-json\/wp\/v2\/product_tag?post=44920"}],"curies":[{"name":"wp","href":"https:\/\/api.w.org\/{rel}","templated":true}]}}