{"id":44876,"date":"2024-08-18T09:33:23","date_gmt":"2024-08-18T09:33:23","guid":{"rendered":"https:\/\/staging.nbg.eu\/product\/daa-toolhead-led-lighting-pcb-dillon-1050-1100\/"},"modified":"2024-09-10T11:21:47","modified_gmt":"2024-09-10T11:21:47","slug":"pro-grip-lotiune-2oz","status":"publish","type":"product","link":"https:\/\/staging.nbg.eu\/ro\/produs\/pro-grip-lotiune-2oz\/","title":{"rendered":"Pro Grip Lo\u021biune 2Oz"},"content":{"rendered":"<h2>Plac\u0103 PCB cu iluminare LED pentru capul de scule DAA &#8211; Dillon 1050\/1100<\/h2>\n<p>\u00cembun\u0103t\u0103\u021bi\u021bi experien\u021ba de re\u00eenc\u0103rcare cu placa PCB cu iluminare LED pentru capul de scule DAA pentru Dillon 1050\/1100. Aceast\u0103 plac\u0103 PCB de aluminiu de \u00eenalt\u0103 calitate ofer\u0103:<\/p>\n<ul>\n<li>8 lumini LED str\u0103lucitoare pentru iluminarea perfect\u0103 a pl\u0103cii de cartu\u0219e<\/li>\n<li>Culoare alb\u0103 pentru o reflec\u021bie sporit\u0103 a luminii<\/li>\n<li>Pre-montat\u0103 cu band\u0103 adeziv\u0103 dublu-adeziv\u0103 pentru o instalare u\u0219oar\u0103<\/li>\n<li>Compatibil\u0103 cu unitatea de control DAA (v\u00e2ndut\u0103 separat)<\/li>\n<li>Func\u021bie de reglare a intensit\u0103\u021bii pentru iluminare personalizabil\u0103<\/li>\n<\/ul>\n<p>Reduce\u021bi oboseala ochilor \u0219i minimiza\u021bi gre\u0219elile \u00een timpul re\u00eenc\u0103rc\u0103rii. Designul simplificat permite configura\u021bii multiple rentabile ale capului de scule. Compatibil cu capul de scule Dillon CP2000 (sta\u021bia 4 trebuie l\u0103sat\u0103 liber\u0103). \u00cembun\u0103t\u0103\u021bi\u021bi-v\u0103 sta\u021bia de re\u00eenc\u0103rcare ast\u0103zi!<\/p>\n","protected":false},"excerpt":{"rendered":"<p>Iluminare LED str\u0103lucitoare pentru re\u00eenc\u0103rcarea Dillon 1050\/1100, \u00eembun\u0103t\u0103\u021be\u0219te vizibilitatea.<\/p>\n","protected":false},"featured_media":27246,"template":"","meta":{"_acf_changed":false},"product_brand":[11281],"product_cat":[12745,12791],"product_tag":[],"class_list":{"0":"post-44876","1":"product","2":"type-product","3":"status-publish","4":"has-post-thumbnail","6":"product_brand-doublealpha","7":"product_cat-accesorii-reincarcare","8":"product_cat-reincarcare","10":"first","11":"outofstock","12":"taxable","13":"shipping-taxable","14":"purchasable","15":"product-type-simple"},"acf":[],"_links":{"self":[{"href":"https:\/\/staging.nbg.eu\/ro\/wp-json\/wp\/v2\/product\/44876","targetHints":{"allow":["GET"]}}],"collection":[{"href":"https:\/\/staging.nbg.eu\/ro\/wp-json\/wp\/v2\/product"}],"about":[{"href":"https:\/\/staging.nbg.eu\/ro\/wp-json\/wp\/v2\/types\/product"}],"wp:featuredmedia":[{"embeddable":true,"href":"https:\/\/staging.nbg.eu\/ro\/wp-json\/wp\/v2\/media\/27246"}],"wp:attachment":[{"href":"https:\/\/staging.nbg.eu\/ro\/wp-json\/wp\/v2\/media?parent=44876"}],"wp:term":[{"taxonomy":"product_brand","embeddable":true,"href":"https:\/\/staging.nbg.eu\/ro\/wp-json\/wp\/v2\/product_brand?post=44876"},{"taxonomy":"product_cat","embeddable":true,"href":"https:\/\/staging.nbg.eu\/ro\/wp-json\/wp\/v2\/product_cat?post=44876"},{"taxonomy":"product_tag","embeddable":true,"href":"https:\/\/staging.nbg.eu\/ro\/wp-json\/wp\/v2\/product_tag?post=44876"}],"curies":[{"name":"wp","href":"https:\/\/api.w.org\/{rel}","templated":true}]}}