{"id":44854,"date":"2024-08-18T09:33:44","date_gmt":"2024-08-18T09:33:44","guid":{"rendered":"https:\/\/staging.nbg.eu\/product\/pro-grip-lotion-2oz\/"},"modified":"2024-09-10T11:15:30","modified_gmt":"2024-09-10T11:15:30","slug":"daa-magnet-cu-surub-m5","status":"publish","type":"product","link":"https:\/\/staging.nbg.eu\/ro\/produs\/daa-magnet-cu-surub-m5\/","title":{"rendered":"DAA Magnet cu \u0218urub M5"},"content":{"rendered":"<p>\n\u00cembun\u0103t\u0103\u021bi\u021bi-v\u0103 performan\u021ba la tir cu Lo\u021biunea Pro Grip de 2 uncii. De \u00eencredere pentru campioni precum Jerry Barnhart, Todd Jarrett \u0219i Saul Kirsch, aceast\u0103 lo\u021biune ambalat\u0103 convenabil dep\u0103\u0219e\u0219te performan\u021bele colofoniului \u0219i cretei. Experimenta\u021bi o aderen\u021b\u0103 superioar\u0103, un control mai bun al armei \u0219i timpi de recuperare mai rapizi. Un accesoriu esen\u021bial pentru geanta fiec\u0103rui tr\u0103g\u0103tor, Pro Grip este arma secret\u0103 pentru succesul \u00een tirul de ac\u021biune.<\/p>\n","protected":false},"excerpt":{"rendered":"<p>Pro Grip: Lo\u021biune aprobat\u0103 de campioni pentru un control superior al armei.<\/p>\n","protected":false},"featured_media":27292,"template":"","meta":{"_acf_changed":false},"product_brand":[11281],"product_cat":[12782,12762,12749],"product_tag":[],"class_list":{"0":"post-44854","1":"product","2":"type-product","3":"status-publish","4":"has-post-thumbnail","6":"product_brand-doublealpha","7":"product_cat-accesorii-toc","8":"product_cat-echipament","9":"product_cat-toc","11":"first","12":"instock","13":"taxable","14":"shipping-taxable","15":"purchasable","16":"product-type-simple"},"acf":[],"_links":{"self":[{"href":"https:\/\/staging.nbg.eu\/ro\/wp-json\/wp\/v2\/product\/44854","targetHints":{"allow":["GET"]}}],"collection":[{"href":"https:\/\/staging.nbg.eu\/ro\/wp-json\/wp\/v2\/product"}],"about":[{"href":"https:\/\/staging.nbg.eu\/ro\/wp-json\/wp\/v2\/types\/product"}],"wp:featuredmedia":[{"embeddable":true,"href":"https:\/\/staging.nbg.eu\/ro\/wp-json\/wp\/v2\/media\/27292"}],"wp:attachment":[{"href":"https:\/\/staging.nbg.eu\/ro\/wp-json\/wp\/v2\/media?parent=44854"}],"wp:term":[{"taxonomy":"product_brand","embeddable":true,"href":"https:\/\/staging.nbg.eu\/ro\/wp-json\/wp\/v2\/product_brand?post=44854"},{"taxonomy":"product_cat","embeddable":true,"href":"https:\/\/staging.nbg.eu\/ro\/wp-json\/wp\/v2\/product_cat?post=44854"},{"taxonomy":"product_tag","embeddable":true,"href":"https:\/\/staging.nbg.eu\/ro\/wp-json\/wp\/v2\/product_tag?post=44854"}],"curies":[{"name":"wp","href":"https:\/\/api.w.org\/{rel}","templated":true}]}}