{"id":44832,"date":"2024-08-18T09:34:28","date_gmt":"2024-08-18T09:34:28","guid":{"rendered":"https:\/\/staging.nbg.eu\/product\/daa-magnet-with-m5-screw-for-rm-pouch\/"},"modified":"2024-09-10T11:11:39","modified_gmt":"2024-09-10T11:11:39","slug":"daa-pachet-de-4-gulere-magnetice-pentru-tub-capsa","status":"publish","type":"product","link":"https:\/\/staging.nbg.eu\/ro\/produs\/daa-pachet-de-4-gulere-magnetice-pentru-tub-capsa\/","title":{"rendered":"Daa Pachet de 4 Gulere Magnetice pentru Tub Caps\u0103"},"content":{"rendered":"<h2>Magnet DAA Super-Puternic pentru Tocul Alpha-Xi\/X \u0219i Race Master<\/h2>\n<p>\u00cembun\u0103t\u0103\u021bi\u021bi-v\u0103 echipamentul de tragere cu magne\u021bii no\u0219tri puternici DAA Super-Strong, concepu\u021bi pentru tocurile Alpha-Xi, Alpha-X \u0219i Race Master.<\/p>\n<ul>\n<li>Placat cu zinc pentru durabilitate<\/li>\n<li>For\u021b\u0103 de trac\u021biune impresionant\u0103 de 87kg<\/li>\n<li>Diametru de 50mm, grosime de 12mm (inclusiv carcasa)<\/li>\n<li>Ata\u0219are sigur\u0103 cu \u0219urub M5<\/li>\n<\/ul>\n<p>Instalarea este simpl\u0103:<\/p>\n<ol>\n<li>Fileta\u021bi gaura de 4,2mm din partea frontal\u0103 a tocului cu un tap M5<\/li>\n<li>\u00cenfileta\u021bi cu aten\u021bie magnetul<\/li>\n<li>Asigura\u021bi cu LockTite pentru stabilitate suplimentar\u0103<\/li>\n<\/ol>\n<p>Experimenta\u021bi o plasare \u0219i o re\u021binere \u00eencrez\u0103toare a \u00eenc\u0103rc\u0103torului \u00een timpul mi\u0219c\u0103rilor dinamice. \u00cembun\u0103t\u0103\u021bi\u021bi-v\u0103 tocul ast\u0103zi pentru performan\u021be sporite!<\/p>\n","protected":false},"excerpt":{"rendered":"<p>Magnet puternic cu \u0219urub M5 pentru tocurile Alpha-Xi\/X \u0219i Race Master.<\/p>\n","protected":false},"featured_media":27338,"template":"","meta":{"_acf_changed":false},"product_brand":[11281],"product_cat":[12782,12749,12787],"product_tag":[],"class_list":{"0":"post-44832","1":"product","2":"type-product","3":"status-publish","4":"has-post-thumbnail","6":"product_brand-doublealpha","7":"product_cat-accesorii-toc","8":"product_cat-toc","9":"product_cat-toc-sport","11":"first","12":"instock","13":"taxable","14":"shipping-taxable","15":"purchasable","16":"product-type-simple"},"acf":[],"_links":{"self":[{"href":"https:\/\/staging.nbg.eu\/ro\/wp-json\/wp\/v2\/product\/44832","targetHints":{"allow":["GET"]}}],"collection":[{"href":"https:\/\/staging.nbg.eu\/ro\/wp-json\/wp\/v2\/product"}],"about":[{"href":"https:\/\/staging.nbg.eu\/ro\/wp-json\/wp\/v2\/types\/product"}],"wp:featuredmedia":[{"embeddable":true,"href":"https:\/\/staging.nbg.eu\/ro\/wp-json\/wp\/v2\/media\/27338"}],"wp:attachment":[{"href":"https:\/\/staging.nbg.eu\/ro\/wp-json\/wp\/v2\/media?parent=44832"}],"wp:term":[{"taxonomy":"product_brand","embeddable":true,"href":"https:\/\/staging.nbg.eu\/ro\/wp-json\/wp\/v2\/product_brand?post=44832"},{"taxonomy":"product_cat","embeddable":true,"href":"https:\/\/staging.nbg.eu\/ro\/wp-json\/wp\/v2\/product_cat?post=44832"},{"taxonomy":"product_tag","embeddable":true,"href":"https:\/\/staging.nbg.eu\/ro\/wp-json\/wp\/v2\/product_tag?post=44832"}],"curies":[{"name":"wp","href":"https:\/\/api.w.org\/{rel}","templated":true}]}}