{"id":44810,"date":"2024-08-18T09:35:16","date_gmt":"2024-08-18T09:35:16","guid":{"rendered":"https:\/\/staging.nbg.eu\/product\/daa-4-pack-magnetic-collars-for-primer-tube\/"},"modified":"2024-09-10T11:06:06","modified_gmt":"2024-09-10T11:06:06","slug":"mr-bulletfeeder-pro-ansamblu-distribuitor-938s","status":"publish","type":"product","link":"https:\/\/staging.nbg.eu\/ro\/produs\/mr-bulletfeeder-pro-ansamblu-distribuitor-938s\/","title":{"rendered":"Mr. Bulletfeeder Pro Ansamblu Distribuitor 9\/38S"},"content":{"rendered":"<div class=\"product-description\">\n<h2>Set de 4 Coliere Magnetice DAA pentru Tuburi de Amorse<\/h2>\n<p>\u00cembun\u0103t\u0103\u021bi\u021bi eficien\u021ba re\u00eenc\u0103rc\u0103rii cu Setul de 4 Coliere Magnetice DAA, concepute special pentru utilizarea cu tuburile de ridicare Dillon \u0219i cu colatorul de amorse PRIMER-PRO.<\/p>\n<ul>\n<li>Setul include 4 coliere din polimer cu magne\u021bi securiza\u021bi \u0219i \u0219uruburi de fixare<\/li>\n<li>Compatibile cu tuburile de amorse Dillon<\/li>\n<li>Ideale pentru pre-umplerea mai multor tuburi \u00eenainte de sesiunile de re\u00eenc\u0103rcare<\/li>\n<li>Elimin\u0103 necesitatea de a reveni frecvent la unitatea PRIMER-PRO<\/li>\n<li>Complement perfect pentru PRIMER-PRO, care este livrat cu un Colier Magnetic<\/li>\n<\/ul>\n<p><strong>Not\u0103:<\/strong> Tuburile de amorse NU sunt incluse.<\/p>\n<p>Optimiza\u021bi fluxul de lucru al re\u00eenc\u0103rc\u0103rii \u0219i economisi\u021bi timp cu aceste Coliere Magnetice suplimentare, permi\u021b\u00e2ndu-v\u0103 s\u0103 preg\u0103ti\u021bi \u00een avans mai multe tuburi de amorse.<\/p>\n<\/div>\n","protected":false},"excerpt":{"rendered":"<p>4 gulere magnetice pentru tuburile de amorse Dillon. Se utilizeaz\u0103 cu PRIMER-PRO.<\/p>\n","protected":false},"featured_media":27361,"template":"","meta":{"_acf_changed":false},"product_brand":[11281],"product_cat":[12745,12791],"product_tag":[],"class_list":{"0":"post-44810","1":"product","2":"type-product","3":"status-publish","4":"has-post-thumbnail","6":"product_brand-doublealpha","7":"product_cat-accesorii-reincarcare","8":"product_cat-reincarcare","10":"first","11":"outofstock","12":"taxable","13":"shipping-taxable","14":"purchasable","15":"product-type-simple"},"acf":[],"_links":{"self":[{"href":"https:\/\/staging.nbg.eu\/ro\/wp-json\/wp\/v2\/product\/44810","targetHints":{"allow":["GET"]}}],"collection":[{"href":"https:\/\/staging.nbg.eu\/ro\/wp-json\/wp\/v2\/product"}],"about":[{"href":"https:\/\/staging.nbg.eu\/ro\/wp-json\/wp\/v2\/types\/product"}],"wp:featuredmedia":[{"embeddable":true,"href":"https:\/\/staging.nbg.eu\/ro\/wp-json\/wp\/v2\/media\/27361"}],"wp:attachment":[{"href":"https:\/\/staging.nbg.eu\/ro\/wp-json\/wp\/v2\/media?parent=44810"}],"wp:term":[{"taxonomy":"product_brand","embeddable":true,"href":"https:\/\/staging.nbg.eu\/ro\/wp-json\/wp\/v2\/product_brand?post=44810"},{"taxonomy":"product_cat","embeddable":true,"href":"https:\/\/staging.nbg.eu\/ro\/wp-json\/wp\/v2\/product_cat?post=44810"},{"taxonomy":"product_tag","embeddable":true,"href":"https:\/\/staging.nbg.eu\/ro\/wp-json\/wp\/v2\/product_tag?post=44810"}],"curies":[{"name":"wp","href":"https:\/\/api.w.org\/{rel}","templated":true}]}}