{"id":44718,"date":"2024-08-18T09:36:21","date_gmt":"2024-08-18T09:36:21","guid":{"rendered":"https:\/\/staging.nbg.eu\/product\/ced-deluxe-quick-patch-tape-gun\/"},"modified":"2024-09-10T09:16:22","modified_gmt":"2024-09-10T09:16:22","slug":"mrbulletfeeder-pro-938s","status":"publish","type":"product","link":"https:\/\/staging.nbg.eu\/ro\/produs\/mrbulletfeeder-pro-938s\/","title":{"rendered":"Mr.Bulletfeeder Pro 9\/38S"},"content":{"rendered":"<p>V\u0103 prezent\u0103m Pistolul de Lipit Petice CED Deluxe Quick Patch: Solu\u021bia suprem\u0103 pentru repararea g\u0103urilor din \u021binte!<\/p>\n<ul>\n<li>Mai rapid \u0219i mai u\u0219or dec\u00e2t lipirea manual\u0103<\/li>\n<li>Compatibil cu majoritatea peticelor de dimensiuni standard<\/li>\n<li>Func\u021bionare simpl\u0103 prin str\u00e2ngere \u0219i eliberare<\/li>\n<li>U\u0219or de \u021bintit, utilizat \u0219i re\u00eenc\u0103rcat<\/li>\n<li>Cre\u0219te eficien\u021ba \u0219i economise\u0219te timp<\/li>\n<li>Distractiv \u0219i f\u0103r\u0103 efort \u00een utilizare<\/li>\n<\/ul>\n<p>\u00cembun\u0103t\u0103\u021bi\u021bi-v\u0103 practica de tir cu Pistolul de Lipit CED Deluxe &#8211; instrumentul all-in-one pentru lipirea rapid\u0103 \u0219i eficient\u0103 a peticelor!<\/p>\n","protected":false},"excerpt":{"rendered":"<p>Instrument eficient pentru peticirea \u021bintelor. U\u0219or de utilizat, \u00eenc\u0103rcat \u0219i \u021bintit. Distractiv!<\/p>\n","protected":false},"featured_media":27522,"template":"","meta":{"_acf_changed":false},"product_brand":[11281],"product_cat":[12760,12793,12768],"product_tag":[],"class_list":{"0":"post-44718","1":"product","2":"type-product","3":"status-publish","4":"has-post-thumbnail","6":"product_brand-doublealpha","7":"product_cat-petice-si-pistoale-de-peticit","8":"product_cat-tinte","9":"product_cat-tinte-de-hartie","11":"first","12":"instock","13":"taxable","14":"shipping-taxable","15":"purchasable","16":"product-type-simple"},"acf":[],"_links":{"self":[{"href":"https:\/\/staging.nbg.eu\/ro\/wp-json\/wp\/v2\/product\/44718","targetHints":{"allow":["GET"]}}],"collection":[{"href":"https:\/\/staging.nbg.eu\/ro\/wp-json\/wp\/v2\/product"}],"about":[{"href":"https:\/\/staging.nbg.eu\/ro\/wp-json\/wp\/v2\/types\/product"}],"wp:featuredmedia":[{"embeddable":true,"href":"https:\/\/staging.nbg.eu\/ro\/wp-json\/wp\/v2\/media\/27522"}],"wp:attachment":[{"href":"https:\/\/staging.nbg.eu\/ro\/wp-json\/wp\/v2\/media?parent=44718"}],"wp:term":[{"taxonomy":"product_brand","embeddable":true,"href":"https:\/\/staging.nbg.eu\/ro\/wp-json\/wp\/v2\/product_brand?post=44718"},{"taxonomy":"product_cat","embeddable":true,"href":"https:\/\/staging.nbg.eu\/ro\/wp-json\/wp\/v2\/product_cat?post=44718"},{"taxonomy":"product_tag","embeddable":true,"href":"https:\/\/staging.nbg.eu\/ro\/wp-json\/wp\/v2\/product_tag?post=44718"}],"curies":[{"name":"wp","href":"https:\/\/api.w.org\/{rel}","templated":true}]}}