{"id":44696,"date":"2024-08-18T09:36:41","date_gmt":"2024-08-18T09:36:41","guid":{"rendered":"https:\/\/staging.nbg.eu\/product\/mr-bulletfeeder-pro-9-38s\/"},"modified":"2024-09-10T09:12:33","modified_gmt":"2024-09-10T09:12:33","slug":"daa-carry-it-all-cia-rucsac","status":"publish","type":"product","link":"https:\/\/staging.nbg.eu\/ro\/produs\/daa-carry-it-all-cia-rucsac\/","title":{"rendered":"Daa Carry It All (Cia) Rucsac"},"content":{"rendered":"<div class=\"product-description\">\n<h2>Mr.Bulletfeeder Pro 9\/38S<\/h2>\n<p>\u00cembun\u0103t\u0103\u021bi\u021bi-v\u0103 experien\u021ba de re\u00eenc\u0103rcare cu Mr.Bulletfeeder Pro 9\/38S, solu\u021bia suprem\u0103 pentru produc\u021bia de muni\u021bie \u00een volum mare. Acest alimentator de gloan\u021be avansat se m\u00e2ndre\u0219te cu:<\/p>\n<ul>\n<li>Capacitate imens\u0103: Con\u021bine peste 1.000 de gloan\u021be de 9mm 124 gr<\/li>\n<li>Produc\u021bie impresionant\u0103: P\u00e2n\u0103 la 7.200 de gloan\u021be pe or\u0103<\/li>\n<li>Construc\u021bie robust\u0103: Matri\u021b\u0103 de picurare din o\u021bel pentru durabilitate crescut\u0103<\/li>\n<li>Suport ajustabil: Din aluminiu, telescopic \u0219i cu \u00een\u0103l\u021bime reglabil\u0103 pentru pozi\u021bionare optim\u0103<\/li>\n<li>Fiabilitate \u00eembun\u0103t\u0103\u021bit\u0103: Componentele mai grele asigur\u0103 o performan\u021b\u0103 constant\u0103<\/li>\n<\/ul>\n<p>Perfect pentru re\u00eenc\u0103rc\u0103torii comerciali \u0219i tr\u0103g\u0103torii de volum mare, Mr.Bulletfeeder Pro 9\/38S eficientizeaz\u0103 procesul de produc\u021bie a muni\u021biei, economisind timp \u0219i efort.<\/p>\n<\/div>\n","protected":false},"excerpt":{"rendered":"<p>Mr.Bulletfeeder Pro 9\/38S: Alimentator de gloan\u021be de mare capacitate pentru re\u00eenc\u0103rc\u0103torii serio\u0219i.<\/p>\n","protected":false},"featured_media":27545,"template":"","meta":{"_acf_changed":false},"product_brand":[11281],"product_cat":[12763,12791],"product_tag":[],"class_list":{"0":"post-44696","1":"product","2":"type-product","3":"status-publish","4":"has-post-thumbnail","6":"product_brand-doublealpha","7":"product_cat-masini-de-reincarcare","8":"product_cat-reincarcare","10":"first","11":"outofstock","12":"taxable","13":"shipping-taxable","14":"purchasable","15":"product-type-simple"},"acf":[],"_links":{"self":[{"href":"https:\/\/staging.nbg.eu\/ro\/wp-json\/wp\/v2\/product\/44696","targetHints":{"allow":["GET"]}}],"collection":[{"href":"https:\/\/staging.nbg.eu\/ro\/wp-json\/wp\/v2\/product"}],"about":[{"href":"https:\/\/staging.nbg.eu\/ro\/wp-json\/wp\/v2\/types\/product"}],"wp:featuredmedia":[{"embeddable":true,"href":"https:\/\/staging.nbg.eu\/ro\/wp-json\/wp\/v2\/media\/27545"}],"wp:attachment":[{"href":"https:\/\/staging.nbg.eu\/ro\/wp-json\/wp\/v2\/media?parent=44696"}],"wp:term":[{"taxonomy":"product_brand","embeddable":true,"href":"https:\/\/staging.nbg.eu\/ro\/wp-json\/wp\/v2\/product_brand?post=44696"},{"taxonomy":"product_cat","embeddable":true,"href":"https:\/\/staging.nbg.eu\/ro\/wp-json\/wp\/v2\/product_cat?post=44696"},{"taxonomy":"product_tag","embeddable":true,"href":"https:\/\/staging.nbg.eu\/ro\/wp-json\/wp\/v2\/product_tag?post=44696"}],"curies":[{"name":"wp","href":"https:\/\/api.w.org\/{rel}","templated":true}]}}