{"id":44674,"date":"2024-08-18T09:37:01","date_gmt":"2024-08-18T09:37:01","guid":{"rendered":"https:\/\/staging.nbg.eu\/product\/daa-carry-it-all-cia-backpack\/"},"modified":"2024-09-10T09:08:59","modified_gmt":"2024-09-10T09:08:59","slug":"flex-holster-set-dinti-de-blocare-glisiera-de-rezerva","status":"publish","type":"product","link":"https:\/\/staging.nbg.eu\/ro\/produs\/flex-holster-set-dinti-de-blocare-glisiera-de-rezerva\/","title":{"rendered":"Flex Holster &#8211; Set Din\u021bi de Blocare Glisier\u0103 de Rezerv\u0103"},"content":{"rendered":"<h2>Rucsac DAA Carry It All (CIA)<\/h2>\n<p>Tovar\u0103\u0219ul suprem pentru tr\u0103g\u0103torii IPSC dedica\u021bi, rucsacul Double-Alpha CIA este conceput pentru a \u00eendeplini \u0219i dep\u0103\u0219i a\u0219tept\u0103rile dumneavoastr\u0103.<\/p>\n<h2>Caracteristici cheie:<\/h2>\n<ul>\n<li>Material durabil D600 Cordura cu propriet\u0103\u021bi hidrofuge<\/li>\n<li>Baz\u0103 c\u0103ptu\u0219it\u0103 cu Hypalon pentru protec\u021bie suplimentar\u0103<\/li>\n<li>Interior c\u0103ptu\u0219it cu Velcro pentru depozitare personalizabil\u0103<\/li>\n<li>Parti\u021bie central\u0103 deta\u0219abil\u0103<\/li>\n<li>Buzunar frontal superior spa\u021bios pentru protec\u021bie auditiv\u0103<\/li>\n<li>Panou exterior cu Velcro pentru personalizare<\/li>\n<li>Chingi MOLLE pentru ata\u0219amente suplimentare<\/li>\n<li>Bretele confortabile \u0219i deta\u0219abile<\/li>\n<li>Design ergonomic pentru o distribu\u021bie optim\u0103 a greut\u0103\u021bii<\/li>\n<\/ul>\n<h2>Specifica\u021bii:<\/h2>\n<ul>\n<li>Dimensiuni: 42L x 27A x 56\u00ce cm<\/li>\n<li>Capacitate: Aprox. 37L<\/li>\n<li>Greutate: 2.8 kg<\/li>\n<li>Culoare: Negru<\/li>\n<\/ul>\n<p>Experimenta\u021bi combina\u021bia perfect\u0103 de durabilitate, func\u021bionalitate \u0219i confort cu rucsacul DAA CIA \u2013 echipamentul esen\u021bial pentru ani de serviciu de \u00eencredere pe poligon.<\/p>\n","protected":false},"excerpt":{"rendered":"<p>Rucsac DAA CIA: Geant\u0103 de tir durabil\u0103 \u0219i versatil\u0103 pentru tr\u0103g\u0103torii IPSC.<\/p>\n","protected":false},"featured_media":27775,"template":"","meta":{"_acf_changed":false},"product_brand":[11281],"product_cat":[12762,12808],"product_tag":[],"class_list":{"0":"post-44674","1":"product","2":"type-product","3":"status-publish","4":"has-post-thumbnail","6":"product_brand-doublealpha","7":"product_cat-echipament","8":"product_cat-genti-poligon","10":"first","11":"outofstock","12":"taxable","13":"shipping-taxable","14":"purchasable","15":"product-type-simple"},"acf":[],"_links":{"self":[{"href":"https:\/\/staging.nbg.eu\/ro\/wp-json\/wp\/v2\/product\/44674","targetHints":{"allow":["GET"]}}],"collection":[{"href":"https:\/\/staging.nbg.eu\/ro\/wp-json\/wp\/v2\/product"}],"about":[{"href":"https:\/\/staging.nbg.eu\/ro\/wp-json\/wp\/v2\/types\/product"}],"wp:featuredmedia":[{"embeddable":true,"href":"https:\/\/staging.nbg.eu\/ro\/wp-json\/wp\/v2\/media\/27775"}],"wp:attachment":[{"href":"https:\/\/staging.nbg.eu\/ro\/wp-json\/wp\/v2\/media?parent=44674"}],"wp:term":[{"taxonomy":"product_brand","embeddable":true,"href":"https:\/\/staging.nbg.eu\/ro\/wp-json\/wp\/v2\/product_brand?post=44674"},{"taxonomy":"product_cat","embeddable":true,"href":"https:\/\/staging.nbg.eu\/ro\/wp-json\/wp\/v2\/product_cat?post=44674"},{"taxonomy":"product_tag","embeddable":true,"href":"https:\/\/staging.nbg.eu\/ro\/wp-json\/wp\/v2\/product_tag?post=44674"}],"curies":[{"name":"wp","href":"https:\/\/api.w.org\/{rel}","templated":true}]}}