{"id":44652,"date":"2024-08-18T09:37:34","date_gmt":"2024-09-10T09:03:13","guid":{"rendered":"https:\/\/staging.nbg.eu\/product\/flex-holster-spare-slide-lock-teeth-set\/"},"modified":"2024-09-10T09:04:03","modified_gmt":"2024-09-10T09:04:03","slug":"daa-tuburi-de-preluare-capsa-pachet-de-5-mic","status":"publish","type":"product","link":"https:\/\/staging.nbg.eu\/ro\/produs\/daa-tuburi-de-preluare-capsa-pachet-de-5-mic\/","title":{"rendered":"Daa Tuburi de Preluare Caps\u0103, Pachet de 5, Mic"},"content":{"rendered":"<div class=\"product-description\">\n<h2>Toc Flex &#8211; Set de rezerv\u0103 pentru din\u021bi de blocare cu glisare<\/h2>\n<p>\u00cembun\u0103t\u0103\u021bi\u021bi-v\u0103 tocul Flex cu acest set de \u00eenlocuire de din\u021bi ro\u0219ii de blocare cu glisare. Compatibil at\u00e2t cu blocurile de inser\u021bie de tip A, c\u00e2t \u0219i cu cele de tip B, acest kit include:<\/p>\n<ul>\n<li>Din\u021bi ro\u0219ii de blocare cu glisare<\/li>\n<li>Accesorii de asamblare (\u0219uruburi \u0219i piuli\u021be)<\/li>\n<\/ul>\n<p>Actualiza\u021bi sau \u00eenlocui\u021bi cu u\u0219urin\u021b\u0103 din\u021bii existen\u021bi pentru o performan\u021b\u0103 optim\u0103 \u0219i o fixare sigur\u0103.<\/p>\n<\/div>\n","protected":false},"excerpt":{"rendered":"<p>Din\u021bi ro\u0219ii de \u00eenlocuire cu sistem de blocare glisant\u0103 pentru tocul Flex, cu accesorii.<\/p>\n","protected":false},"featured_media":30508,"template":"","meta":{"_acf_changed":false},"product_brand":[11281],"product_cat":[12782,12749,12787],"product_tag":[],"class_list":{"0":"post-44652","1":"product","2":"type-product","3":"status-publish","4":"has-post-thumbnail","6":"product_brand-doublealpha","7":"product_cat-accesorii-toc","8":"product_cat-toc","9":"product_cat-toc-sport","11":"first","12":"instock","13":"taxable","14":"shipping-taxable","15":"purchasable","16":"product-type-simple"},"acf":[],"_links":{"self":[{"href":"https:\/\/staging.nbg.eu\/ro\/wp-json\/wp\/v2\/product\/44652","targetHints":{"allow":["GET"]}}],"collection":[{"href":"https:\/\/staging.nbg.eu\/ro\/wp-json\/wp\/v2\/product"}],"about":[{"href":"https:\/\/staging.nbg.eu\/ro\/wp-json\/wp\/v2\/types\/product"}],"wp:featuredmedia":[{"embeddable":true,"href":"https:\/\/staging.nbg.eu\/ro\/wp-json\/wp\/v2\/media\/30508"}],"wp:attachment":[{"href":"https:\/\/staging.nbg.eu\/ro\/wp-json\/wp\/v2\/media?parent=44652"}],"wp:term":[{"taxonomy":"product_brand","embeddable":true,"href":"https:\/\/staging.nbg.eu\/ro\/wp-json\/wp\/v2\/product_brand?post=44652"},{"taxonomy":"product_cat","embeddable":true,"href":"https:\/\/staging.nbg.eu\/ro\/wp-json\/wp\/v2\/product_cat?post=44652"},{"taxonomy":"product_tag","embeddable":true,"href":"https:\/\/staging.nbg.eu\/ro\/wp-json\/wp\/v2\/product_tag?post=44652"}],"curies":[{"name":"wp","href":"https:\/\/api.w.org\/{rel}","templated":true}]}}