{"id":44630,"date":"2024-08-18T09:37:54","date_gmt":"2024-08-18T09:37:54","guid":{"rendered":"https:\/\/staging.nbg.eu\/product\/daa-primer-pickup-tubes-5-pack-small\/"},"modified":"2024-09-10T08:59:06","modified_gmt":"2024-09-10T08:59:06","slug":"flex-alpha-x-racer-x-tija-cu-articulatie-sferica-extinsa","status":"publish","type":"product","link":"https:\/\/staging.nbg.eu\/ro\/produs\/flex-alpha-x-racer-x-tija-cu-articulatie-sferica-extinsa\/","title":{"rendered":"Flex \/ Alpha-X \/ Racer-X Tij\u0103 cu Articula\u021bie Sferic\u0103 Extins\u0103"},"content":{"rendered":"<div class=\"product-description\">\n<h2>Tuburi de ridicare a capselor DAA, pachet de 5, mici<\/h2>\n<p>\u00cembun\u0103t\u0103\u021bi\u021bi experien\u021ba de re\u00eenc\u0103rcare cu tuburile de ridicare a capselor DAA. Fabricate din aluminiu premium folosind unelte de extrudare personalizate, aceste tuburi ofer\u0103 o precizie \u0219i o finisare de neegalat. Finisajul anodizat ro\u0219u pentru capsele mici asigur\u0103 o identificare u\u0219oar\u0103 \u0219i adaug\u0103 un aspect elegant.<\/p>\n<ul>\n<li>Cap\u0103t ergonomic de ridicare cu o zon\u0103 mai larg\u0103 de sprijin pentru degete previne oboseala m\u00e2inii<\/li>\n<li>V\u00e2rf reproiectat cu din\u021bi dubli pentru o prindere sigur\u0103 a capsei<\/li>\n<li>Capete translucide pentru o vizibilitate u\u0219oar\u0103 a capselor<\/li>\n<li>Capete cu fixare ferm\u0103 previn deta\u0219area accidental\u0103<\/li>\n<li>\u0218anfrenare intern\u0103 \u0219i extern\u0103 consecvent\u0103 pentru o alimentare optim\u0103<\/li>\n<\/ul>\n<p>Experimenta\u021bi confortul \u0219i eficien\u021ba tuburilor de ridicare a capselor DAA \u00een procesul dumneavoastr\u0103 de re\u00eenc\u0103rcare. \u00cembun\u0103t\u0103\u021bi\u021bi-v\u0103 echipamentul ast\u0103zi!<\/p>\n<\/div>\n","protected":false},"excerpt":{"rendered":"<p>Tuburi de \u00eenc\u0103rcare DAA Primer: set de 5, mici, din aluminiu anodizat ro\u0219u, design ergonomic.<\/p>\n","protected":false},"featured_media":28051,"template":"","meta":{"_acf_changed":false},"product_brand":[11281],"product_cat":[12745,12791],"product_tag":[],"class_list":{"0":"post-44630","1":"product","2":"type-product","3":"status-publish","4":"has-post-thumbnail","6":"product_brand-doublealpha","7":"product_cat-accesorii-reincarcare","8":"product_cat-reincarcare","10":"first","11":"outofstock","12":"taxable","13":"shipping-taxable","14":"purchasable","15":"product-type-simple"},"acf":[],"_links":{"self":[{"href":"https:\/\/staging.nbg.eu\/ro\/wp-json\/wp\/v2\/product\/44630","targetHints":{"allow":["GET"]}}],"collection":[{"href":"https:\/\/staging.nbg.eu\/ro\/wp-json\/wp\/v2\/product"}],"about":[{"href":"https:\/\/staging.nbg.eu\/ro\/wp-json\/wp\/v2\/types\/product"}],"wp:featuredmedia":[{"embeddable":true,"href":"https:\/\/staging.nbg.eu\/ro\/wp-json\/wp\/v2\/media\/28051"}],"wp:attachment":[{"href":"https:\/\/staging.nbg.eu\/ro\/wp-json\/wp\/v2\/media?parent=44630"}],"wp:term":[{"taxonomy":"product_brand","embeddable":true,"href":"https:\/\/staging.nbg.eu\/ro\/wp-json\/wp\/v2\/product_brand?post=44630"},{"taxonomy":"product_cat","embeddable":true,"href":"https:\/\/staging.nbg.eu\/ro\/wp-json\/wp\/v2\/product_cat?post=44630"},{"taxonomy":"product_tag","embeddable":true,"href":"https:\/\/staging.nbg.eu\/ro\/wp-json\/wp\/v2\/product_tag?post=44630"}],"curies":[{"name":"wp","href":"https:\/\/api.w.org\/{rel}","templated":true}]}}