{"id":44608,"date":"2024-08-18T09:38:23","date_gmt":"2024-09-10T08:53:24","guid":{"rendered":"https:\/\/staging.nbg.eu\/product\/flex-alpha-x-racer-x-extended-ball-joint-rod\/"},"modified":"2024-09-10T08:54:10","modified_gmt":"2024-09-10T08:54:10","slug":"daa-primer-pro-colator-capsa-mica","status":"publish","type":"product","link":"https:\/\/staging.nbg.eu\/ro\/produs\/daa-primer-pro-colator-capsa-mica\/","title":{"rendered":"Daa Primer-Pro Colator Caps\u0103 Mic\u0103"},"content":{"rendered":"<p><strong>Tija cu articula\u021bie sferic\u0103 extins\u0103 Flex \/ Alpha-X \/ Racer-X<\/strong> este o solu\u021bie personalizat\u0103 pentru tr\u0103g\u0103torii care prefer\u0103 ca arma lor s\u0103 fie pozi\u021bionat\u0103 mai departe de corp sau centur\u0103. Acest accesoriu adaug\u0103 8mm lungime g\u00e2tului articula\u021biei sferice, oferind:<\/p>\n<ul>\n<li>Distan\u021b\u0103 m\u0103rit\u0103 \u00eentre toc \u0219i suport<\/li>\n<li>Ajustabilitate \u00eembun\u0103t\u0103\u021bit\u0103 pentru confort personal<\/li>\n<li>Mai mult\u0103 libertate \u00een unghiul \u0219i pozi\u021bionarea armei<\/li>\n<\/ul>\n<p>Ideal pentru tr\u0103g\u0103torii cu constitu\u021bii diferite sau preferin\u021be specifice de purtare, aceast\u0103 tij\u0103 ofer\u0103 echilibrul perfect \u00eentre accesibilitate \u0219i confort.<\/p>\n","protected":false},"excerpt":{"rendered":"<p>Extinde\u021bi distan\u021ba suportului cu o tij\u0103 personalizat\u0103 cu articula\u021bie sferic\u0103 de 8 mm.<\/p>\n","protected":false},"featured_media":28120,"template":"","meta":{"_acf_changed":false},"product_brand":[11281],"product_cat":[12782,12749,12787],"product_tag":[],"class_list":{"0":"post-44608","1":"product","2":"type-product","3":"status-publish","4":"has-post-thumbnail","6":"product_brand-doublealpha","7":"product_cat-accesorii-toc","8":"product_cat-toc","9":"product_cat-toc-sport","11":"first","12":"instock","13":"taxable","14":"shipping-taxable","15":"purchasable","16":"product-type-simple"},"acf":[],"_links":{"self":[{"href":"https:\/\/staging.nbg.eu\/ro\/wp-json\/wp\/v2\/product\/44608","targetHints":{"allow":["GET"]}}],"collection":[{"href":"https:\/\/staging.nbg.eu\/ro\/wp-json\/wp\/v2\/product"}],"about":[{"href":"https:\/\/staging.nbg.eu\/ro\/wp-json\/wp\/v2\/types\/product"}],"wp:featuredmedia":[{"embeddable":true,"href":"https:\/\/staging.nbg.eu\/ro\/wp-json\/wp\/v2\/media\/28120"}],"wp:attachment":[{"href":"https:\/\/staging.nbg.eu\/ro\/wp-json\/wp\/v2\/media?parent=44608"}],"wp:term":[{"taxonomy":"product_brand","embeddable":true,"href":"https:\/\/staging.nbg.eu\/ro\/wp-json\/wp\/v2\/product_brand?post=44608"},{"taxonomy":"product_cat","embeddable":true,"href":"https:\/\/staging.nbg.eu\/ro\/wp-json\/wp\/v2\/product_cat?post=44608"},{"taxonomy":"product_tag","embeddable":true,"href":"https:\/\/staging.nbg.eu\/ro\/wp-json\/wp\/v2\/product_tag?post=44608"}],"curies":[{"name":"wp","href":"https:\/\/api.w.org\/{rel}","templated":true}]}}