{"id":44578,"date":"2024-08-18T09:38:38","date_gmt":"2024-08-18T09:38:38","guid":{"rendered":"https:\/\/staging.nbg.eu\/product\/daa-primer-pro-collator-small-primer\/"},"modified":"2024-09-10T08:47:27","modified_gmt":"2024-09-10T08:47:27","slug":"alpha-xi-buzunar-fara-insertie","status":"publish","type":"product","link":"https:\/\/staging.nbg.eu\/ro\/produs\/alpha-xi-buzunar-fara-insertie\/","title":{"rendered":"Alpha-Xi Buzunar f\u0103r\u0103 Inser\u021bie"},"content":{"rendered":"<h2>Dispozitiv de Colectare a Capselor Mici Daa Primer-Pro<\/h2>\n<p>Revolu\u021bioneaz\u0103 procesul de re\u00eenc\u0103rcare cu PRIMER-PRO de la Double-Alpha! Acest dispozitiv inovator, cu patent \u00een curs de aprobare, ofer\u0103 o solu\u021bie unic\u0103 pentru manipularea capselor mici pentru pu\u0219c\u0103 \u0219i pistol.<\/p>\n<ul>\n<li>Design eficient de tip colector cu 20 de canale formate cu precizie<\/li>\n<li>Sistem fiabil de respingere care asigur\u0103 orientarea corect\u0103 a capselor<\/li>\n<li>Senzor optic care num\u0103r\u0103 capsele \u0219i se opre\u0219te la 100<\/li>\n<li>Prevenire inteligent\u0103 a blocajelor \u0219i rezolvare u\u0219oar\u0103 a problemelor<\/li>\n<li>Bra\u021b inovator de ac\u021bionare a ie\u0219irii pentru plasarea lin\u0103 a capselor<\/li>\n<li>Include un colier magnetic pentru tubul de capse Dillon<\/li>\n<li>Surs\u0103 de alimentare de 12V DC cu adaptoare pentru SUA\/UE \u0219i cablu de 2m<\/li>\n<\/ul>\n<p>Not\u0103: Tubul pentru capse nu este inclus. Coliere magnetice suplimentare sunt disponibile separat.<\/p>\n","protected":false},"excerpt":{"rendered":"<p>Dispozitiv eficient \u0219i fiabil pentru sortarea capselor mici, pentru o re\u00eenc\u0103rcare rapid\u0103.<\/p>\n","protected":false},"featured_media":28212,"template":"","meta":{"_acf_changed":false},"product_brand":[11281],"product_cat":[12763,12791],"product_tag":[],"class_list":{"0":"post-44578","1":"product","2":"type-product","3":"status-publish","4":"has-post-thumbnail","6":"product_brand-doublealpha","7":"product_cat-masini-de-reincarcare","8":"product_cat-reincarcare","10":"first","11":"outofstock","12":"taxable","13":"shipping-taxable","14":"purchasable","15":"product-type-simple"},"acf":[],"_links":{"self":[{"href":"https:\/\/staging.nbg.eu\/ro\/wp-json\/wp\/v2\/product\/44578","targetHints":{"allow":["GET"]}}],"collection":[{"href":"https:\/\/staging.nbg.eu\/ro\/wp-json\/wp\/v2\/product"}],"about":[{"href":"https:\/\/staging.nbg.eu\/ro\/wp-json\/wp\/v2\/types\/product"}],"wp:featuredmedia":[{"embeddable":true,"href":"https:\/\/staging.nbg.eu\/ro\/wp-json\/wp\/v2\/media\/28212"}],"wp:attachment":[{"href":"https:\/\/staging.nbg.eu\/ro\/wp-json\/wp\/v2\/media?parent=44578"}],"wp:term":[{"taxonomy":"product_brand","embeddable":true,"href":"https:\/\/staging.nbg.eu\/ro\/wp-json\/wp\/v2\/product_brand?post=44578"},{"taxonomy":"product_cat","embeddable":true,"href":"https:\/\/staging.nbg.eu\/ro\/wp-json\/wp\/v2\/product_cat?post=44578"},{"taxonomy":"product_tag","embeddable":true,"href":"https:\/\/staging.nbg.eu\/ro\/wp-json\/wp\/v2\/product_tag?post=44578"}],"curies":[{"name":"wp","href":"https:\/\/api.w.org\/{rel}","templated":true}]}}