{"id":44552,"date":"2024-08-18T09:38:53","date_gmt":"2024-08-18T09:38:53","guid":{"rendered":"https:\/\/staging.nbg.eu\/product\/alpha-xi-pouch-without-inlay\/"},"modified":"2024-09-10T08:39:57","modified_gmt":"2024-09-10T08:39:57","slug":"daa-pcc-buzunar-pentru-incarcator-tip-glock","status":"publish","type":"product","link":"https:\/\/staging.nbg.eu\/ro\/produs\/daa-pcc-buzunar-pentru-incarcator-tip-glock\/","title":{"rendered":"Daa Pcc Buzunar pentru \u00cenc\u0103rc\u0103tor &#8211; Tip Glock"},"content":{"rendered":"<h2>Toc Alpha-Xi F\u0103r\u0103 Inser\u021bie &#8211; Finisaj<\/h2>\n<p>V\u0103 prezent\u0103m Tocul pentru \u00cenc\u0103rc\u0103tor Alpha-Xi, un design revolu\u021bionar \u00een echipamentele tactice. Acest toc prezint\u0103:<\/p>\n<ul>\n<li>Durabilitate \u00eembun\u0103t\u0103\u021bit\u0103 cu un sistem de ata\u0219are cu \u0219urub cu cap lat personalizat<\/li>\n<li>8 puncte de conectare versatile pentru o pozi\u021bionare optim\u0103<\/li>\n<li>Trei op\u021biuni de \u00een\u0103l\u021bime pentru tr\u0103g\u0103tori dreptaci \u0219i st\u00e2ngaci<\/li>\n<li>Dou\u0103 op\u021biuni de \u00een\u0103l\u021bime pentru montarea cu gloan\u021bele \u00een afar\u0103<\/li>\n<li>Angrenaj cu loca\u0219 pentru o stabilitate de nezdruncinat<\/li>\n<\/ul>\n<p>Conexiunea \u00eembun\u0103t\u0103\u021bit\u0103 cu articula\u021bie sferic\u0103 a Alpha-Xi asigur\u0103 o rezisten\u021b\u0103 f\u0103r\u0103 precedent, chiar \u0219i \u00een condi\u021bii intense. Fie c\u0103 merge\u021bi culcat sau naviga\u021bi prin obstacole, acest toc face fa\u021b\u0103 provoc\u0103rii. Experimenta\u021bi urm\u0103torul nivel de transport al \u00eenc\u0103rc\u0103torului cu Tocul Alpha-Xi &#8211; durabilitate \u0219i flexibilitate redefinite.<\/p>\n<p><strong>Not\u0103:<\/strong> Aceast\u0103 versiune nu include o inser\u021bie.<\/p>\n","protected":false},"excerpt":{"rendered":"<p>Buzunar durabil pentru \u00eenc\u0103rc\u0103toare, cu prindere avansat\u0103 pe centur\u0103 prin articula\u021bie sferic\u0103.<\/p>\n","protected":false},"featured_media":28281,"template":"","meta":{"_acf_changed":false},"product_brand":[11281],"product_cat":[12762,12753,12738,12749,12787],"product_tag":[],"class_list":{"0":"post-44552","1":"product","2":"type-product","3":"status-publish","4":"has-post-thumbnail","6":"product_brand-doublealpha","7":"product_cat-echipament","8":"product_cat-genti-tactice","9":"product_cat-suporturi-pentru-incarcatoare","10":"product_cat-toc","11":"product_cat-toc-sport","13":"first","14":"instock","15":"taxable","16":"shipping-taxable","17":"purchasable","18":"product-type-simple"},"acf":[],"_links":{"self":[{"href":"https:\/\/staging.nbg.eu\/ro\/wp-json\/wp\/v2\/product\/44552","targetHints":{"allow":["GET"]}}],"collection":[{"href":"https:\/\/staging.nbg.eu\/ro\/wp-json\/wp\/v2\/product"}],"about":[{"href":"https:\/\/staging.nbg.eu\/ro\/wp-json\/wp\/v2\/types\/product"}],"wp:featuredmedia":[{"embeddable":true,"href":"https:\/\/staging.nbg.eu\/ro\/wp-json\/wp\/v2\/media\/28281"}],"wp:attachment":[{"href":"https:\/\/staging.nbg.eu\/ro\/wp-json\/wp\/v2\/media?parent=44552"}],"wp:term":[{"taxonomy":"product_brand","embeddable":true,"href":"https:\/\/staging.nbg.eu\/ro\/wp-json\/wp\/v2\/product_brand?post=44552"},{"taxonomy":"product_cat","embeddable":true,"href":"https:\/\/staging.nbg.eu\/ro\/wp-json\/wp\/v2\/product_cat?post=44552"},{"taxonomy":"product_tag","embeddable":true,"href":"https:\/\/staging.nbg.eu\/ro\/wp-json\/wp\/v2\/product_tag?post=44552"}],"curies":[{"name":"wp","href":"https:\/\/api.w.org\/{rel}","templated":true}]}}