{"id":44530,"date":"2024-08-18T09:39:07","date_gmt":"2024-08-18T09:39:07","guid":{"rendered":"https:\/\/staging.nbg.eu\/product\/daa-pcc-magzine-pouch-type-glock\/"},"modified":"2024-09-10T08:33:39","modified_gmt":"2024-09-10T08:33:39","slug":"granule-din-stiulete-de-porumb-4kg","status":"publish","type":"product","link":"https:\/\/staging.nbg.eu\/ro\/produs\/granule-din-stiulete-de-porumb-4kg\/","title":{"rendered":"Granule din \u0218tiulete de Porumb 4Kg"},"content":{"rendered":"<h2>Toc pentru \u00cenc\u0103rc\u0103toare DAA PCC &#8211; Tip Glock<\/h2>\n<p>\u00cembun\u0103t\u0103\u021bi\u021bi-v\u0103 jocul cu Carabina cu Calibru de Pistol (PCC) cu tocul pentru \u00eenc\u0103rc\u0103toare DAA PCC, conceput special pentru \u00eenc\u0103rc\u0103toarele Glock. Acest toc personalizat abordeaz\u0103 provoc\u0103rile unice ale competi\u021biilor IPSC \u0219i USPSA.<\/p>\n<ul>\n<li>Construc\u021bie durabil\u0103 din nylon ranforsat cu fibre<\/li>\n<li>Design extra-lung (12cm\/4.75&#8243;) pentru sus\u021binerea sigur\u0103 a \u00eenc\u0103rc\u0103toarelor de 40-50 de cartu\u0219e<\/li>\n<li>For\u021b\u0103 de reten\u021bie ajustabil\u0103 cu dou\u0103 \u0219uruburi<\/li>\n<li>Fereastr\u0103 de decupare frontal\u0103 pentru extrageri mai rapide<\/li>\n<li>Margine superioar\u0103 te\u0219it\u0103 pentru re\u00eenc\u0103rc\u0103ri mai rapide<\/li>\n<li>Design ambidextru cu multiple pozi\u021bii de \u00een\u0103l\u021bime<\/li>\n<li>Ata\u0219ament cu articula\u021bie sferic\u0103 mare pentru durabilitate<\/li>\n<li>\u021aine \u00eenc\u0103rc\u0103toarele cu gloan\u021bele \u00eendreptate \u00eenapoi pentru re\u00eenc\u0103rc\u0103ri cu &#8222;prindere cu pumnul&#8221;<\/li>\n<\/ul>\n<p>Optimiza\u021bi-v\u0103 performan\u021ba PCC cu acest toc pentru \u00eenc\u0103rc\u0103toare conceput special de Double-Alpha.<\/p>\n","protected":false},"excerpt":{"rendered":"<p>Suport pentru \u00eenc\u0103rc\u0103tor PCC pentru Glock: Potrivire personalizat\u0103, sigur, re\u00eenc\u0103rc\u0103ri rapide.<\/p>\n","protected":false},"featured_media":28419,"template":"","meta":{"_acf_changed":false},"product_brand":[11281],"product_cat":[12762,12753,12738,12787],"product_tag":[],"class_list":{"0":"post-44530","1":"product","2":"type-product","3":"status-publish","4":"has-post-thumbnail","6":"product_brand-doublealpha","7":"product_cat-echipament","8":"product_cat-genti-tactice","9":"product_cat-suporturi-pentru-incarcatoare","10":"product_cat-toc-sport","12":"first","13":"outofstock","14":"taxable","15":"shipping-taxable","16":"purchasable","17":"product-type-simple"},"acf":[],"_links":{"self":[{"href":"https:\/\/staging.nbg.eu\/ro\/wp-json\/wp\/v2\/product\/44530","targetHints":{"allow":["GET"]}}],"collection":[{"href":"https:\/\/staging.nbg.eu\/ro\/wp-json\/wp\/v2\/product"}],"about":[{"href":"https:\/\/staging.nbg.eu\/ro\/wp-json\/wp\/v2\/types\/product"}],"wp:featuredmedia":[{"embeddable":true,"href":"https:\/\/staging.nbg.eu\/ro\/wp-json\/wp\/v2\/media\/28419"}],"wp:attachment":[{"href":"https:\/\/staging.nbg.eu\/ro\/wp-json\/wp\/v2\/media?parent=44530"}],"wp:term":[{"taxonomy":"product_brand","embeddable":true,"href":"https:\/\/staging.nbg.eu\/ro\/wp-json\/wp\/v2\/product_brand?post=44530"},{"taxonomy":"product_cat","embeddable":true,"href":"https:\/\/staging.nbg.eu\/ro\/wp-json\/wp\/v2\/product_cat?post=44530"},{"taxonomy":"product_tag","embeddable":true,"href":"https:\/\/staging.nbg.eu\/ro\/wp-json\/wp\/v2\/product_tag?post=44530"}],"curies":[{"name":"wp","href":"https:\/\/api.w.org\/{rel}","templated":true}]}}