{"id":44507,"date":"2024-08-18T09:39:25","date_gmt":"2024-08-18T09:39:25","guid":{"rendered":"https:\/\/staging.nbg.eu\/product\/corn-cob-media-4kg\/"},"modified":"2024-09-10T08:26:34","modified_gmt":"2024-09-10T08:26:34","slug":"sordin-captuseli-din-gel-de-silicon-inlocuibile-pentru-urechi","status":"publish","type":"product","link":"https:\/\/staging.nbg.eu\/ro\/produs\/sordin-captuseli-din-gel-de-silicon-inlocuibile-pentru-urechi\/","title":{"rendered":"Sordin C\u0103ptu\u0219eli din Gel de Silicon \u00cenlocuibile pentru Urechi"},"content":{"rendered":"<h2>Granule de \u0218tiule\u021bi de Porumb 4Kg<\/h2>\n<p>Ridica\u021bi nivelul cur\u0103\u021b\u0103rii tuburilor de cartu\u0219e cu Granulele noastre premium de \u0218tiule\u021bi de Porumb de 4kg. Acest mediu de cur\u0103\u021bare de \u00eenalt\u0103 calitate este conceput pentru a:<\/p>\n<ul>\n<li>\u00cendep\u0103rta nisipul, murd\u0103ria \u0219i reziduurile de pulbere de pe tuburile de cartu\u0219e<\/li>\n<li>Aduce tuburile de cartu\u0219e la o str\u0103lucire frumoas\u0103<\/li>\n<li>Cur\u0103\u021ba chiar \u0219i cele mai mici recesuri ale marginilor tuburilor \u0219i ale buzunarelor de amorse<\/li>\n<\/ul>\n<p>Perfect pentru utilizare \u00een tumblere \u0219i vibratoare de dimensiuni mici \u0219i medii, granulele noastre de dimensiuni mici asigur\u0103 o cur\u0103\u021bare temeinic\u0103 a tuburilor de cartu\u0219e. Cantitatea de 4kg permite utiliz\u0103ri multiple, oferind o excelent\u0103 valoare pentru bani.<\/p>\n<p>De\u0219i acest mediu de cur\u0103\u021bare poate fi folosit \u00een mod repetat, recomand\u0103m \u00eenlocuirea periodic\u0103 pentru a men\u021bine rezultate optime de cur\u0103\u021bare. Investi\u021bi ast\u0103zi \u00een Granulele noastre de \u0218tiule\u021bi de Porumb \u0219i experimenta\u021bi diferen\u021ba \u00een procesul dumneavoastr\u0103 de re\u00eenc\u0103rcare!<\/p>\n","protected":false},"excerpt":{"rendered":"<p>Mediu de \u0219tiule\u021bi de porumb de 4 kg: Cur\u0103\u021b\u0103 \u0219i lustruie\u0219te tuburile de alam\u0103, reutilizabil.<\/p>\n","protected":false},"featured_media":28580,"template":"","meta":{"_acf_changed":false},"product_brand":[],"product_cat":[12789,12791],"product_tag":[],"class_list":{"0":"post-44507","1":"product","2":"type-product","3":"status-publish","4":"has-post-thumbnail","6":"product_cat-preparare-cartus","7":"product_cat-reincarcare","9":"first","10":"outofstock","11":"taxable","12":"shipping-taxable","13":"purchasable","14":"product-type-simple"},"acf":[],"_links":{"self":[{"href":"https:\/\/staging.nbg.eu\/ro\/wp-json\/wp\/v2\/product\/44507","targetHints":{"allow":["GET"]}}],"collection":[{"href":"https:\/\/staging.nbg.eu\/ro\/wp-json\/wp\/v2\/product"}],"about":[{"href":"https:\/\/staging.nbg.eu\/ro\/wp-json\/wp\/v2\/types\/product"}],"wp:featuredmedia":[{"embeddable":true,"href":"https:\/\/staging.nbg.eu\/ro\/wp-json\/wp\/v2\/media\/28580"}],"wp:attachment":[{"href":"https:\/\/staging.nbg.eu\/ro\/wp-json\/wp\/v2\/media?parent=44507"}],"wp:term":[{"taxonomy":"product_brand","embeddable":true,"href":"https:\/\/staging.nbg.eu\/ro\/wp-json\/wp\/v2\/product_brand?post=44507"},{"taxonomy":"product_cat","embeddable":true,"href":"https:\/\/staging.nbg.eu\/ro\/wp-json\/wp\/v2\/product_cat?post=44507"},{"taxonomy":"product_tag","embeddable":true,"href":"https:\/\/staging.nbg.eu\/ro\/wp-json\/wp\/v2\/product_tag?post=44507"}],"curies":[{"name":"wp","href":"https:\/\/api.w.org\/{rel}","templated":true}]}}