{"id":44485,"date":"2024-08-18T09:39:38","date_gmt":"2024-08-18T09:39:38","guid":{"rendered":"https:\/\/staging.nbg.eu\/product\/sordin-silicone-gel-replacement-ear-pads\/"},"modified":"2024-09-10T08:15:51","modified_gmt":"2024-09-10T08:15:51","slug":"flex-holster-insert-block","status":"publish","type":"product","link":"https:\/\/staging.nbg.eu\/ro\/produs\/flex-holster-insert-block\/","title":{"rendered":"Flex Holster Insert Block"},"content":{"rendered":"<div class=\"product-description\">\n<h2>Pernu\u021be de Urechi de \u00cenlocuire din Gel Siliconic Sordin<\/h2>\n<p>\u00cembun\u0103t\u0103\u021bi\u021bi-v\u0103 c\u0103\u0219tile de protec\u021bie Sordin cu Kitul nostru de \u00cenlocuire cu Gel Siliconic, care include:<\/p>\n<ul>\n<li>2 Pernu\u021be de Urechi din Gel Siliconic<\/li>\n<li>2 Perne de Izolare<\/li>\n<\/ul>\n<p>Experimenta\u021bi un confort superior \u0219i o protec\u021bie sonor\u0103 \u00eembun\u0103t\u0103\u021bit\u0103 cu aceste pernu\u021be inovatoare din gel care se muleaz\u0103 pe contururile capului dumneavoastr\u0103. Perfecte pentru utilizarea cu ochelari de tir, acestea se adapteaz\u0103 \u00een jurul bra\u021belor pentru o protec\u021bie \u0219i un confort \u00eembun\u0103t\u0103\u021bite.<\/p>\n<p>Compatibile cu toate modelele Sordin: Supreme Pro, Pro-X \u0219i Pro+3. U\u0219or de instalat, f\u0103r\u0103 a necesita modific\u0103ri.<\/p>\n<p>\u00cembun\u0103t\u0103\u021bi\u021bi igiena \u0219i performan\u021ba \u00eenlocuind periodic pernu\u021bele pentru urechi. \u00cencerca\u021bi aceste pernu\u021be din gel pentru a aprecia cu adev\u0103rat diferen\u021ba \u00een confort \u0219i izolare fonic\u0103.<\/p>\n<\/div>\n","protected":false},"excerpt":{"rendered":"<p>Pernu\u021be de urechi din gel siliconic pentru c\u0103\u0219tile Sordin. Confort \u00eembun\u0103t\u0103\u021bit \u0219i protec\u021bie sonor\u0103 mai bun\u0103.<\/p>\n","protected":false},"featured_media":28603,"template":"","meta":{"_acf_changed":false},"product_brand":[],"product_cat":[12762,12757],"product_tag":[],"class_list":{"0":"post-44485","1":"product","2":"type-product","3":"status-publish","4":"has-post-thumbnail","6":"product_cat-echipament","7":"product_cat-protectie-auditiva","9":"first","10":"outofstock","11":"taxable","12":"shipping-taxable","13":"purchasable","14":"product-type-simple"},"acf":[],"_links":{"self":[{"href":"https:\/\/staging.nbg.eu\/ro\/wp-json\/wp\/v2\/product\/44485","targetHints":{"allow":["GET"]}}],"collection":[{"href":"https:\/\/staging.nbg.eu\/ro\/wp-json\/wp\/v2\/product"}],"about":[{"href":"https:\/\/staging.nbg.eu\/ro\/wp-json\/wp\/v2\/types\/product"}],"wp:featuredmedia":[{"embeddable":true,"href":"https:\/\/staging.nbg.eu\/ro\/wp-json\/wp\/v2\/media\/28603"}],"wp:attachment":[{"href":"https:\/\/staging.nbg.eu\/ro\/wp-json\/wp\/v2\/media?parent=44485"}],"wp:term":[{"taxonomy":"product_brand","embeddable":true,"href":"https:\/\/staging.nbg.eu\/ro\/wp-json\/wp\/v2\/product_brand?post=44485"},{"taxonomy":"product_cat","embeddable":true,"href":"https:\/\/staging.nbg.eu\/ro\/wp-json\/wp\/v2\/product_cat?post=44485"},{"taxonomy":"product_tag","embeddable":true,"href":"https:\/\/staging.nbg.eu\/ro\/wp-json\/wp\/v2\/product_tag?post=44485"}],"curies":[{"name":"wp","href":"https:\/\/api.w.org\/{rel}","templated":true}]}}