{"id":44239,"date":"2024-08-18T19:27:11","date_gmt":"2024-09-10T07:41:54","guid":{"rendered":"https:\/\/staging.nbg.eu\/product\/flex-holster-lh-rh-aluminum-assembly\/"},"modified":"2024-09-10T07:42:47","modified_gmt":"2024-09-10T07:42:47","slug":"bore-tech-betisoare-de-bumbac-pachet-100","status":"publish","type":"product","link":"https:\/\/staging.nbg.eu\/ro\/produs\/bore-tech-betisoare-de-bumbac-pachet-100\/","title":{"rendered":"Bore Tech Betisoare de Bumbac &#8211; Pachet 100"},"content":{"rendered":"<h2>Toc Flex St\u00e2nga\/Dreapta Asamblare din Aluminiu<\/h2>\n<p>Tocul Flex este un toc premium, de nivel competitiv, proiectat pentru centuri de 1,5&#8243; l\u0103\u021bime, perfect compatibil cu centurile DAA LYNX \u0219i Premium. Caracteristicile cheie includ:<\/p>\n<ul>\n<li>Construc\u021bie complet prelucrat\u0103 CNC din aluminiu pentru rigiditate \u0219i durabilitate incomparabile<\/li>\n<li>Ag\u0103\u021b\u0103tor de centur\u0103 deta\u0219abil pentru c\u0103l\u0103torii \u0219i depozitare u\u0219oar\u0103<\/li>\n<li>Sistem inovativ de ajustare a \u00eenclin\u0103rii pentru confort personalizat<\/li>\n<li>Pern\u0103 pentru coaps\u0103 inclus\u0103 pentru stabilitate sporit\u0103<\/li>\n<\/ul>\n<p>Op\u021biunile unice de \u00eenclinare v\u0103 permit s\u0103 pozi\u021biona\u021bi tocul vertical sau la diverse unghiuri, asigur\u00e2nd confort optim indiferent de tipul corpului sau pozi\u021bia centurii. Experimenta\u021bi maximul \u00een personalizare \u0219i performan\u021b\u0103 cu Tocul Flex.<\/p>\n","protected":false},"excerpt":{"rendered":"<p>Toc durabil din aluminiu CNC cu \u00eenclinare reglabil\u0103 \u0219i ag\u0103\u021b\u0103toare deta\u0219abil\u0103.<\/p>\n","protected":false},"featured_media":28879,"template":"","meta":{"_acf_changed":false},"product_brand":[11281],"product_cat":[12782,12762,12749,12787],"product_tag":[],"class_list":{"0":"post-44239","1":"product","2":"type-product","3":"status-publish","4":"has-post-thumbnail","6":"product_brand-doublealpha","7":"product_cat-accesorii-toc","8":"product_cat-echipament","9":"product_cat-toc","10":"product_cat-toc-sport","12":"first","13":"instock","14":"taxable","15":"shipping-taxable","16":"purchasable","17":"product-type-variable","18":"wvs-archive-product-wrapper"},"acf":[],"_links":{"self":[{"href":"https:\/\/staging.nbg.eu\/ro\/wp-json\/wp\/v2\/product\/44239","targetHints":{"allow":["GET"]}}],"collection":[{"href":"https:\/\/staging.nbg.eu\/ro\/wp-json\/wp\/v2\/product"}],"about":[{"href":"https:\/\/staging.nbg.eu\/ro\/wp-json\/wp\/v2\/types\/product"}],"wp:featuredmedia":[{"embeddable":true,"href":"https:\/\/staging.nbg.eu\/ro\/wp-json\/wp\/v2\/media\/28879"}],"wp:attachment":[{"href":"https:\/\/staging.nbg.eu\/ro\/wp-json\/wp\/v2\/media?parent=44239"}],"wp:term":[{"taxonomy":"product_brand","embeddable":true,"href":"https:\/\/staging.nbg.eu\/ro\/wp-json\/wp\/v2\/product_brand?post=44239"},{"taxonomy":"product_cat","embeddable":true,"href":"https:\/\/staging.nbg.eu\/ro\/wp-json\/wp\/v2\/product_cat?post=44239"},{"taxonomy":"product_tag","embeddable":true,"href":"https:\/\/staging.nbg.eu\/ro\/wp-json\/wp\/v2\/product_tag?post=44239"}],"curies":[{"name":"wp","href":"https:\/\/api.w.org\/{rel}","templated":true}]}}