{"id":43292,"date":"2024-08-24T21:40:17","date_gmt":"2024-09-09T15:04:24","guid":{"rendered":"https:\/\/staging.nbg.eu\/product\/vanward-hunter\/"},"modified":"2024-09-09T15:06:08","modified_gmt":"2024-09-09T15:06:08","slug":"vanward-hunter-pro","status":"publish","type":"product","link":"https:\/\/staging.nbg.eu\/ro\/produs\/vanward-hunter-pro\/","title":{"rendered":"Vanward Hunter PRO"},"content":{"rendered":"<div class=\"product-description\">\n<h2>Vanward Hunter: Amortizor Avansat Imprimat 3D<\/h2>\n<p>Vanward Hunter reprezint\u0103 apogeul tehnologiei amortizoarelor, evoluat din renumita serie TE-Titan. Acest design de ultim\u0103 genera\u021bie ofer\u0103:<\/p>\n<ul>\n<li>Spa\u021biere optimizat\u0103 a deflectoarelor pentru o egalizare superioar\u0103 a presiunii<\/li>\n<li>Model exterior hexagonal pentru rigiditate sporit\u0103 \u0219i r\u0103cire eficient\u0103<\/li>\n<li>Ultra-u\u0219or, c\u00e2nt\u0103rind doar 258 grame*<\/li>\n<li>Reducere extrem\u0103 a zgomotului pentru performan\u021be de v\u00e2n\u0103toare optime<\/li>\n<li>Construc\u021bie dintr-o singur\u0103 bucat\u0103 din Titan de Grad 5 imprimat 3D<\/li>\n<li>Inser\u021bii filetate interschimbabile din o\u021bel inoxidabil<\/li>\n<li>Rezistent la coroziune \u0219i cu \u00eentre\u021binere redus\u0103<\/li>\n<li>Include inel de sus\u021binere POM pentru spa\u021biu optim fa\u021b\u0103 de \u021beav\u0103<\/li>\n<\/ul>\n<p>Disponibil \u00een calibrele .223, .264, .30 \u0219i .338, cu multiple op\u021biuni de filet pentru a se potrivi armei dumneavoastr\u0103.<\/p>\n<p>Experimenta\u021bi tehnologia de amortizare f\u0103r\u0103 egal, proiectat\u0103 cu contribu\u021bia tr\u0103g\u0103torilor \u0219i v\u00e2n\u0103torilor exper\u021bi. Vanward Hunter ofer\u0103 siguran\u021b\u0103, durabilitate \u0219i performan\u021b\u0103 maxim\u0103 \u00eentr-un pachet elegant \u0219i inovator.<\/p>\n<\/div>\n","protected":false},"excerpt":{"rendered":"<p>Amortizor de sunet din titan imprimat 3D: u\u0219or, durabil \u0219i eficient.<\/p>\n","protected":false},"featured_media":102019,"template":"","meta":{"_acf_changed":false},"product_brand":[11936],"product_cat":[12795,12730,12748],"product_tag":[],"class_list":{"0":"post-43292","1":"product","2":"type-product","3":"status-publish","4":"has-post-thumbnail","6":"product_brand-vanward","7":"product_cat-pusca","8":"product_cat-supresoare","9":"product_cat-supresoare-pentru-pusti","11":"first","12":"instock","13":"taxable","14":"shipping-taxable","15":"purchasable","16":"product-type-variable","17":"wvs-archive-product-wrapper"},"acf":[],"_links":{"self":[{"href":"https:\/\/staging.nbg.eu\/ro\/wp-json\/wp\/v2\/product\/43292","targetHints":{"allow":["GET"]}}],"collection":[{"href":"https:\/\/staging.nbg.eu\/ro\/wp-json\/wp\/v2\/product"}],"about":[{"href":"https:\/\/staging.nbg.eu\/ro\/wp-json\/wp\/v2\/types\/product"}],"wp:featuredmedia":[{"embeddable":true,"href":"https:\/\/staging.nbg.eu\/ro\/wp-json\/wp\/v2\/media\/102019"}],"wp:attachment":[{"href":"https:\/\/staging.nbg.eu\/ro\/wp-json\/wp\/v2\/media?parent=43292"}],"wp:term":[{"taxonomy":"product_brand","embeddable":true,"href":"https:\/\/staging.nbg.eu\/ro\/wp-json\/wp\/v2\/product_brand?post=43292"},{"taxonomy":"product_cat","embeddable":true,"href":"https:\/\/staging.nbg.eu\/ro\/wp-json\/wp\/v2\/product_cat?post=43292"},{"taxonomy":"product_tag","embeddable":true,"href":"https:\/\/staging.nbg.eu\/ro\/wp-json\/wp\/v2\/product_tag?post=43292"}],"curies":[{"name":"wp","href":"https:\/\/api.w.org\/{rel}","templated":true}]}}