{"id":414886,"date":"2025-07-03T13:21:56","date_gmt":"2025-07-03T10:21:56","guid":{"rendered":"https:\/\/staging.nbg.eu\/product\/grip-kmr-l-dotmatrix-ergo-orange\/"},"modified":"2025-07-03T13:23:37","modified_gmt":"2025-07-03T10:23:37","slug":"maner-kmr-s-dotmatrix-ergo-negru","status":"publish","type":"product","link":"https:\/\/staging.nbg.eu\/ro\/produs\/maner-kmr-s-dotmatrix-ergo-negru\/","title":{"rendered":"Maner KMR S DOTMATRIX ERGO NEGRU"},"content":{"rendered":"<div class=\"product-description\">\n<h2>M\u00e2ner KMR L DOTMATRIX ERGO PORTOCALIU<\/h2>\n<p>M\u00e2nerul KMR Precision Arms DOTMATRIX ERGO. Acest m\u00e2ner din aluminiu de dimensiune complet\u0103 include:<\/p>\n<ul>\n<li>Profil ergonomic pentru confort<\/li>\n<li>Culoare portocalie pentru vizibilitate<\/li>\n<li>Proiectat f\u0103r\u0103 magwell pentru versatilitate<\/li>\n<li>Conceput pentru performan\u021b\u0103<\/li>\n<\/ul>\n<p>Referin\u021b\u0103: 0611-04001-0105<\/p>\n<\/div>\n","protected":false},"excerpt":{"rendered":"<p>M\u00e2nere ergonomice din aluminiu cu umfl\u0103tur\u0103 pentru palm\u0103 pentru pistoale KMR.<\/p>\n","protected":false},"featured_media":359481,"template":"","meta":{"_acf_changed":false},"product_brand":[11498],"product_cat":[12747,12796],"product_tag":[],"class_list":{"0":"post-414886","1":"product","2":"type-product","3":"status-publish","4":"has-post-thumbnail","6":"product_brand-kmr-precision","7":"product_cat-piese-kmr","8":"product_cat-piese-pistol","10":"first","11":"instock","12":"taxable","13":"shipping-taxable","14":"purchasable","15":"product-type-simple"},"acf":[],"_links":{"self":[{"href":"https:\/\/staging.nbg.eu\/ro\/wp-json\/wp\/v2\/product\/414886","targetHints":{"allow":["GET"]}}],"collection":[{"href":"https:\/\/staging.nbg.eu\/ro\/wp-json\/wp\/v2\/product"}],"about":[{"href":"https:\/\/staging.nbg.eu\/ro\/wp-json\/wp\/v2\/types\/product"}],"wp:featuredmedia":[{"embeddable":true,"href":"https:\/\/staging.nbg.eu\/ro\/wp-json\/wp\/v2\/media\/359481"}],"wp:attachment":[{"href":"https:\/\/staging.nbg.eu\/ro\/wp-json\/wp\/v2\/media?parent=414886"}],"wp:term":[{"taxonomy":"product_brand","embeddable":true,"href":"https:\/\/staging.nbg.eu\/ro\/wp-json\/wp\/v2\/product_brand?post=414886"},{"taxonomy":"product_cat","embeddable":true,"href":"https:\/\/staging.nbg.eu\/ro\/wp-json\/wp\/v2\/product_cat?post=414886"},{"taxonomy":"product_tag","embeddable":true,"href":"https:\/\/staging.nbg.eu\/ro\/wp-json\/wp\/v2\/product_tag?post=414886"}],"curies":[{"name":"wp","href":"https:\/\/api.w.org\/{rel}","templated":true}]}}