{"id":414779,"date":"2025-05-14T22:52:38","date_gmt":"2025-05-14T19:52:38","guid":{"rendered":"https:\/\/staging.nbg.eu\/product\/grip-kmr-s-dotmatrix-ergo-black\/"},"modified":"2025-07-03T13:18:41","modified_gmt":"2025-07-03T10:18:41","slug":"manere-kmr-w-dotmatrix-negre","status":"publish","type":"product","link":"https:\/\/staging.nbg.eu\/ro\/produs\/manere-kmr-w-dotmatrix-negre\/","title":{"rendered":"MANERE KMR W DOTMATRIX NEGRE"},"content":{"rendered":"<div class=\"product-description\">\n<h2>M\u00e2ner KMR S DOTMATRIX ERGO NEGRU<\/h2>\n<p>M\u00e2nere din duraluminiu cu model tip minge de golf pentru prindere \u00eembun\u0103t\u0103\u021bit\u0103. Compatibile cu KMR S-01 LANCE (OR), KMR S-02 (p\u00e2n\u0103 \u00een 2023) \u0219i anumite modele CZ, inclusiv Shadow 1, Shadow 2 \u0219i SP-01.<\/p>\n<p>Referin\u021b\u0103: 0611-03001-0101<\/p>\n<p>Marc\u0103: KMR Precision Arms<\/p>\n<\/div>\n","protected":false},"excerpt":{"rendered":"<p>M\u00e2nere ergonomice din duraluminiu cu model de minge de golf pentru o priz\u0103 sigur\u0103. Se potrive\u0219te pistoalelor KMR \u0219i CZ.<\/p>\n","protected":false},"featured_media":359504,"template":"","meta":{"_acf_changed":false},"product_brand":[11498],"product_cat":[12747,12796],"product_tag":[],"class_list":{"0":"post-414779","1":"product","2":"type-product","3":"status-publish","4":"has-post-thumbnail","6":"product_brand-kmr-precision","7":"product_cat-piese-kmr","8":"product_cat-piese-pistol","10":"first","11":"instock","12":"taxable","13":"shipping-taxable","14":"purchasable","15":"product-type-simple"},"acf":[],"_links":{"self":[{"href":"https:\/\/staging.nbg.eu\/ro\/wp-json\/wp\/v2\/product\/414779","targetHints":{"allow":["GET"]}}],"collection":[{"href":"https:\/\/staging.nbg.eu\/ro\/wp-json\/wp\/v2\/product"}],"about":[{"href":"https:\/\/staging.nbg.eu\/ro\/wp-json\/wp\/v2\/types\/product"}],"wp:featuredmedia":[{"embeddable":true,"href":"https:\/\/staging.nbg.eu\/ro\/wp-json\/wp\/v2\/media\/359504"}],"wp:attachment":[{"href":"https:\/\/staging.nbg.eu\/ro\/wp-json\/wp\/v2\/media?parent=414779"}],"wp:term":[{"taxonomy":"product_brand","embeddable":true,"href":"https:\/\/staging.nbg.eu\/ro\/wp-json\/wp\/v2\/product_brand?post=414779"},{"taxonomy":"product_cat","embeddable":true,"href":"https:\/\/staging.nbg.eu\/ro\/wp-json\/wp\/v2\/product_cat?post=414779"},{"taxonomy":"product_tag","embeddable":true,"href":"https:\/\/staging.nbg.eu\/ro\/wp-json\/wp\/v2\/product_tag?post=414779"}],"curies":[{"name":"wp","href":"https:\/\/api.w.org\/{rel}","templated":true}]}}