{"id":414640,"date":"2025-07-03T12:34:36","date_gmt":"2025-07-03T09:34:36","guid":{"rendered":"https:\/\/staging.nbg.eu\/product\/grips-kmr-w-dotmatrix-black\/"},"modified":"2025-07-03T12:36:33","modified_gmt":"2025-07-03T09:36:33","slug":"manere-kmr-w-dotmatrix-ergo-negre","status":"publish","type":"product","link":"https:\/\/staging.nbg.eu\/ro\/produs\/manere-kmr-w-dotmatrix-ergo-negre\/","title":{"rendered":"MANERE KMR W DOTMATRIX ERGO NEGRE"},"content":{"rendered":"<div class=\"product-description\">\n<h2>M\u00c2NERE KMR W DOTMATRIX NEGRE<\/h2>\n<p>M\u00e2nere din duraluminiu pentru pistolul KMR. Modelul cu puncte ofer\u0103 textur\u0103 pentru prindere. Pentru modernizarea pistoalelor existente sau construirea armelor de competi\u021bie. Caracteristici:<\/p>\n<ul>\n<li>M\u0103rime lung\u0103<\/li>\n<li>Duraluminiu anodizat<\/li>\n<li>F\u0103r\u0103 ghidaj pentru \u00eenc\u0103rc\u0103tor<\/li>\n<li>Include \u0219uruburi torx<\/li>\n<li>Logo KMR<\/li>\n<\/ul>\n<p>Compatibil cu modelele KMR W-02 CUDA (p\u00e2n\u0103 \u00een 2023), UMBRA \u0219i UMBRA (OR).<\/p>\n<\/div>\n","protected":false},"excerpt":{"rendered":"<p>M\u00e2nere durabile din duraluminiu cu textur\u0103 de minge de golf pentru pistoale KMR.<\/p>\n","protected":false},"featured_media":359343,"template":"","meta":{"_acf_changed":false},"product_brand":[11498],"product_cat":[12747,12796],"product_tag":[],"class_list":{"0":"post-414640","1":"product","2":"type-product","3":"status-publish","4":"has-post-thumbnail","6":"product_brand-kmr-precision","7":"product_cat-piese-kmr","8":"product_cat-piese-pistol","10":"first","11":"instock","12":"taxable","13":"shipping-taxable","14":"purchasable","15":"product-type-simple"},"acf":[],"_links":{"self":[{"href":"https:\/\/staging.nbg.eu\/ro\/wp-json\/wp\/v2\/product\/414640","targetHints":{"allow":["GET"]}}],"collection":[{"href":"https:\/\/staging.nbg.eu\/ro\/wp-json\/wp\/v2\/product"}],"about":[{"href":"https:\/\/staging.nbg.eu\/ro\/wp-json\/wp\/v2\/types\/product"}],"wp:featuredmedia":[{"embeddable":true,"href":"https:\/\/staging.nbg.eu\/ro\/wp-json\/wp\/v2\/media\/359343"}],"wp:attachment":[{"href":"https:\/\/staging.nbg.eu\/ro\/wp-json\/wp\/v2\/media?parent=414640"}],"wp:term":[{"taxonomy":"product_brand","embeddable":true,"href":"https:\/\/staging.nbg.eu\/ro\/wp-json\/wp\/v2\/product_brand?post=414640"},{"taxonomy":"product_cat","embeddable":true,"href":"https:\/\/staging.nbg.eu\/ro\/wp-json\/wp\/v2\/product_cat?post=414640"},{"taxonomy":"product_tag","embeddable":true,"href":"https:\/\/staging.nbg.eu\/ro\/wp-json\/wp\/v2\/product_tag?post=414640"}],"curies":[{"name":"wp","href":"https:\/\/api.w.org\/{rel}","templated":true}]}}