{"id":414525,"date":"2025-07-03T12:09:24","date_gmt":"2025-07-03T09:09:24","guid":{"rendered":"https:\/\/staging.nbg.eu\/product\/grips-kmr-w-dotmatrix-ergo-black\/"},"modified":"2025-07-03T12:11:21","modified_gmt":"2025-07-03T09:11:21","slug":"manere-kmr-w-dotmatrix-ergo-portocalii","status":"publish","type":"product","link":"https:\/\/staging.nbg.eu\/ro\/produs\/manere-kmr-w-dotmatrix-ergo-portocalii\/","title":{"rendered":"MANERE KMR W DOTMATRIX ERGO PORTOCALII"},"content":{"rendered":"<div class=\"product-description\">\n<h2>M\u00c2NERE KMR W DOTMATRIX ERGO NEGRU<\/h2>\n<p>M\u00e2nere din duraluminiu pentru pistolul KMR cu model tip minge de golf pentru aderen\u021b\u0103. Potrivite pentru moderniz\u0103ri sau construc\u021bii de competi\u021bie. Compatibile cu modelele KMR W-02 CUDA (p\u00e2n\u0103 \u00een 2023), UMBRA \u0219i UMBRA (OR).<\/p>\n<p><strong>Referin\u021b\u0103:<\/strong> 0611-03305-0101<\/p>\n<p><strong>Marc\u0103:<\/strong> KMR Precision Arms<\/p>\n<\/div>\n","protected":false},"excerpt":{"rendered":"<p>M\u00e2nere durabile cu model de minge de golf pentru pistoale KMR.<\/p>\n","protected":false},"featured_media":359366,"template":"","meta":{"_acf_changed":false},"product_brand":[11498],"product_cat":[12747,12796],"product_tag":[],"class_list":{"0":"post-414525","1":"product","2":"type-product","3":"status-publish","4":"has-post-thumbnail","6":"product_brand-kmr-precision","7":"product_cat-piese-kmr","8":"product_cat-piese-pistol","10":"first","11":"instock","12":"taxable","13":"shipping-taxable","14":"purchasable","15":"product-type-simple"},"acf":[],"_links":{"self":[{"href":"https:\/\/staging.nbg.eu\/ro\/wp-json\/wp\/v2\/product\/414525","targetHints":{"allow":["GET"]}}],"collection":[{"href":"https:\/\/staging.nbg.eu\/ro\/wp-json\/wp\/v2\/product"}],"about":[{"href":"https:\/\/staging.nbg.eu\/ro\/wp-json\/wp\/v2\/types\/product"}],"wp:featuredmedia":[{"embeddable":true,"href":"https:\/\/staging.nbg.eu\/ro\/wp-json\/wp\/v2\/media\/359366"}],"wp:attachment":[{"href":"https:\/\/staging.nbg.eu\/ro\/wp-json\/wp\/v2\/media?parent=414525"}],"wp:term":[{"taxonomy":"product_brand","embeddable":true,"href":"https:\/\/staging.nbg.eu\/ro\/wp-json\/wp\/v2\/product_brand?post=414525"},{"taxonomy":"product_cat","embeddable":true,"href":"https:\/\/staging.nbg.eu\/ro\/wp-json\/wp\/v2\/product_cat?post=414525"},{"taxonomy":"product_tag","embeddable":true,"href":"https:\/\/staging.nbg.eu\/ro\/wp-json\/wp\/v2\/product_tag?post=414525"}],"curies":[{"name":"wp","href":"https:\/\/api.w.org\/{rel}","templated":true}]}}