{"id":41422,"date":"2024-08-26T13:29:45","date_gmt":"2024-09-09T14:57:51","guid":{"rendered":"https:\/\/staging.nbg.eu\/product\/vanward-hunter-pro\/"},"modified":"2024-09-09T14:59:33","modified_gmt":"2024-09-09T14:59:33","slug":"vanward-pasla","status":"publish","type":"product","link":"https:\/\/staging.nbg.eu\/ro\/produs\/vanward-pasla\/","title":{"rendered":"Vanward Pasla"},"content":{"rendered":"<div class=\"product-description\">\n<h2>Vanward Hunter PRO<\/h2>\n<p>Experimenta\u021bi performan\u021be superioare sub 300 de grame cu supresorul Vanward Hunter PRO. Prezent\u00e2nd un spa\u021biu optimizat \u00eentre deflectoare pentru o egalizare \u00eembun\u0103t\u0103\u021bit\u0103 a presiunii \u0219i un design exterior hexagonal robust, acest supresor ofer\u0103 siguran\u021b\u0103, rezisten\u021b\u0103 \u0219i eficien\u021b\u0103 de r\u0103cire \u00eembun\u0103t\u0103\u021bite.<\/p>\n<h2>Caracteristici cheie:<\/h2>\n<ul>\n<li>Imprimat 3D dintr-o singur\u0103 bucat\u0103 de Titan de gradul 5 pentru siguran\u021b\u0103 \u0219i performan\u021b\u0103 maxime<\/li>\n<li>Extrem de durabil \u0219i rezistent la coroziune<\/li>\n<li>Inser\u021bii filetate interschimbabile din o\u021bel inoxidabil<\/li>\n<li>Inel POM pentru o distan\u021b\u0103 optim\u0103 fa\u021b\u0103 de \u021beav\u0103<\/li>\n<li>Disponibil \u00een mai multe tipuri de filet: 1\/2*28&#8243;, 5\/8&#215;24&#8243; M14x1, M14x1.5, M15x1, M16x1, M18x1<\/li>\n<\/ul>\n<h2>Specifica\u021bii:<\/h2>\n<ul>\n<li>Diametru: 48mm<\/li>\n<li>Lungime: 220mm<\/li>\n<li>Greutate: 295 grame*<\/li>\n<\/ul>\n<p>Designul inovator \u0219i materialele superioare ale Vanward Hunter PRO \u00eel fac alegerea perfect\u0103 pentru v\u00e2n\u0103torii preten\u021bio\u0219i \u0219i entuzia\u0219tii de tir care cer ce e mai bun \u00een tehnologia supresoarelor.<\/p>\n<\/div>\n","protected":false},"excerpt":{"rendered":"<p>Supresor ultrau\u0219or din titan cu performan\u021b\u0103 optimizat\u0103.<\/p>\n","protected":false},"featured_media":102163,"template":"","meta":{"_acf_changed":false},"product_brand":[11936],"product_cat":[12795,12730,12748],"product_tag":[],"class_list":{"0":"post-41422","1":"product","2":"type-product","3":"status-publish","4":"has-post-thumbnail","6":"product_brand-vanward","7":"product_cat-pusca","8":"product_cat-supresoare","9":"product_cat-supresoare-pentru-pusti","11":"first","12":"instock","13":"taxable","14":"shipping-taxable","15":"purchasable","16":"product-type-variable","17":"wvs-archive-product-wrapper"},"acf":[],"_links":{"self":[{"href":"https:\/\/staging.nbg.eu\/ro\/wp-json\/wp\/v2\/product\/41422","targetHints":{"allow":["GET"]}}],"collection":[{"href":"https:\/\/staging.nbg.eu\/ro\/wp-json\/wp\/v2\/product"}],"about":[{"href":"https:\/\/staging.nbg.eu\/ro\/wp-json\/wp\/v2\/types\/product"}],"wp:featuredmedia":[{"embeddable":true,"href":"https:\/\/staging.nbg.eu\/ro\/wp-json\/wp\/v2\/media\/102163"}],"wp:attachment":[{"href":"https:\/\/staging.nbg.eu\/ro\/wp-json\/wp\/v2\/media?parent=41422"}],"wp:term":[{"taxonomy":"product_brand","embeddable":true,"href":"https:\/\/staging.nbg.eu\/ro\/wp-json\/wp\/v2\/product_brand?post=41422"},{"taxonomy":"product_cat","embeddable":true,"href":"https:\/\/staging.nbg.eu\/ro\/wp-json\/wp\/v2\/product_cat?post=41422"},{"taxonomy":"product_tag","embeddable":true,"href":"https:\/\/staging.nbg.eu\/ro\/wp-json\/wp\/v2\/product_tag?post=41422"}],"curies":[{"name":"wp","href":"https:\/\/api.w.org\/{rel}","templated":true}]}}