{"id":411783,"date":"2025-05-14T22:52:01","date_gmt":"2025-05-14T19:52:01","guid":{"rendered":"https:\/\/staging.nbg.eu\/product\/grips-kmr-w-dotmatrix-ergo-red\/"},"modified":"2025-07-01T17:35:44","modified_gmt":"2025-07-01T14:35:44","slug":"manere-kmr-w-dotmatrix-ergo-argintii","status":"publish","type":"product","link":"https:\/\/staging.nbg.eu\/ro\/produs\/manere-kmr-w-dotmatrix-ergo-argintii\/","title":{"rendered":"MANERE KMR W DOTMATRIX ERGO ARGINTII"},"content":{"rendered":"<div class=\"product-description\">\n<h2>M\u00c2NERE KMR W DOTMATRIX ERGO RO\u0218U<\/h2>\n<p>M\u00e2nere din duraluminiu pentru pistolul KMR cu model de minge de golf pentru aderen\u021b\u0103. Compatibile cu modelele KMR W-02 CUDA (p\u00e2n\u0103 \u00een 2023), UMBRA \u0219i UMBRA (OR).<\/p>\n<ul>\n<li>Referin\u021b\u0103: 0611-03305-0101<\/li>\n<li>Marc\u0103: KMR Precision Arms<\/li>\n<li>Material: Duraluminiu<\/li>\n<\/ul>\n<\/div>\n","protected":false},"excerpt":{"rendered":"<p>M\u00e2nere durabile \u0219i ergonomice pentru pistoale KMR. Priz\u0103 sigur\u0103.<\/p>\n","protected":false},"featured_media":359412,"template":"","meta":{"_acf_changed":false},"product_brand":[11498],"product_cat":[12747,12796],"product_tag":[],"class_list":{"0":"post-411783","1":"product","2":"type-product","3":"status-publish","4":"has-post-thumbnail","6":"product_brand-kmr-precision","7":"product_cat-piese-kmr","8":"product_cat-piese-pistol","10":"first","11":"outofstock","12":"taxable","13":"shipping-taxable","14":"purchasable","15":"product-type-simple"},"acf":[],"_links":{"self":[{"href":"https:\/\/staging.nbg.eu\/ro\/wp-json\/wp\/v2\/product\/411783","targetHints":{"allow":["GET"]}}],"collection":[{"href":"https:\/\/staging.nbg.eu\/ro\/wp-json\/wp\/v2\/product"}],"about":[{"href":"https:\/\/staging.nbg.eu\/ro\/wp-json\/wp\/v2\/types\/product"}],"wp:featuredmedia":[{"embeddable":true,"href":"https:\/\/staging.nbg.eu\/ro\/wp-json\/wp\/v2\/media\/359412"}],"wp:attachment":[{"href":"https:\/\/staging.nbg.eu\/ro\/wp-json\/wp\/v2\/media?parent=411783"}],"wp:term":[{"taxonomy":"product_brand","embeddable":true,"href":"https:\/\/staging.nbg.eu\/ro\/wp-json\/wp\/v2\/product_brand?post=411783"},{"taxonomy":"product_cat","embeddable":true,"href":"https:\/\/staging.nbg.eu\/ro\/wp-json\/wp\/v2\/product_cat?post=411783"},{"taxonomy":"product_tag","embeddable":true,"href":"https:\/\/staging.nbg.eu\/ro\/wp-json\/wp\/v2\/product_tag?post=411783"}],"curies":[{"name":"wp","href":"https:\/\/api.w.org\/{rel}","templated":true}]}}