{"id":411673,"date":"2025-07-01T17:25:48","date_gmt":"2025-07-01T14:25:48","guid":{"rendered":"https:\/\/staging.nbg.eu\/product\/grips-kmr-w-dotmatrix-ergo-silver\/"},"modified":"2025-07-01T17:27:44","modified_gmt":"2025-07-01T14:27:44","slug":"translation-output","status":"publish","type":"product","link":"https:\/\/staging.nbg.eu\/ro\/produs\/translation-output\/","title":{"rendered":"# TRANSLATION OUTPUT"},"content":{"rendered":"<div class=\"product-description\">\n<h2>M\u00c2NERE KMR W DOTMATRIX ERGO ARGINTII<\/h2>\n<p>M\u00e2nere din duraluminiu pentru pistolul KMR. Modelul cu puncte asigur\u0103 o prindere bun\u0103. Potrivite pentru \u00eembun\u0103t\u0103\u021biri sau construc\u021bii pentru competi\u021bii.<\/p>\n<ul>\n<li>Referin\u021b\u0103: 0611-03305-0101<\/li>\n<li>Marc\u0103: KMR Precision Arms<\/li>\n<li>Compatibil cu: modelele KMR W-02 CUDA, UMBRA \u0219i UMBRA (OR)<\/li>\n<\/ul>\n<\/div>\n","protected":false},"excerpt":{"rendered":"<p>M\u00e2nere ergonomice din duraluminiu cu model de minge de golf pentru pistoale KMR. Prindere sigur\u0103 \u00een orice situa\u021bie.<\/p>\n","protected":false},"featured_media":359435,"template":"","meta":{"_acf_changed":false},"product_brand":[11498],"product_cat":[12747,12796],"product_tag":[],"class_list":{"0":"post-411673","1":"product","2":"type-product","3":"status-publish","4":"has-post-thumbnail","6":"product_brand-kmr-precision","7":"product_cat-piese-kmr","8":"product_cat-piese-pistol","10":"first","11":"instock","12":"taxable","13":"shipping-taxable","14":"purchasable","15":"product-type-simple"},"acf":[],"_links":{"self":[{"href":"https:\/\/staging.nbg.eu\/ro\/wp-json\/wp\/v2\/product\/411673","targetHints":{"allow":["GET"]}}],"collection":[{"href":"https:\/\/staging.nbg.eu\/ro\/wp-json\/wp\/v2\/product"}],"about":[{"href":"https:\/\/staging.nbg.eu\/ro\/wp-json\/wp\/v2\/types\/product"}],"wp:featuredmedia":[{"embeddable":true,"href":"https:\/\/staging.nbg.eu\/ro\/wp-json\/wp\/v2\/media\/359435"}],"wp:attachment":[{"href":"https:\/\/staging.nbg.eu\/ro\/wp-json\/wp\/v2\/media?parent=411673"}],"wp:term":[{"taxonomy":"product_brand","embeddable":true,"href":"https:\/\/staging.nbg.eu\/ro\/wp-json\/wp\/v2\/product_brand?post=411673"},{"taxonomy":"product_cat","embeddable":true,"href":"https:\/\/staging.nbg.eu\/ro\/wp-json\/wp\/v2\/product_cat?post=411673"},{"taxonomy":"product_tag","embeddable":true,"href":"https:\/\/staging.nbg.eu\/ro\/wp-json\/wp\/v2\/product_tag?post=411673"}],"curies":[{"name":"wp","href":"https:\/\/api.w.org\/{rel}","templated":true}]}}