{"id":411346,"date":"2025-07-01T17:01:39","date_gmt":"2025-07-01T14:01:39","guid":{"rendered":"https:\/\/staging.nbg.eu\/product\/grips-kmr-w-modular-sandpaper-titan\/"},"modified":"2025-07-01T17:03:34","modified_gmt":"2025-07-01T14:03:34","slug":"maner-kmr-w-modular-sandpaper-titan","status":"publish","type":"product","link":"https:\/\/staging.nbg.eu\/ro\/produs\/maner-kmr-w-modular-sandpaper-titan\/","title":{"rendered":"MANER KMR W MODULAR SANDPAPER TITAN"},"content":{"rendered":"<h2>M\u00c2NER KMR W MODULAR \u0218MIRGHEL TITAN<\/h2>\n<p>M\u00e2nerul KMR W MODULAR \u0218MIRGHEL TITAN este un accesoriu pentru arme de foc. Este fabricat din duraluminiu anodizat \u0219i are o lungime extins\u0103. Este conceput pentru utilizare f\u0103r\u0103 ghidaj de \u00eenc\u0103rc\u0103tor. Pachetul include \u0219uruburi torx pentru instalare. M\u00e2nerul prezint\u0103 logo-ul KMR.<\/p>\n<p><strong>Referin\u021b\u0103:<\/strong> 0611-03304-0101<\/p>\n","protected":false},"excerpt":{"rendered":"<p>M\u00e2ner KMR lung \u0219i durabil. Duraluminiu anodizat.<\/p>\n","protected":false},"featured_media":359303,"template":"","meta":{"_acf_changed":false},"product_brand":[11498],"product_cat":[12747,12796],"product_tag":[],"class_list":{"0":"post-411346","1":"product","2":"type-product","3":"status-publish","4":"has-post-thumbnail","6":"product_brand-kmr-precision","7":"product_cat-piese-kmr","8":"product_cat-piese-pistol","10":"first","11":"instock","12":"taxable","13":"shipping-taxable","14":"purchasable","15":"product-type-simple"},"acf":[],"_links":{"self":[{"href":"https:\/\/staging.nbg.eu\/ro\/wp-json\/wp\/v2\/product\/411346","targetHints":{"allow":["GET"]}}],"collection":[{"href":"https:\/\/staging.nbg.eu\/ro\/wp-json\/wp\/v2\/product"}],"about":[{"href":"https:\/\/staging.nbg.eu\/ro\/wp-json\/wp\/v2\/types\/product"}],"wp:featuredmedia":[{"embeddable":true,"href":"https:\/\/staging.nbg.eu\/ro\/wp-json\/wp\/v2\/media\/359303"}],"wp:attachment":[{"href":"https:\/\/staging.nbg.eu\/ro\/wp-json\/wp\/v2\/media?parent=411346"}],"wp:term":[{"taxonomy":"product_brand","embeddable":true,"href":"https:\/\/staging.nbg.eu\/ro\/wp-json\/wp\/v2\/product_brand?post=411346"},{"taxonomy":"product_cat","embeddable":true,"href":"https:\/\/staging.nbg.eu\/ro\/wp-json\/wp\/v2\/product_cat?post=411346"},{"taxonomy":"product_tag","embeddable":true,"href":"https:\/\/staging.nbg.eu\/ro\/wp-json\/wp\/v2\/product_tag?post=411346"}],"curies":[{"name":"wp","href":"https:\/\/api.w.org\/{rel}","templated":true}]}}