{"id":411069,"date":"2025-07-01T16:47:09","date_gmt":"2025-07-01T13:47:09","guid":{"rendered":"https:\/\/staging.nbg.eu\/product\/surefire-ep7-bk-mpr-bulk-ear-plugs\/"},"modified":"2025-07-01T16:49:09","modified_gmt":"2025-07-01T13:49:09","slug":"dopuri-de-urechi-surefire-ep7-bk-mpr-bulk","status":"publish","type":"product","link":"https:\/\/staging.nbg.eu\/ro\/produs\/dopuri-de-urechi-surefire-ep7-bk-mpr-bulk\/","title":{"rendered":"Dopuri de Urechi Surefire EP7-BK-MPR-BULK"},"content":{"rendered":"<div class=\"product-description\">\n<h2>Dopuri pentru urechi Surefire EP7-BK-MPR-BULK<\/h2>\n<h2>Protec\u021bie auditiv\u0103 avansat\u0103<\/h2>\n<p>Dopurile pentru urechi Surefire EP7 Sonic Defenders Ultra ofer\u0103 protec\u021bie auditiv\u0103 f\u0103r\u0103 a compromite capacitatea de a auzi sunete importante. Cu un indice de reducere a zgomotului (NRR) de 28 dB, aceste dopuri protejeaz\u0103 eficient \u00eempotriva pierderii auzului induse de zgomot (NIHL).<\/p>\n<h3>Caracteristici principale:<\/h3>\n<ul>\n<li>Design cu v\u00e2rf din spum\u0103 brevetat cu v\u00e2rfuri moi din spum\u0103 cu memorie Comply\u2122<\/li>\n<li>Indice de reducere a zgomotului de 28 dB (NRR) cu capacele filtrului inserate<\/li>\n<li>Permite trecerea nivelurilor sonore sigure, reduc\u00e2nd zgomotele d\u0103un\u0103toare peste 85 dB<\/li>\n<li>Inele de reten\u021bie EarLock\u00ae cu \u0219apte puncte de contact pentru o potrivire sigur\u0103 \u0219i consistent\u0103<\/li>\n<li>Fabricat din polimer hipoalergenic de grad medical pentru confort \u0219i durabilitate<\/li>\n<li>Design cu profil redus compatibil cu m\u0103\u0219ti, c\u0103\u0219ti \u0219i c\u0103\u0219ti audio<\/li>\n<li>Capace de filtru ata\u0219abile pentru protec\u021bie suplimentar\u0103 \u00een medii cu zgomot ridicat<\/li>\n<li>Compatibil cu diverse sisteme de comunica\u021bii radio<\/li>\n<\/ul>\n<h3>Informa\u021bii suplimentare:<\/h3>\n<ul>\n<li>Disponibil \u00een transparent, negru sau portocaliu<\/li>\n<li>Include \u0219nur din polimer de 66 cm \u0219i o pereche suplimentar\u0103 de v\u00e2rfuri Comply\u2122<\/li>\n<li>M\u0103rimi: Mic (S), Mediu (M) \u0219i Mare (L)<\/li>\n<li>Declara\u021bia de conformitate disponibil\u0103 la surefire.com\/doc-ep7<\/li>\n<\/ul>\n<p>Proteja\u021bi-v\u0103 auzul f\u0103r\u0103 a sacrifica con\u0219tientizarea situa\u021bional\u0103. Dopurile pentru urechi Surefire EP7 Sonic Defenders Ultra sunt solu\u021bia pentru utilizare profesional\u0103 \u0219i recrea\u021bional\u0103, oferind confort, versatilitate \u0219i protec\u021bie auditiv\u0103.<\/p>\n<\/div>\n","protected":false},"excerpt":{"rendered":"<p>Dopuri de urechi protectoare cu NRR de 28dB. Permite sunete sigure. V\u00e2rfuri confortabile din spum\u0103.<\/p>\n","protected":false},"featured_media":399774,"template":"","meta":{"_acf_changed":false},"product_brand":[11877],"product_cat":[12762,12757],"product_tag":[],"class_list":{"0":"post-411069","1":"product","2":"type-product","3":"status-publish","4":"has-post-thumbnail","6":"product_brand-surefire","7":"product_cat-echipament","8":"product_cat-protectie-auditiva","10":"first","11":"instock","12":"taxable","13":"shipping-taxable","14":"purchasable","15":"product-type-simple"},"acf":[],"_links":{"self":[{"href":"https:\/\/staging.nbg.eu\/ro\/wp-json\/wp\/v2\/product\/411069","targetHints":{"allow":["GET"]}}],"collection":[{"href":"https:\/\/staging.nbg.eu\/ro\/wp-json\/wp\/v2\/product"}],"about":[{"href":"https:\/\/staging.nbg.eu\/ro\/wp-json\/wp\/v2\/types\/product"}],"wp:featuredmedia":[{"embeddable":true,"href":"https:\/\/staging.nbg.eu\/ro\/wp-json\/wp\/v2\/media\/399774"}],"wp:attachment":[{"href":"https:\/\/staging.nbg.eu\/ro\/wp-json\/wp\/v2\/media?parent=411069"}],"wp:term":[{"taxonomy":"product_brand","embeddable":true,"href":"https:\/\/staging.nbg.eu\/ro\/wp-json\/wp\/v2\/product_brand?post=411069"},{"taxonomy":"product_cat","embeddable":true,"href":"https:\/\/staging.nbg.eu\/ro\/wp-json\/wp\/v2\/product_cat?post=411069"},{"taxonomy":"product_tag","embeddable":true,"href":"https:\/\/staging.nbg.eu\/ro\/wp-json\/wp\/v2\/product_tag?post=411069"}],"curies":[{"name":"wp","href":"https:\/\/api.w.org\/{rel}","templated":true}]}}