{"id":410763,"date":"2025-07-01T16:31:27","date_gmt":"2025-07-01T13:31:27","guid":{"rendered":"https:\/\/staging.nbg.eu\/product\/surefire-csm-09-push-button-switch\/"},"modified":"2025-07-01T16:33:27","modified_gmt":"2025-07-01T13:33:27","slug":"intrerupator-cu-buton-surefire-csm-09","status":"publish","type":"product","link":"https:\/\/staging.nbg.eu\/ro\/produs\/intrerupator-cu-buton-surefire-csm-09\/","title":{"rendered":"Intrerupator cu Buton Surefire CSM-09"},"content":{"rendered":"<div class=\"product-description\">\n<h2>Comutator cu buton Surefire CSM-09<\/h2>\n<h2>Activare la distan\u021b\u0103. Economie de spa\u021biu.<\/h2>\n<p>Comutatorul cu buton CSM-09 este o solu\u021bie pentru activarea de la distan\u021b\u0103 a lanternei SureFire WeaponLight, maximiz\u00e2nd spa\u021biul pe \u0219ina armei. Acest comutator ofer\u0103 func\u021bii de activare momentan\u0103 \u0219i constant\u0103 dintr-un singur control.<\/p>\n<h3>Caracteristici principale:<\/h3>\n<ul>\n<li>Activare de la distan\u021b\u0103 pentru lanternele SureFire WeaponLights cu prize pentru comutator<\/li>\n<li>Design compact pentru utilizarea eficient\u0103 a spa\u021biului pe \u0219in\u0103<\/li>\n<li>Ata\u0219are u\u0219oar\u0103 pe \u0219ine M-LOK<\/li>\n<li>Construc\u021bie rezistent\u0103 la intemperii<\/li>\n<li>Cablu de 9 inch potrivit pentru majoritatea aplica\u021biilor pe pu\u0219c\u0103\/carabin\u0103<\/li>\n<\/ul>\n<h3>Compatibilitate:<\/h3>\n<p>CSM-09 este compatibil cu o gam\u0103 larg\u0103 de lanterne SureFire WeaponLights, inclusiv:<\/p>\n<ul>\n<li>Millennium Universal<\/li>\n<li>Classic Universal<\/li>\n<li>Scout Light (cu capac posterior cu priz\u0103)<\/li>\n<li>X300<\/li>\n<li>X400 (cu ansamblu capac posterior XT)<\/li>\n<\/ul>\n<h3>Operare:<\/h3>\n<p>Activa\u021bi lanterna WeaponLight:<\/p>\n<ul>\n<li>Ap\u0103sare u\u0219oar\u0103 pentru activare momentan\u0103<\/li>\n<li>Ap\u0103sare complet\u0103 pentru mod constant<\/li>\n<\/ul>\n<p>Comutatorul cu buton CSM-09 asigur\u0103 c\u0103 lanterna WeaponLight este gata c\u00e2nd ave\u021bi nevoie de ea. Este durabil \u0219i precis pentru nevoile de iluminare tactic\u0103.<\/p>\n<\/div>\n","protected":false},"excerpt":{"rendered":"<p>Comutator la distan\u021b\u0103 compact M-LOK pentru lanternele SureFire WeaponLights. Func\u021bionare momentan\u0103 \u0219i continu\u0103.<\/p>\n","protected":false},"featured_media":399899,"template":"","meta":{"_acf_changed":false},"product_brand":[11877],"product_cat":[12810,12786],"product_tag":[],"class_list":{"0":"post-410763","1":"product","2":"type-product","3":"status-publish","4":"has-post-thumbnail","6":"product_brand-surefire","7":"product_cat-accesorii-lanterna","8":"product_cat-lanterne","10":"first","11":"instock","12":"taxable","13":"shipping-taxable","14":"purchasable","15":"product-type-simple"},"acf":[],"_links":{"self":[{"href":"https:\/\/staging.nbg.eu\/ro\/wp-json\/wp\/v2\/product\/410763","targetHints":{"allow":["GET"]}}],"collection":[{"href":"https:\/\/staging.nbg.eu\/ro\/wp-json\/wp\/v2\/product"}],"about":[{"href":"https:\/\/staging.nbg.eu\/ro\/wp-json\/wp\/v2\/types\/product"}],"wp:featuredmedia":[{"embeddable":true,"href":"https:\/\/staging.nbg.eu\/ro\/wp-json\/wp\/v2\/media\/399899"}],"wp:attachment":[{"href":"https:\/\/staging.nbg.eu\/ro\/wp-json\/wp\/v2\/media?parent=410763"}],"wp:term":[{"taxonomy":"product_brand","embeddable":true,"href":"https:\/\/staging.nbg.eu\/ro\/wp-json\/wp\/v2\/product_brand?post=410763"},{"taxonomy":"product_cat","embeddable":true,"href":"https:\/\/staging.nbg.eu\/ro\/wp-json\/wp\/v2\/product_cat?post=410763"},{"taxonomy":"product_tag","embeddable":true,"href":"https:\/\/staging.nbg.eu\/ro\/wp-json\/wp\/v2\/product_tag?post=410763"}],"curies":[{"name":"wp","href":"https:\/\/api.w.org\/{rel}","templated":true}]}}