{"id":409688,"date":"2025-07-01T13:41:29","date_gmt":"2025-07-01T10:41:29","guid":{"rendered":"https:\/\/staging.nbg.eu\/product\/surefire-m340v-tn-pro-scout-light-pro\/"},"modified":"2025-07-01T13:43:31","modified_gmt":"2025-07-01T10:43:31","slug":"lanterna-tactica-surefire-m340v-tn-pro-scout-light-pro","status":"publish","type":"product","link":"https:\/\/staging.nbg.eu\/ro\/produs\/lanterna-tactica-surefire-m340v-tn-pro-scout-light-pro\/","title":{"rendered":"Lanterna Tactica Surefire M340V-TN-PRO Scout Light Pro"},"content":{"rendered":"<h2>Surefire M340V-TN-PRO Scout Light Pro<\/h2>\n<h2>Func\u021bioneaz\u0103 \u00een \u00eentuneric<\/h2>\n<p>Mini Infrared Scout Light\u00ae Pro este o lantern\u0103 pentru arm\u0103 de 3 vol\u021bi, conceput\u0103 pentru a oferi avantaje \u00een orice condi\u021bii de iluminare. Acest instrument de iluminare ofer\u0103:<\/p>\n<ul>\n<li>250 lumeni de lumin\u0103 alb\u0103<\/li>\n<li>100 mW de iluminare infraro\u0219u invizibil\u0103 pentru dispozitive de vedere nocturn\u0103<\/li>\n<li>Nu necesit\u0103 filtre IR sau l\u0103mpi de rezerv\u0103<\/li>\n<li>Noul sistem de montare Low-Profile Mount (LPM) de la SureFire pentru versatilitate<\/li>\n<li>Comutare u\u0219oar\u0103 \u00eentre modurile de lumin\u0103 alb\u0103, dezactivare \u0219i infraro\u0219u<\/li>\n<li>Lentil\u0103 TIR pentru o raz\u0103 concentrat\u0103 potrivit\u0103 pentru aplica\u021bii la distan\u021b\u0103 mic\u0103 \u0219i medie<\/li>\n<\/ul>\n<h3>Construc\u021bie robust\u0103<\/h3>\n<p>Construit pentru a rezista condi\u021biilor dificile, M340V-TN-PRO include:<\/p>\n<ul>\n<li>Corp din aluminiu aerospa\u021bial de \u00eenalt\u0103 rezisten\u021b\u0103<\/li>\n<li>Anodizare dur\u0103 conform standardelor militare pentru durabilitate \u0219i rezisten\u021b\u0103 la coroziune<\/li>\n<li>LED-uri IR \u0219i albe foarte rezistente<\/li>\n<li>Clasificare de rezisten\u021b\u0103 la ap\u0103 IPX7<\/li>\n<\/ul>\n<h3>Specifica\u021bii principale<\/h3>\n<ul>\n<li>Putere: 250 lumeni (alb) \/ 100 mW (IR)<\/li>\n<li>Durat\u0103 de func\u021bionare: 1,5 ore (alb) \/ 6,0 ore (IR)<\/li>\n<li>Intensitatea maxim\u0103 a fasciculului: 9.300 candela<\/li>\n<li>Distan\u021ba fasciculului: 190 metri<\/li>\n<li>Lungime: 4,1 inci (10,4 cm)<\/li>\n<li>Greutate: 3,4 oz (96,4 g) cu baterie<\/li>\n<li>Alimentare: O baterie cu litiu 123A (inclus\u0103)<\/li>\n<\/ul>\n<p>Surefire M340V-TN-PRO Scout Light Pro ofer\u0103 versatilitate \u0219i performan\u021b\u0103 \u00een situa\u021bii tactice cu lumin\u0103 redus\u0103.<\/p>\n","protected":false},"excerpt":{"rendered":"<p>Lantern\u0103 tactic\u0103 versatil\u0103 cu 250 lumeni albi\/100mW IR, design robust, montabil\u0103 pe \u0219in\u0103.<\/p>\n","protected":false},"featured_media":400325,"template":"","meta":{"_acf_changed":false},"product_brand":[11877],"product_cat":[12786],"product_tag":[],"class_list":{"0":"post-409688","1":"product","2":"type-product","3":"status-publish","4":"has-post-thumbnail","6":"product_brand-surefire","7":"product_cat-lanterne","9":"first","10":"instock","11":"taxable","12":"shipping-taxable","13":"purchasable","14":"product-type-simple"},"acf":[],"_links":{"self":[{"href":"https:\/\/staging.nbg.eu\/ro\/wp-json\/wp\/v2\/product\/409688","targetHints":{"allow":["GET"]}}],"collection":[{"href":"https:\/\/staging.nbg.eu\/ro\/wp-json\/wp\/v2\/product"}],"about":[{"href":"https:\/\/staging.nbg.eu\/ro\/wp-json\/wp\/v2\/types\/product"}],"wp:featuredmedia":[{"embeddable":true,"href":"https:\/\/staging.nbg.eu\/ro\/wp-json\/wp\/v2\/media\/400325"}],"wp:attachment":[{"href":"https:\/\/staging.nbg.eu\/ro\/wp-json\/wp\/v2\/media?parent=409688"}],"wp:term":[{"taxonomy":"product_brand","embeddable":true,"href":"https:\/\/staging.nbg.eu\/ro\/wp-json\/wp\/v2\/product_brand?post=409688"},{"taxonomy":"product_cat","embeddable":true,"href":"https:\/\/staging.nbg.eu\/ro\/wp-json\/wp\/v2\/product_cat?post=409688"},{"taxonomy":"product_tag","embeddable":true,"href":"https:\/\/staging.nbg.eu\/ro\/wp-json\/wp\/v2\/product_tag?post=409688"}],"curies":[{"name":"wp","href":"https:\/\/api.w.org\/{rel}","templated":true}]}}