{"id":405875,"date":"2025-06-30T21:20:18","date_gmt":"2025-06-30T18:20:18","guid":{"rendered":"https:\/\/staging.nbg.eu\/product\/surefire-scout-infrared-light-m640v-pro-tan\/"},"modified":"2025-06-30T21:21:46","modified_gmt":"2025-06-30T18:21:46","slug":"lumina-infrarosu-surefire-scout-m640v-pro-tan","status":"publish","type":"product","link":"https:\/\/staging.nbg.eu\/ro\/produs\/lumina-infrarosu-surefire-scout-m640v-pro-tan\/","title":{"rendered":"Lumina Infrarosu Surefire Scout &#8211; M640V PRO &#8211; Tan"},"content":{"rendered":"<h2>Lumin\u0103 infraro\u0219ie SureFire Scout &#8211; M640V PRO &#8211; Culoare tan<\/h2>\n<p>M640V PRO Scout este o lumin\u0103 infraro\u0219ie pentru arme. Aceasta include:<\/p>\n<ul>\n<li>350 lumeni de lumin\u0103 alb\u0103 \u0219i 120 mW de putere IR<\/li>\n<li>Montur\u0103 nou\u0103 cu profil redus pentru pozi\u021bionare pe \u0219ine MIL-STD-1913 sau M-LOK<\/li>\n<li>Lentil\u0103 TIR pentru fascicul cu raz\u0103 lung\u0103 \u0219i lumin\u0103 ambiental\u0103<\/li>\n<li>Comutare \u00eentre modurile alb \u0219i IR<\/li>\n<li>Construc\u021bie din aluminiu aerospa\u021bial cu finisaj anodizat conform Mil-Spec<\/li>\n<li>Rezisten\u021b\u0103 la ap\u0103 IPX7<\/li>\n<li>Comutator cu buton la cap\u0103tul posterior pentru activare<\/li>\n<\/ul>\n<p>Cu o durat\u0103 de func\u021bionare de 2,5 ore la intensitate maxim\u0103 \u0219i o distan\u021b\u0103 a fasciculului de 214 metri, M640V PRO este potrivit pentru opera\u021biuni la distan\u021b\u0103 medie \u0219i lung\u0103.<\/p>\n","protected":false},"excerpt":{"rendered":"<p>Lantern\u0103 versatil\u0103 IR\/alb\u0103 pentru arm\u0103 cu 350 lumeni \u0219i o putere de ie\u0219ire IR de 120 mW.<\/p>\n","protected":false},"featured_media":353029,"template":"","meta":{"_acf_changed":false},"product_brand":[11877],"product_cat":[12786,12754],"product_tag":[],"class_list":{"0":"post-405875","1":"product","2":"type-product","3":"status-publish","4":"has-post-thumbnail","6":"product_brand-surefire","7":"product_cat-lanterne","8":"product_cat-lanterne-edc","10":"first","11":"instock","12":"taxable","13":"shipping-taxable","14":"purchasable","15":"product-type-simple"},"acf":[],"_links":{"self":[{"href":"https:\/\/staging.nbg.eu\/ro\/wp-json\/wp\/v2\/product\/405875","targetHints":{"allow":["GET"]}}],"collection":[{"href":"https:\/\/staging.nbg.eu\/ro\/wp-json\/wp\/v2\/product"}],"about":[{"href":"https:\/\/staging.nbg.eu\/ro\/wp-json\/wp\/v2\/types\/product"}],"wp:featuredmedia":[{"embeddable":true,"href":"https:\/\/staging.nbg.eu\/ro\/wp-json\/wp\/v2\/media\/353029"}],"wp:attachment":[{"href":"https:\/\/staging.nbg.eu\/ro\/wp-json\/wp\/v2\/media?parent=405875"}],"wp:term":[{"taxonomy":"product_brand","embeddable":true,"href":"https:\/\/staging.nbg.eu\/ro\/wp-json\/wp\/v2\/product_brand?post=405875"},{"taxonomy":"product_cat","embeddable":true,"href":"https:\/\/staging.nbg.eu\/ro\/wp-json\/wp\/v2\/product_cat?post=405875"},{"taxonomy":"product_tag","embeddable":true,"href":"https:\/\/staging.nbg.eu\/ro\/wp-json\/wp\/v2\/product_tag?post=405875"}],"curies":[{"name":"wp","href":"https:\/\/api.w.org\/{rel}","templated":true}]}}