{"id":405767,"date":"2025-06-30T21:15:04","date_gmt":"2025-06-30T18:15:04","guid":{"rendered":"https:\/\/staging.nbg.eu\/product\/surefire-plr-b-edc-flashlight-stiletto-pro\/"},"modified":"2025-06-30T21:16:31","modified_gmt":"2025-06-30T18:16:31","slug":"lanterna-edc-surefire-plr-b-stiletto-pro","status":"publish","type":"product","link":"https:\/\/staging.nbg.eu\/ro\/produs\/lanterna-edc-surefire-plr-b-stiletto-pro\/","title":{"rendered":"Lanterna EDC Surefire PLR-B &#8211; Stiletto Pro"},"content":{"rendered":"<h2>Lantern\u0103 EDC Surefire PLR-B &#8211; Stiletto Pro<\/h2>\n<p>Stiletto Pro este o lantern\u0103 compact\u0103 pentru uz zilnic. Aceasta produce 1.000 de lumeni de lumin\u0103 LED alb\u0103 folosind reflectorul MaxVision Beam\u00ae al SureFire.<\/p>\n<ul>\n<li>Trei set\u0103ri programabile: 1.000 lumeni (ridicat), 300 lumeni (mediu) \u0219i 25 lumeni (sc\u0103zut)<\/li>\n<li>Corp din aluminiu aerospa\u021bial sub\u021bire pentru ascundere u\u0219oar\u0103 \u0219i durabilitate maxim\u0103<\/li>\n<li>Finisaj anodizat conform standardului militar cu rezisten\u021b\u0103 la ap\u0103 IPX7<\/li>\n<li>Comutator tactil pentru ie\u0219ire ridicat\u0103 instantanee \u0219i stroboscop op\u021bional<\/li>\n<li>Baterie litiu-polimer re\u00eenc\u0103rcabil\u0103 USB-C integrat\u0103<\/li>\n<li>Indicator LED pentru urm\u0103rirea u\u0219oar\u0103 a st\u0103rii bateriei<\/li>\n<li>Clem\u0103 de buzunar reversibil\u0103 din o\u021bel cu arc acoperit cu Melonite\u00ae<\/li>\n<\/ul>\n<p>Cu o lungime de 11,43 cm \u0219i o greutate de 113 grame, Stiletto Pro se potrive\u0219te \u00een orice buzunar oferind iluminare de nivel profesional. Surefire Stiletto Pro este o lantern\u0103 compact\u0103 cu performan\u021be ridicate.<\/p>\n","protected":false},"excerpt":{"rendered":"<p>Lantern\u0103 EDC compact\u0103 \u0219i puternic\u0103 de 1000 de lumeni, cu tehnologia MaxVision Beam\u00ae.<\/p>\n","protected":false},"featured_media":352673,"template":"","meta":{"_acf_changed":false},"product_brand":[11877],"product_cat":[12785,12786,12754],"product_tag":[],"class_list":{"0":"post-405767","1":"product","2":"type-product","3":"status-publish","4":"has-post-thumbnail","6":"product_brand-surefire","7":"product_cat-edc","8":"product_cat-lanterne","9":"product_cat-lanterne-edc","11":"first","12":"instock","13":"taxable","14":"shipping-taxable","15":"purchasable","16":"product-type-simple"},"acf":[],"_links":{"self":[{"href":"https:\/\/staging.nbg.eu\/ro\/wp-json\/wp\/v2\/product\/405767","targetHints":{"allow":["GET"]}}],"collection":[{"href":"https:\/\/staging.nbg.eu\/ro\/wp-json\/wp\/v2\/product"}],"about":[{"href":"https:\/\/staging.nbg.eu\/ro\/wp-json\/wp\/v2\/types\/product"}],"wp:featuredmedia":[{"embeddable":true,"href":"https:\/\/staging.nbg.eu\/ro\/wp-json\/wp\/v2\/media\/352673"}],"wp:attachment":[{"href":"https:\/\/staging.nbg.eu\/ro\/wp-json\/wp\/v2\/media?parent=405767"}],"wp:term":[{"taxonomy":"product_brand","embeddable":true,"href":"https:\/\/staging.nbg.eu\/ro\/wp-json\/wp\/v2\/product_brand?post=405767"},{"taxonomy":"product_cat","embeddable":true,"href":"https:\/\/staging.nbg.eu\/ro\/wp-json\/wp\/v2\/product_cat?post=405767"},{"taxonomy":"product_tag","embeddable":true,"href":"https:\/\/staging.nbg.eu\/ro\/wp-json\/wp\/v2\/product_tag?post=405767"}],"curies":[{"name":"wp","href":"https:\/\/api.w.org\/{rel}","templated":true}]}}