{"id":405608,"date":"2025-05-05T23:43:01","date_gmt":"2025-05-05T20:43:01","guid":{"rendered":"https:\/\/staging.nbg.eu\/product\/surefire-plr-c-edc-flashlight-stiletto-pro-ii\/"},"modified":"2025-06-30T20:04:02","modified_gmt":"2025-06-30T17:04:02","slug":"lanterna-edc-surefire-plr-c-stiletto-pro-ii","status":"publish","type":"product","link":"https:\/\/staging.nbg.eu\/ro\/produs\/lanterna-edc-surefire-plr-c-stiletto-pro-ii\/","title":{"rendered":"Lanterna EDC Surefire PLR-C &#8211; Stiletto Pro II"},"content":{"rendered":"<h2>Lantern\u0103 EDC Surefire PLR-C &#8211; Stiletto Pro II<\/h2>\n<p>Stiletto Pro II este o lantern\u0103 pentru uz zilnic. Acest dispozitiv combin\u0103 un profil sub\u021bire cu performan\u021b\u0103, oferind p\u00e2n\u0103 la 1.500 lumeni de lumin\u0103 cu fascicul hibrid care ajunge la 375 de metri.<\/p>\n<ul>\n<li>Optica dual\u0103 ofer\u0103 35.000 de candela pentru iluminare la distan\u021b\u0103 lung\u0103<\/li>\n<li>Trei set\u0103ri programabile: Ridicat (1.500 lumeni), Mediu (500 lumeni) \u0219i Sc\u0103zut (25 lumeni)<\/li>\n<li>Corp din aluminiu aerospa\u021bial pentru durabilitate \u0219i ascundere u\u0219oar\u0103<\/li>\n<li>Comutator tactic la coad\u0103 cu stroboscop op\u021bional de frecven\u021b\u0103 \u00eenalt\u0103<\/li>\n<li>Baterie litiu-polimer re\u00eenc\u0103rcabil\u0103 USB-C integrat\u0103<\/li>\n<li>Indicator LED pentru urm\u0103rirea u\u0219oar\u0103 a st\u0103rii bateriei<\/li>\n<li>Clem\u0103 de buzunar reversibil\u0103 din o\u021bel cu arc acoperit cu Melonite<\/li>\n<li>Rezisten\u021b\u0103 la ap\u0103 IPX7 p\u00e2n\u0103 la 1 metru timp de 30 de minute<\/li>\n<\/ul>\n<p>Stiletto Pro II este util pentru navigarea pe str\u0103zi \u00eentunecate sau pentru aventuri \u00een aer liber. Designul s\u0103u versatil \u0219i performan\u021ba \u00eel fac potrivit pentru for\u021bele de ordine, personalul militar \u0219i utilizatorii obi\u0219nui\u021bi.<\/p>\n","protected":false},"excerpt":{"rendered":"<p>Lantern\u0103 EDC sub\u021bire \u0219i puternic\u0103, cu 1.500 de lumeni \u0219i fascicul cu raz\u0103 lung\u0103 de ac\u021biune.<\/p>\n","protected":false},"featured_media":352349,"template":"","meta":{"_acf_changed":false},"product_brand":[11877],"product_cat":[12785,12786,12754],"product_tag":[],"class_list":{"0":"post-405608","1":"product","2":"type-product","3":"status-publish","4":"has-post-thumbnail","6":"product_brand-surefire","7":"product_cat-edc","8":"product_cat-lanterne","9":"product_cat-lanterne-edc","11":"first","12":"outofstock","13":"taxable","14":"shipping-taxable","15":"purchasable","16":"product-type-simple"},"acf":[],"_links":{"self":[{"href":"https:\/\/staging.nbg.eu\/ro\/wp-json\/wp\/v2\/product\/405608","targetHints":{"allow":["GET"]}}],"collection":[{"href":"https:\/\/staging.nbg.eu\/ro\/wp-json\/wp\/v2\/product"}],"about":[{"href":"https:\/\/staging.nbg.eu\/ro\/wp-json\/wp\/v2\/types\/product"}],"wp:featuredmedia":[{"embeddable":true,"href":"https:\/\/staging.nbg.eu\/ro\/wp-json\/wp\/v2\/media\/352349"}],"wp:attachment":[{"href":"https:\/\/staging.nbg.eu\/ro\/wp-json\/wp\/v2\/media?parent=405608"}],"wp:term":[{"taxonomy":"product_brand","embeddable":true,"href":"https:\/\/staging.nbg.eu\/ro\/wp-json\/wp\/v2\/product_brand?post=405608"},{"taxonomy":"product_cat","embeddable":true,"href":"https:\/\/staging.nbg.eu\/ro\/wp-json\/wp\/v2\/product_cat?post=405608"},{"taxonomy":"product_tag","embeddable":true,"href":"https:\/\/staging.nbg.eu\/ro\/wp-json\/wp\/v2\/product_tag?post=405608"}],"curies":[{"name":"wp","href":"https:\/\/api.w.org\/{rel}","templated":true}]}}